{"id":5706,"date":"2024-08-12T00:42:48","date_gmt":"2024-08-11T22:42:48","guid":{"rendered":"https:\/\/gassin.eu\/dichiarazione-di-accessibilita\/"},"modified":"2025-07-11T12:19:18","modified_gmt":"2025-07-11T10:19:18","slug":"dichiarazione-di-accessibilita","status":"publish","type":"page","link":"https:\/\/gassin.eu\/it\/dichiarazione-di-accessibilita\/","title":{"rendered":"Dichiarazione di accessibilit\u00e0"},"content":{"rendered":"\n<div class=\"wp-block-group is-layout-constrained wp-block-group-is-layout-constrained\">\n<p class=\"wp-block-paragraph\">L&#8217;Ufficio del Turismo di Gassin si impegna a rendere accessibile il proprio sito web ai sensi dell&#8217;articolo 47 della legge n. 2005-102 dell&#8217;11 febbraio 2005.<\/p>\n\n\n\n<p class=\"wp-block-paragraph\">Questa dichiarazione di accessibilit\u00e0 si applica al sito web <a href=\"https:\/\/gassin.eu\">https:\/\/gassin.eu.<\/a><\/p>\n\n\n\n<h2 class=\"wp-block-heading\">Stato di conformit\u00e0<\/h2>\n\n\n\n<p class=\"wp-block-paragraph\">Il sito web <a href=\"https:\/\/gassin.eu\">https:\/\/gassin.eu<\/a> \u00e8 parzialmente conforme agli Standard Generali di Accessibilit\u00e0 (RGAA), versione 4.1.2, a causa delle non conformit\u00e0 e delle deroghe elencate di seguito.<\/p>\n\n\n\n<h2 class=\"wp-block-heading\">Risultati del test<\/h2>\n\n\n\n<p class=\"wp-block-paragraph\">La verifica dell&#8217;accessibilit\u00e0 effettuata l&#8217;8 luglio 2025 su un campione rappresentativo di 10 pagine rivela che :<\/p>\n\n\n\n<ul class=\"wp-block-list\">\n<li>L&#8217;87% dei criteri RGAA versione 4.1.2 sono soddisfatti;<\/li>\n\n\n\n<li>A titolo informativo, il tasso medio di conformit\u00e0 del sito \u00e8 del 94%;<\/li>\n<\/ul>\n\n\n\n<h3 class=\"wp-block-heading\">Controllo della conformit\u00e0 delle pagine del sito<\/h3>\n\n\n\n<figure class=\"wp-block-table is-style-regular\"><table><thead><tr><th><strong>Nome<\/strong><\/th><th><strong>Url<\/strong><\/th><th><strong>Elementi significativi<\/strong><\/th><\/tr><\/thead><tbody><tr><td>Casa<\/td><td><a href=\"https:\/\/gassin.eu\/\">https:\/\/gassin.eu\/<\/a><\/td><td>Pagina obbligatoria<\/td><\/tr><tr><td>Contatto<\/td><td><a href=\"https:\/\/gassin.eu\/it\/informazioni-utili\/contact\/\">https:\/\/gassin.eu\/fr\/informations-pratiques\/contact\/<\/a><\/td><td>Pagina obbligatoria<\/td><\/tr><tr><td>Informazioni legali<\/td><td><a href=\"https:\/\/gassin.eu\/it\/informazioni-legali\/\">https:\/\/gassin.eu\/fr\/mentions-legales\/<\/a><\/td><td>Pagina obbligatoria<\/td><\/tr><tr><td>Accessibilit\u00e0<\/td><td><a href=\"https:\/\/gassin.eu\/it\/dichiarazione-di-accessibilita\/\">https:\/\/gassin.eu\/fr\/accessibilite\/<\/a><\/td><td>Pagina obbligatoria<\/td><\/tr><tr><td>Ricerca<\/td><td><a href=\"https:\/\/gassin.eu\/it\/ricerca\/\">https:\/\/gassin.eu\/fr\/search\/<\/a><\/td><td>Pagina di ricerca e pagina dei risultati della ricerca<\/td><\/tr><tr><td>Eventi<\/td><td><a href=\"https:\/\/gassin.eu\/it\/eventi\/\">https:\/\/gassin.eu\/fr\/animations\/<\/a><\/td><td>Pagina degli eventi<\/td><\/tr><tr><td>Evento<\/td><td><a href=\"https:\/\/gassin.eu\/fr\/animation\/culture\/gassin\/commemoration-de-l-appel-du-18juin-5828500\/\">https:\/\/gassin.eu\/fr\/animation\/culture\/gassin\/commemoration-de-l-appel-du-18juin-5828500\/<\/a><\/td><td>Pagina dell&#8217;evento<\/td><\/tr><tr><td>Cosa fare a Gassin<\/td><td><a href=\"https:\/\/gassin.eu\/it\/informazioni-utili\/cosa-fare-a-gassin\/\">https:\/\/gassin.eu\/fr\/informations-pratiques\/quoi-faire-a-gassin\/<\/a><\/td><td>Pagina editoriale<\/td><\/tr><tr><td>Arrivare a Gassin<\/td><td><a href=\"https:\/\/gassin.eu\/it\/informazioni-utili\/accesso-a-gassin\/\">https:\/\/gassin.eu\/fr\/informations-pratiques\/acces-a-gassin\/<\/a><\/td><td>Pagina di accesso<\/td><\/tr><tr><td>Documentazione<\/td><td><a href=\"https:\/\/gassin.eu\/it\/informazioni-utili\/documentazione\/\">https:\/\/gassin.eu\/fr\/informations-pratiques\/documentation\/<\/a><\/td><td>Pagina di download della documentazione<\/td><\/tr><\/tbody><\/table><\/figure>\n\n\n\n<h3 class=\"wp-block-heading\">Ambiente di test e strumenti per la valutazione dell&#8217;accessibilit\u00e0<\/h3>\n\n\n\n<ul class=\"wp-block-list\">\n<li>Test manuale basato su RGAA 4.1.2 (criteri e test)<\/li>\n\n\n\n<li>Motore di rendering: Blink, Gecko  <\/li>\n\n\n\n<li>Strumenti di analisi: Chrome versione 137, Firefox versione 140, Web Developer versione 3.0.1 (estensione), Color Contrast Analyzer versione 3.5.4  <\/li>\n\n\n\n<li>Lettori di schermo: NVDA versione 2024.4.2, JAWS 2025.2505.43<\/li>\n<\/ul>\n\n\n\n<h3 class=\"wp-block-heading\">Contenuto non accessibile<\/h3>\n\n\n\n<p class=\"wp-block-paragraph\">Nonostante i nostri sforzi, alcuni contenuti non sono accessibili:<\/p>\n\n\n\n<ul class=\"wp-block-list\">\n<li>Il menu principale \u00e8 invisibile quando gli script sono disattivati.<\/li>\n\n\n\n<li>I documenti disponibili per il download non sono conformi ai criteri di accessibilit\u00e0.<\/li>\n\n\n\n<li>Alcune immagini informative non hanno testi alternativi al contenuto visivo, oppure sono irrilevanti o troppo lunghi.<\/li>\n\n\n\n<li>Alcuni link non contrassegnati contengono testo in una lingua diversa da quella principale della pagina.<\/li>\n\n\n\n<li>Il contatore degli articoli del carrello non visualizza il numero di articoli nel testo accessibile e non indica gli aggiornamenti dinamici delle tecnologie di assistenza.<\/li>\n<\/ul>\n\n\n\n<h3 class=\"wp-block-heading\">Esenzioni per oneri sproporzionati<\/h3>\n\n\n\n<ul class=\"wp-block-list\">\n<li>Alcune vecchie pubblicazioni in PDF non saranno rese accessibili a causa della loro et\u00e0 e del loro costo sproporzionato.<\/li>\n<\/ul>\n\n\n\n<h3 class=\"wp-block-heading\">Contenuti non soggetti all&#8217;obbligo di accessibilit\u00e0<\/h3>\n\n\n\n<ul class=\"wp-block-list\">\n<li>Contenuti di terze parti non finanziati n\u00e9 sviluppati dall&#8217;organizzazione interessata e che non sono sotto il suo controllo (quadro online, player di Youtube, cartografia).<\/li>\n\n\n\n<li>File disponibili in formati di office automation pubblicati prima del 23 settembre 2018, a meno che non siano necessari per il completamento di un procedimento amministrativo che rientra nell&#8217;ambito dei compiti svolti dall&#8217;organizzazione interessata.<\/li>\n\n\n\n<li>Contenuti audio e video preregistrati, compresi quelli con componenti interattive, pubblicati prima del 23 settembre 2020.<\/li>\n<\/ul>\n\n\n\n<h2 class=\"wp-block-heading\">Preparazione della presente dichiarazione<\/h2>\n\n\n\n<p class=\"wp-block-paragraph\">Questa dichiarazione \u00e8 stata redatta l&#8217;8 luglio 2025, sulla base di un audit completo effettuato da un fornitore di servizi esterno.<\/p>\n\n\n\n<h2 class=\"wp-block-heading\">Feedback e contatti<\/h2>\n\n\n\n<p class=\"wp-block-paragraph\">Se non riuscite ad accedere ai contenuti o se notate una mancanza di accessibilit\u00e0, potete contattare il gestore del sito web per essere indirizzati verso un&#8217;alternativa accessibile o per ottenere i contenuti in un&#8217;altra forma.<\/p>\n\n\n\n<p class=\"wp-block-paragraph\"><a href=\"https:\/\/gassin.eu\/it\/informazioni-utili\/contact\/\" data-type=\"page\" data-id=\"222\">Invia un messaggio<\/a><\/p>\n\n\n\n<h2 class=\"wp-block-heading\">Vie di ricorso<\/h2>\n\n\n\n<p class=\"wp-block-paragraph\">Se notate una mancanza di accessibilit\u00e0 che vi impedisce di accedere a un contenuto o a una funzionalit\u00e0 del sito, e ce lo segnalate senza riuscire a ottenere una risposta da parte nostra, avete il diritto di inviare i vostri reclami o una richiesta di rinvio al Difensore dei diritti.<\/p>\n\n\n\n<p class=\"wp-block-paragraph\">Ci sono diversi modi per farlo:<\/p>\n\n\n\n<ul class=\"wp-block-list\">\n<li>Scrivete un messaggio al D\u00e9fenseur des droits<a href=\"https:\/\/formulaire.defenseurdesdroits.fr\/\">(form.defenseurdesdroits.fr<\/a>)<\/li>\n\n\n\n<li>Contattare il delegato locale del D\u00e9fenseur des droits<a href=\"https:\/\/defenseurdesdroits.fr\/saisir\/delegues\">(defenseurdesdroits.fr\/saisir\/delegues<\/a>).<\/li>\n\n\n\n<li>Inviate una lettera per posta (gratuita, senza francobolli):<\/li>\n<\/ul>\n\n\n\n<p class=\"wp-block-paragraph\">D\u00e9fenseur des droits<br\/>Risposta gratuita 71120<br\/>75342 Paris CEDEX 07<\/p>\n<\/div>\n","protected":false},"excerpt":{"rendered":"<p>L&#8217;Ufficio del Turismo di Gassin si impegna a rendere accessibile il proprio sito web ai sensi dell&#8217;articolo 47 della legge n. 2005-102 dell&#8217;11 febbraio 2005. Questa dichiarazione di accessibilit\u00e0 si applica al sito web https:\/\/gassin.eu. Stato di conformit\u00e0 Il sito web https:\/\/gassin.eu \u00e8 parzialmente conforme agli Standard Generali di Accessibilit\u00e0 (RGAA), versione 4.1.2, a causa&#8230;<\/p>\n","protected":false},"author":6,"featured_media":0,"parent":0,"menu_order":156,"comment_status":"closed","ping_status":"closed","template":"","meta":{"_acf_changed":false,"_crdt_document":"","footnotes":""},"class_list":["post-5706","page","type-page","status-publish","hentry"],"acf":[],"_links":{"self":[{"href":"https:\/\/gassin.eu\/it\/wp-json\/wp\/v2\/pages\/5706","targetHints":{"allow":["GET"]}}],"collection":[{"href":"https:\/\/gassin.eu\/it\/wp-json\/wp\/v2\/pages"}],"about":[{"href":"https:\/\/gassin.eu\/it\/wp-json\/wp\/v2\/types\/page"}],"author":[{"embeddable":true,"href":"https:\/\/gassin.eu\/it\/wp-json\/wp\/v2\/users\/6"}],"replies":[{"embeddable":true,"href":"https:\/\/gassin.eu\/it\/wp-json\/wp\/v2\/comments?post=5706"}],"version-history":[{"count":1,"href":"https:\/\/gassin.eu\/it\/wp-json\/wp\/v2\/pages\/5706\/revisions"}],"predecessor-version":[{"id":5707,"href":"https:\/\/gassin.eu\/it\/wp-json\/wp\/v2\/pages\/5706\/revisions\/5707"}],"wp:attachment":[{"href":"https:\/\/gassin.eu\/it\/wp-json\/wp\/v2\/media?parent=5706"}],"curies":[{"name":"wp","href":"https:\/\/api.w.org\/{rel}","templated":true}]}}