{"id":7313,"date":"2020-10-07T10:34:20","date_gmt":"2020-10-07T08:34:20","guid":{"rendered":"https:\/\/gassin.eu\/informazioni-utili\/negozio-e-biglietteria\/"},"modified":"2026-05-05T14:36:31","modified_gmt":"2026-05-05T12:36:31","slug":"negozio-e-biglietteria","status":"publish","type":"page","link":"https:\/\/gassin.eu\/it\/informazioni-utili\/negozio-e-biglietteria\/","title":{"rendered":"Negozio e biglietteria"},"content":{"rendered":"\n<div class=\"wp-block-cover\"><img loading=\"lazy\" decoding=\"async\" width=\"1024\" height=\"1024\" class=\"wp-block-cover__image-background wp-image-6093\" alt=\"\" src=\"https:\/\/gassin.eu\/wp-content\/uploads\/2025\/07\/20250623_102540-1-1024x1024.jpg\" data-object-fit=\"cover\"\/><span aria-hidden=\"true\" class=\"wp-block-cover__background has-background-dim\"><\/span><div class=\"wp-block-cover__inner-container is-layout-flow wp-block-cover-is-layout-flow\">\n<p class=\"has-text-align-center has-large-font-size wp-block-paragraph\"><\/p>\n<\/div><\/div>\n\n<div class=\"wp-block-group alignwide is-nowrap is-layout-flex wp-container-core-group-is-layout-0defc3be wp-block-group-is-layout-flex\">\n<div class=\"wp-block-group is-layout-flow wp-block-group-is-layout-flow\">\n<p class=\"wp-block-paragraph\">Il negozio dell&#8217;Ufficio del Turismo offre una serie di prodotti souvenir in vendita direttamente o per corrispondenza. Uno spazio \u00e8 riservato ai prodotti in vendita. <\/p>\n\n\n\n<p class=\"wp-block-paragraph\"><strong>Il negozio dell&#8217;Ufficio del Turismo presenta i prodotti locali di Gassin<\/strong><br\/>Nell&#8217;ambito della promozione del patrimonio locale, l&#8217;Ufficio del Turismo ha allestito uno spazio di vendita interamente dedicato ai prodotti locali. Qui troverete una raffinata selezione di vini, marmellate fatte in casa, mieli locali, oli d&#8217;oliva e confezioni regalo gi\u00e0 pronte. Ogni prodotto riflette l&#8217;autentico know-how dei produttori di Gassin, con l&#8217;obiettivo di promuovere le ricchezze gastronomiche e artigianali della regione.  <\/p>\n\n\n\n<h4 class=\"wp-block-heading\">Elenco dei prodotti del negozio dell&#8217;ufficio turistico<\/h4>\n\n\n\n<ul class=\"wp-block-list\">\n<li>Guida Flammarion 2024 <em>Les Plus Beaux Villages de France<\/em> 18,9\u20ac ;<\/li>\n\n\n\n<li>Mappa Michelin dei pi\u00f9 bei villaggi di Francia 7.5\u20ac ;<\/li>\n\n\n\n<li>Mappa IGN 13,4\u20ac ;<\/li>\n\n\n\n<li>Monnaie de Paris de Gassin \u20ac3 ;<\/li>\n\n\n\n<li>Libro su <em>Gassin<\/em> di Guy Leduc 8\u20ac ;<\/li>\n\n\n\n<li>Videopoche &#8216;&#8221;Argento&#8221; di Gassin 18\u20ac ;<\/li>\n\n\n\n<li>Vide poche &#8216;&#8221;Classique&#8221; di Gassin 8,5\u20ac ;<\/li>\n\n\n\n<li>Chiave del villaggio di Gassin 15\u20ac ;<\/li>\n\n\n\n<li>Libro di Georges Flanet &#8220;Passion et Couleurs&#8221; dix ann\u00e9es \u00e0 Saint-Tropez 20\u20ac ;<\/li>\n\n\n\n<li>BD &#8220;Le Var, une terre d&#8217;histoire&#8221; (introduzione a Gassin) 19,9\u20ac ;<\/li>\n\n\n\n<li>BD Golfe de Saint-Tropez &#8220;Histoires et L\u00e9gendes du Var&#8221; 13,9\u20ac ;<\/li>\n\n\n\n<li>Gioco Oukon Va&#8217;R? (336 domande sul Var) 9\u20ac ; <\/li>\n\n\n\n<li>Placca sommergibile 8\u20ac ;<\/li>\n\n\n\n<li>Poster estivi Gassin 25\u20ac ;<\/li>\n\n\n\n<li>Bocce quadrate 15\u20ac ;<\/li>\n\n\n\n<li>Magneti in legno &#8220;Gassin&#8221; 5\u20ac .<\/li>\n<\/ul>\n\n\n\n<p class=\"wp-block-paragraph\">La nostra boutique mette in primo piano il Made in France, come dimostrano i prodotti in vendita nelle boutique del villaggio<a href=\"https:\/\/gassin.eu\/fr\/services\/souvenirs\/gassin\/un-ete-a-gassin-4983322\/\">&#8220;Un \u00e9t\u00e9 \u00e0 Gassin<\/a>&#8221; e<a href=\"https:\/\/gassin.eu\/fr\/services\/metiers-d-art\/gassin\/l-authentique-4983379\/\">&#8220;L&#8217;Authentique<\/a>&#8220;.<\/p>\n\n\n\n<figure class=\"wp-block-gallery has-nested-images columns-default is-cropped wp-block-gallery-1 is-layout-flex wp-block-gallery-is-layout-flex\">\n<figure class=\"wp-block-image size-large is-style-default\"><img loading=\"lazy\" decoding=\"async\" width=\"771\" height=\"1024\" data-id=\"4902\" data-tippy-content=\"vue ensemble boutique 2025\" src=\"https:\/\/gassin.eu\/wp-content\/uploads\/2025\/03\/vue-ensemble-boutique-2025-1-771x1024.jpg\" alt=\"\" class=\"wp-image-4902\" srcset=\"https:\/\/gassin.eu\/wp-content\/uploads\/2025\/03\/vue-ensemble-boutique-2025-1-771x1024.jpg 771w, https:\/\/gassin.eu\/wp-content\/uploads\/2025\/03\/vue-ensemble-boutique-2025-1-226x300.jpg 226w, https:\/\/gassin.eu\/wp-content\/uploads\/2025\/03\/vue-ensemble-boutique-2025-1-768x1020.jpg 768w, https:\/\/gassin.eu\/wp-content\/uploads\/2025\/03\/vue-ensemble-boutique-2025-1-1157x1536.jpg 1157w, https:\/\/gassin.eu\/wp-content\/uploads\/2025\/03\/vue-ensemble-boutique-2025-1-1542x2048.jpg 1542w, https:\/\/gassin.eu\/wp-content\/uploads\/2025\/03\/vue-ensemble-boutique-2025-1-scaled.jpg 1928w\" sizes=\"auto, (max-width: 771px) 100vw, 771px\" \/><\/figure>\n\n\n\n<figure class=\"wp-block-image size-large is-style-default\"><img loading=\"lazy\" decoding=\"async\" width=\"771\" height=\"1024\" data-id=\"4823\" data-tippy-content=\"PXL_20250304_145636586.MP~2\" src=\"https:\/\/gassin.eu\/wp-content\/uploads\/2025\/03\/PXL_20250304_145636586.MP2_-771x1024.jpg\" alt=\"\" class=\"wp-image-4823\" srcset=\"https:\/\/gassin.eu\/wp-content\/uploads\/2025\/03\/PXL_20250304_145636586.MP2_-771x1024.jpg 771w, https:\/\/gassin.eu\/wp-content\/uploads\/2025\/03\/PXL_20250304_145636586.MP2_-226x300.jpg 226w, https:\/\/gassin.eu\/wp-content\/uploads\/2025\/03\/PXL_20250304_145636586.MP2_-768x1020.jpg 768w, https:\/\/gassin.eu\/wp-content\/uploads\/2025\/03\/PXL_20250304_145636586.MP2_-1157x1536.jpg 1157w, https:\/\/gassin.eu\/wp-content\/uploads\/2025\/03\/PXL_20250304_145636586.MP2_-1542x2048.jpg 1542w, https:\/\/gassin.eu\/wp-content\/uploads\/2025\/03\/PXL_20250304_145636586.MP2_-scaled.jpg 1928w\" sizes=\"auto, (max-width: 771px) 100vw, 771px\" \/><\/figure>\n\n\n\n<figure class=\"wp-block-image size-large is-style-default\"><img loading=\"lazy\" decoding=\"async\" width=\"936\" height=\"1024\" data-id=\"4833\" data-tippy-content=\"Livre et cartes PBVDF\" src=\"https:\/\/gassin.eu\/wp-content\/uploads\/2025\/03\/Livre-et-cartes-PBVDF-936x1024.jpg\" alt=\"\" class=\"wp-image-4833\" srcset=\"https:\/\/gassin.eu\/wp-content\/uploads\/2025\/03\/Livre-et-cartes-PBVDF-936x1024.jpg 936w, https:\/\/gassin.eu\/wp-content\/uploads\/2025\/03\/Livre-et-cartes-PBVDF-274x300.jpg 274w, https:\/\/gassin.eu\/wp-content\/uploads\/2025\/03\/Livre-et-cartes-PBVDF-768x841.jpg 768w, https:\/\/gassin.eu\/wp-content\/uploads\/2025\/03\/Livre-et-cartes-PBVDF-1403x1536.jpg 1403w, https:\/\/gassin.eu\/wp-content\/uploads\/2025\/03\/Livre-et-cartes-PBVDF-1871x2048.jpg 1871w\" sizes=\"auto, (max-width: 936px) 100vw, 936px\" \/><\/figure>\n\n\n\n<figure class=\"wp-block-image size-large is-style-default\"><img loading=\"lazy\" decoding=\"async\" width=\"820\" height=\"1024\" data-id=\"4832\" data-tippy-content=\"BD Histoires et L\u00e9gendes du Golfe\" src=\"https:\/\/gassin.eu\/wp-content\/uploads\/2025\/03\/BD-Histoires-et-Legendes-du-Golfe-820x1024.jpg\" alt=\"\" class=\"wp-image-4832\" srcset=\"https:\/\/gassin.eu\/wp-content\/uploads\/2025\/03\/BD-Histoires-et-Legendes-du-Golfe-820x1024.jpg 820w, https:\/\/gassin.eu\/wp-content\/uploads\/2025\/03\/BD-Histoires-et-Legendes-du-Golfe-240x300.jpg 240w, https:\/\/gassin.eu\/wp-content\/uploads\/2025\/03\/BD-Histoires-et-Legendes-du-Golfe-768x960.jpg 768w, https:\/\/gassin.eu\/wp-content\/uploads\/2025\/03\/BD-Histoires-et-Legendes-du-Golfe-1229x1536.jpg 1229w, https:\/\/gassin.eu\/wp-content\/uploads\/2025\/03\/BD-Histoires-et-Legendes-du-Golfe-1639x2048.jpg 1639w\" sizes=\"auto, (max-width: 820px) 100vw, 820px\" \/><\/figure>\n\n\n\n<figure class=\"wp-block-image size-large is-style-default\"><img loading=\"lazy\" decoding=\"async\" width=\"1024\" height=\"1024\" data-id=\"4855\" data-tippy-content=\"cl\u00e9 de la ville\" src=\"https:\/\/gassin.eu\/wp-content\/uploads\/2025\/03\/cle-de-la-ville-edited-1024x1024.jpg\" alt=\"\" class=\"wp-image-4855\" srcset=\"https:\/\/gassin.eu\/wp-content\/uploads\/2025\/03\/cle-de-la-ville-edited-1024x1024.jpg 1024w, https:\/\/gassin.eu\/wp-content\/uploads\/2025\/03\/cle-de-la-ville-edited-300x300.jpg 300w, https:\/\/gassin.eu\/wp-content\/uploads\/2025\/03\/cle-de-la-ville-edited-150x150.jpg 150w, https:\/\/gassin.eu\/wp-content\/uploads\/2025\/03\/cle-de-la-ville-edited-768x768.jpg 768w, https:\/\/gassin.eu\/wp-content\/uploads\/2025\/03\/cle-de-la-ville-edited-1536x1536.jpg 1536w, https:\/\/gassin.eu\/wp-content\/uploads\/2025\/03\/cle-de-la-ville-edited-2048x2048.jpg 2048w, https:\/\/gassin.eu\/wp-content\/uploads\/2025\/03\/cle-de-la-ville-edited-125x125.jpg 125w\" sizes=\"auto, (max-width: 1024px) 100vw, 1024px\" \/><\/figure>\n\n\n\n<figure class=\"wp-block-image size-large is-style-default\"><img loading=\"lazy\" decoding=\"async\" width=\"2560\" height=\"2560\" data-id=\"4891\" data-tippy-content=\"PXL_20250304_145613049~2\" src=\"https:\/\/gassin.eu\/wp-content\/uploads\/2025\/03\/PXL_20250304_1456130492-edited-scaled.jpg\" alt=\"\" class=\"wp-image-4891\" srcset=\"https:\/\/gassin.eu\/wp-content\/uploads\/2025\/03\/PXL_20250304_1456130492-edited-scaled.jpg 2560w, https:\/\/gassin.eu\/wp-content\/uploads\/2025\/03\/PXL_20250304_1456130492-edited-300x300.jpg 300w, https:\/\/gassin.eu\/wp-content\/uploads\/2025\/03\/PXL_20250304_1456130492-edited-1024x1024.jpg 1024w, https:\/\/gassin.eu\/wp-content\/uploads\/2025\/03\/PXL_20250304_1456130492-edited-150x150.jpg 150w, https:\/\/gassin.eu\/wp-content\/uploads\/2025\/03\/PXL_20250304_1456130492-edited-768x768.jpg 768w, https:\/\/gassin.eu\/wp-content\/uploads\/2025\/03\/PXL_20250304_1456130492-edited-1536x1536.jpg 1536w, https:\/\/gassin.eu\/wp-content\/uploads\/2025\/03\/PXL_20250304_1456130492-edited-2048x2048.jpg 2048w, https:\/\/gassin.eu\/wp-content\/uploads\/2025\/03\/PXL_20250304_1456130492-edited-125x125.jpg 125w\" sizes=\"auto, (max-width: 2560px) 100vw, 2560px\" \/><\/figure>\n<\/figure>\n\n\n\n<figure class=\"wp-block-gallery has-nested-images columns-default is-cropped wp-block-gallery-2 is-layout-flex wp-block-gallery-is-layout-flex\">\n<figure class=\"wp-block-image size-large is-style-default\"><img loading=\"lazy\" decoding=\"async\" width=\"845\" height=\"1024\" data-id=\"4819\" data-tippy-content=\"cendrier de plage\" src=\"https:\/\/gassin.eu\/wp-content\/uploads\/2025\/03\/cendrier-de-plage-845x1024.jpg\" alt=\"\" class=\"wp-image-4819\" srcset=\"https:\/\/gassin.eu\/wp-content\/uploads\/2025\/03\/cendrier-de-plage-845x1024.jpg 845w, https:\/\/gassin.eu\/wp-content\/uploads\/2025\/03\/cendrier-de-plage-247x300.jpg 247w, https:\/\/gassin.eu\/wp-content\/uploads\/2025\/03\/cendrier-de-plage-768x931.jpg 768w, https:\/\/gassin.eu\/wp-content\/uploads\/2025\/03\/cendrier-de-plage-1267x1536.jpg 1267w, https:\/\/gassin.eu\/wp-content\/uploads\/2025\/03\/cendrier-de-plage-1689x2048.jpg 1689w\" sizes=\"auto, (max-width: 845px) 100vw, 845px\" \/><\/figure>\n\n\n\n<figure class=\"wp-block-image size-large is-style-default\"><img loading=\"lazy\" decoding=\"async\" width=\"771\" height=\"1024\" data-id=\"4824\" data-tippy-content=\"jeux OuKon Var\" src=\"https:\/\/gassin.eu\/wp-content\/uploads\/2025\/03\/jeux-OuKon-Var-771x1024.jpg\" alt=\"\" class=\"wp-image-4824\" srcset=\"https:\/\/gassin.eu\/wp-content\/uploads\/2025\/03\/jeux-OuKon-Var-771x1024.jpg 771w, https:\/\/gassin.eu\/wp-content\/uploads\/2025\/03\/jeux-OuKon-Var-226x300.jpg 226w, https:\/\/gassin.eu\/wp-content\/uploads\/2025\/03\/jeux-OuKon-Var-768x1020.jpg 768w, https:\/\/gassin.eu\/wp-content\/uploads\/2025\/03\/jeux-OuKon-Var-1157x1536.jpg 1157w, https:\/\/gassin.eu\/wp-content\/uploads\/2025\/03\/jeux-OuKon-Var-1542x2048.jpg 1542w, https:\/\/gassin.eu\/wp-content\/uploads\/2025\/03\/jeux-OuKon-Var-scaled.jpg 1928w\" sizes=\"auto, (max-width: 771px) 100vw, 771px\" \/><\/figure>\n\n\n\n<figure class=\"wp-block-image size-large is-style-default\"><img loading=\"lazy\" decoding=\"async\" width=\"1024\" height=\"1024\" data-id=\"4850\" data-tippy-content=\"cl\u00e9 de la ville de Gassin\" src=\"https:\/\/gassin.eu\/wp-content\/uploads\/2025\/03\/cle-de-la-ville-de-Gassin-edited-1024x1024.jpg\" alt=\"\" class=\"wp-image-4850\" srcset=\"https:\/\/gassin.eu\/wp-content\/uploads\/2025\/03\/cle-de-la-ville-de-Gassin-edited-1024x1024.jpg 1024w, https:\/\/gassin.eu\/wp-content\/uploads\/2025\/03\/cle-de-la-ville-de-Gassin-edited-300x300.jpg 300w, https:\/\/gassin.eu\/wp-content\/uploads\/2025\/03\/cle-de-la-ville-de-Gassin-edited-150x150.jpg 150w, https:\/\/gassin.eu\/wp-content\/uploads\/2025\/03\/cle-de-la-ville-de-Gassin-edited-768x768.jpg 768w, https:\/\/gassin.eu\/wp-content\/uploads\/2025\/03\/cle-de-la-ville-de-Gassin-edited-1536x1536.jpg 1536w, https:\/\/gassin.eu\/wp-content\/uploads\/2025\/03\/cle-de-la-ville-de-Gassin-edited-2048x2048.jpg 2048w, https:\/\/gassin.eu\/wp-content\/uploads\/2025\/03\/cle-de-la-ville-de-Gassin-edited-125x125.jpg 125w\" sizes=\"auto, (max-width: 1024px) 100vw, 1024px\" \/><\/figure>\n<\/figure>\n\n\n\n<p class=\"wp-block-paragraph\"><strong>Ufficio del turismo negozio deposito-vendita prodotti<\/strong><\/p>\n\n\n\n<div class=\"wp-block-columns is-layout-flex wp-container-core-columns-is-layout-0defc3be wp-block-columns-is-layout-flex\">\n<div class=\"wp-block-column is-layout-flow wp-block-column-is-layout-flow\">\n<div class=\"wp-block-columns is-layout-flex wp-container-core-columns-is-layout-0defc3be wp-block-columns-is-layout-flex\">\n<div class=\"wp-block-column is-layout-flow wp-block-column-is-layout-flow\">\n<figure class=\"wp-block-gallery has-nested-images columns-default is-cropped wp-block-gallery-3 is-layout-flex wp-block-gallery-is-layout-flex\">\n<figure class=\"wp-block-image size-large\"><img loading=\"lazy\" decoding=\"async\" width=\"577\" height=\"1024\" data-id=\"6545\" data-tippy-content=\"1000055904\" src=\"https:\/\/gassin.eu\/wp-content\/uploads\/2025\/12\/1000055904-1-577x1024.jpg\" alt=\"\" class=\"wp-image-6545\" srcset=\"https:\/\/gassin.eu\/wp-content\/uploads\/2025\/12\/1000055904-1-577x1024.jpg 577w, https:\/\/gassin.eu\/wp-content\/uploads\/2025\/12\/1000055904-1-169x300.jpg 169w, https:\/\/gassin.eu\/wp-content\/uploads\/2025\/12\/1000055904-1-768x1364.jpg 768w, https:\/\/gassin.eu\/wp-content\/uploads\/2025\/12\/1000055904-1-865x1536.jpg 865w, https:\/\/gassin.eu\/wp-content\/uploads\/2025\/12\/1000055904-1-1153x2048.jpg 1153w, https:\/\/gassin.eu\/wp-content\/uploads\/2025\/12\/1000055904-1-scaled.jpg 1441w\" sizes=\"auto, (max-width: 577px) 100vw, 577px\" \/><\/figure>\n<\/figure>\n<\/div>\n\n\n\n<div class=\"wp-block-column is-layout-flow wp-block-column-is-layout-flow\">\n<figure class=\"wp-block-image size-large\"><img loading=\"lazy\" decoding=\"async\" width=\"577\" height=\"1024\" data-tippy-content=\"20251203_094448\" src=\"https:\/\/gassin.eu\/wp-content\/uploads\/2025\/12\/20251203_094448-1-577x1024.jpg\" alt=\"\" class=\"wp-image-6556\" srcset=\"https:\/\/gassin.eu\/wp-content\/uploads\/2025\/12\/20251203_094448-1-577x1024.jpg 577w, https:\/\/gassin.eu\/wp-content\/uploads\/2025\/12\/20251203_094448-1-169x300.jpg 169w, https:\/\/gassin.eu\/wp-content\/uploads\/2025\/12\/20251203_094448-1-768x1364.jpg 768w, https:\/\/gassin.eu\/wp-content\/uploads\/2025\/12\/20251203_094448-1-865x1536.jpg 865w, https:\/\/gassin.eu\/wp-content\/uploads\/2025\/12\/20251203_094448-1-1153x2048.jpg 1153w, https:\/\/gassin.eu\/wp-content\/uploads\/2025\/12\/20251203_094448-1-scaled.jpg 1441w\" sizes=\"auto, (max-width: 577px) 100vw, 577px\" \/><figcaption class=\"wp-element-caption\">Cestino pieno di marmellata Domaine Les M\u00e9sanges<\/figcaption><\/figure>\n\n\n\n<figure class=\"wp-block-image size-large\"><img loading=\"lazy\" decoding=\"async\" width=\"577\" height=\"1024\" data-tippy-content=\"1000055894\" src=\"https:\/\/gassin.eu\/wp-content\/uploads\/2025\/12\/1000055894-2-577x1024.jpg\" alt=\"\" class=\"wp-image-6548\" srcset=\"https:\/\/gassin.eu\/wp-content\/uploads\/2025\/12\/1000055894-2-577x1024.jpg 577w, https:\/\/gassin.eu\/wp-content\/uploads\/2025\/12\/1000055894-2-169x300.jpg 169w, https:\/\/gassin.eu\/wp-content\/uploads\/2025\/12\/1000055894-2-768x1364.jpg 768w, https:\/\/gassin.eu\/wp-content\/uploads\/2025\/12\/1000055894-2-865x1536.jpg 865w, https:\/\/gassin.eu\/wp-content\/uploads\/2025\/12\/1000055894-2-1153x2048.jpg 1153w, https:\/\/gassin.eu\/wp-content\/uploads\/2025\/12\/1000055894-2-scaled.jpg 1441w\" sizes=\"auto, (max-width: 577px) 100vw, 577px\" \/><figcaption class=\"wp-element-caption\">Marmellata La Douce Am\u00e8re Domaine Les M\u00e9sanges<\/figcaption><\/figure>\n<\/div>\n<\/div>\n<\/div>\n\n\n\n<div class=\"wp-block-column is-layout-flow wp-block-column-is-layout-flow\">\n<figure class=\"wp-block-image size-large\"><img loading=\"lazy\" decoding=\"async\" width=\"577\" height=\"1024\" data-tippy-content=\"1000055911\" src=\"https:\/\/gassin.eu\/wp-content\/uploads\/2025\/12\/1000055911-2-577x1024.jpg\" alt=\"\" class=\"wp-image-6547\" srcset=\"https:\/\/gassin.eu\/wp-content\/uploads\/2025\/12\/1000055911-2-577x1024.jpg 577w, https:\/\/gassin.eu\/wp-content\/uploads\/2025\/12\/1000055911-2-169x300.jpg 169w, https:\/\/gassin.eu\/wp-content\/uploads\/2025\/12\/1000055911-2-768x1364.jpg 768w, https:\/\/gassin.eu\/wp-content\/uploads\/2025\/12\/1000055911-2-865x1536.jpg 865w, https:\/\/gassin.eu\/wp-content\/uploads\/2025\/12\/1000055911-2-1153x2048.jpg 1153w, https:\/\/gassin.eu\/wp-content\/uploads\/2025\/12\/1000055911-2-scaled.jpg 1441w\" sizes=\"auto, (max-width: 577px) 100vw, 577px\" \/><figcaption class=\"wp-element-caption\">Vini rosati &#8211; Le Moulin de Barbeyrolles 2024, imbottigliato allo Ch\u00e2teau, C\u00f4tes de Provence<\/figcaption><\/figure>\n\n\n\n<figure class=\"wp-block-image size-large\"><img loading=\"lazy\" decoding=\"async\" width=\"1024\" height=\"577\" data-tippy-content=\"20251203_094119\" src=\"https:\/\/gassin.eu\/wp-content\/uploads\/2025\/12\/20251203_094119-1024x577.jpg\" alt=\"\" class=\"wp-image-6550\" srcset=\"https:\/\/gassin.eu\/wp-content\/uploads\/2025\/12\/20251203_094119-1024x577.jpg 1024w, https:\/\/gassin.eu\/wp-content\/uploads\/2025\/12\/20251203_094119-300x169.jpg 300w, https:\/\/gassin.eu\/wp-content\/uploads\/2025\/12\/20251203_094119-768x432.jpg 768w, https:\/\/gassin.eu\/wp-content\/uploads\/2025\/12\/20251203_094119-1536x865.jpg 1536w, https:\/\/gassin.eu\/wp-content\/uploads\/2025\/12\/20251203_094119-2048x1153.jpg 2048w\" sizes=\"auto, (max-width: 1024px) 100vw, 1024px\" \/><figcaption class=\"wp-element-caption\">Confezione regalo di marmellate e gelatine di frutta <br\/>Domaine Les M\u00e9sanges<\/figcaption><\/figure>\n<\/div>\n\n\n\n<div class=\"wp-block-column is-layout-flow wp-block-column-is-layout-flow\">\n<figure class=\"wp-block-image size-large is-resized\"><img loading=\"lazy\" decoding=\"async\" width=\"577\" height=\"1024\" data-tippy-content=\"20251203_094839\" src=\"https:\/\/gassin.eu\/wp-content\/uploads\/2025\/12\/20251203_094839-577x1024.jpg\" alt=\"\" class=\"wp-image-6553\" style=\"aspect-ratio:0.5634728485205012;width:291px;height:auto\" srcset=\"https:\/\/gassin.eu\/wp-content\/uploads\/2025\/12\/20251203_094839-577x1024.jpg 577w, https:\/\/gassin.eu\/wp-content\/uploads\/2025\/12\/20251203_094839-169x300.jpg 169w, https:\/\/gassin.eu\/wp-content\/uploads\/2025\/12\/20251203_094839-768x1364.jpg 768w, https:\/\/gassin.eu\/wp-content\/uploads\/2025\/12\/20251203_094839-865x1536.jpg 865w, https:\/\/gassin.eu\/wp-content\/uploads\/2025\/12\/20251203_094839-1153x2048.jpg 1153w, https:\/\/gassin.eu\/wp-content\/uploads\/2025\/12\/20251203_094839-scaled.jpg 1441w\" sizes=\"auto, (max-width: 577px) 100vw, 577px\" \/><figcaption class=\"wp-element-caption\">Miele Ch\u00e2teau Val de Rians &#8211; Gassin<\/figcaption><\/figure>\n<\/div>\n<\/div>\n\n\n\n<div class=\"wp-block-columns is-layout-flex wp-container-core-columns-is-layout-0defc3be wp-block-columns-is-layout-flex\">\n<div class=\"wp-block-column is-layout-flow wp-block-column-is-layout-flow\">\n<figure class=\"wp-block-image size-large is-resized\"><img loading=\"lazy\" decoding=\"async\" width=\"577\" height=\"1024\" data-tippy-content=\"1000055907\" src=\"https:\/\/gassin.eu\/wp-content\/uploads\/2025\/12\/1000055907-1-577x1024.jpg\" alt=\"\" class=\"wp-image-6562\" style=\"aspect-ratio:0.5634728485205012;width:202px;height:auto\" srcset=\"https:\/\/gassin.eu\/wp-content\/uploads\/2025\/12\/1000055907-1-577x1024.jpg 577w, https:\/\/gassin.eu\/wp-content\/uploads\/2025\/12\/1000055907-1-169x300.jpg 169w, https:\/\/gassin.eu\/wp-content\/uploads\/2025\/12\/1000055907-1-768x1364.jpg 768w, https:\/\/gassin.eu\/wp-content\/uploads\/2025\/12\/1000055907-1-865x1536.jpg 865w, https:\/\/gassin.eu\/wp-content\/uploads\/2025\/12\/1000055907-1-1153x2048.jpg 1153w, https:\/\/gassin.eu\/wp-content\/uploads\/2025\/12\/1000055907-1-scaled.jpg 1441w\" sizes=\"auto, (max-width: 577px) 100vw, 577px\" \/><figcaption class=\"wp-element-caption\">Marmellata di La Maison des Confitures<\/figcaption><\/figure>\n\n\n\n<p class=\"wp-block-paragraph\">Finocchio all&#8217;anice \u20ac7,3<\/p>\n<\/div>\n\n\n\n<div class=\"wp-block-column is-layout-flow wp-block-column-is-layout-flow\"><\/div>\n\n\n\n<div class=\"wp-block-column is-layout-flow wp-block-column-is-layout-flow\"><\/div>\n<\/div>\n\n\n\n<div class=\"wp-block-columns is-layout-flex wp-container-core-columns-is-layout-0defc3be wp-block-columns-is-layout-flex\">\n<div class=\"wp-block-column is-layout-flow wp-block-column-is-layout-flow\" style=\"flex-basis:100%\"><\/div>\n<\/div>\n\n\n\n<p class=\"wp-block-paragraph\"><strong>Biglietti per le attivit\u00e0 del tempo libero della guida &#8220;Amusez-Vous<\/strong><\/p>\n\n\n\n<p class=\"wp-block-paragraph\">L&#8217;Ufficio del Turismo \u00e8 partner e rivenditore delle attivit\u00e0 per il tempo libero della <a href=\"https:\/\/www.amusezvous.net\/\">guida Amusez-vous<\/a>.<br\/>Trovate un&#8217;offerta di attivit\u00e0 per il tempo libero a prezzi irresistibili in tutto il Golfo di Saint-Tropez.<br\/>Non dimenticate di prenotare facilmente, cliccando sul link qui sotto o direttamente alla reception dell&#8217;Ufficio del Turismo con i nostri agenti!<\/p>\n\n\n\n<div class=\"wp-block-group is-layout-constrained wp-block-group-is-layout-constrained\">\n<div class=\"wp-block-columns is-layout-flex wp-container-core-columns-is-layout-0defc3be wp-block-columns-is-layout-flex\">\n<div class=\"wp-block-column is-layout-flow wp-block-column-is-layout-flow\" style=\"flex-basis:100%\">\n<figure class=\"wp-block-image size-large\"><a href=\"https:\/\/www.amusezvous.net\/\"><img loading=\"lazy\" decoding=\"async\" width=\"1024\" height=\"1024\" data-tippy-content=\"guide-amusez-vous-2024-web-\" src=\"https:\/\/gassin.eu\/wp-content\/uploads\/2024\/04\/guide-amusez-vous-2024-web--1024x1024.png\" alt=\"\" class=\"wp-image-4488\" srcset=\"https:\/\/gassin.eu\/wp-content\/uploads\/2024\/04\/guide-amusez-vous-2024-web--1024x1024.png 1024w, https:\/\/gassin.eu\/wp-content\/uploads\/2024\/04\/guide-amusez-vous-2024-web--300x300.png 300w, https:\/\/gassin.eu\/wp-content\/uploads\/2024\/04\/guide-amusez-vous-2024-web--150x150.png 150w, https:\/\/gassin.eu\/wp-content\/uploads\/2024\/04\/guide-amusez-vous-2024-web--768x768.png 768w, https:\/\/gassin.eu\/wp-content\/uploads\/2024\/04\/guide-amusez-vous-2024-web--125x125.png 125w, https:\/\/gassin.eu\/wp-content\/uploads\/2024\/04\/guide-amusez-vous-2024-web-.png 1200w\" sizes=\"auto, (max-width: 1024px) 100vw, 1024px\" \/><\/a><\/figure>\n<\/div>\n<\/div>\n<\/div>\n\n\n\n<p class=\"wp-block-paragraph\">Presso l&#8217;Ufficio del Turismo sono disponibili anche biglietti per eventi privati come i concerti delle cantine Les Musicales dans les Vignes.<\/p>\n<\/div>\n<\/div>\n","protected":false},"excerpt":{"rendered":"<p>Il negozio dell&#8217;Ufficio del Turismo offre una serie di prodotti souvenir in vendita direttamente o per corrispondenza. Uno spazio \u00e8 riservato ai prodotti in vendita. Il negozio dell&#8217;Ufficio del Turismo presenta i prodotti locali di GassinNell&#8217;ambito della promozione del patrimonio locale, l&#8217;Ufficio del Turismo ha allestito uno spazio di vendita interamente dedicato ai prodotti locali&#8230;.<\/p>\n","protected":false},"author":7,"featured_media":0,"parent":119,"menu_order":72,"comment_status":"closed","ping_status":"closed","template":"","meta":{"_acf_changed":false,"_crdt_document":"","footnotes":""},"class_list":["post-7313","page","type-page","status-publish","hentry"],"acf":[],"_links":{"self":[{"href":"https:\/\/gassin.eu\/it\/wp-json\/wp\/v2\/pages\/7313","targetHints":{"allow":["GET"]}}],"collection":[{"href":"https:\/\/gassin.eu\/it\/wp-json\/wp\/v2\/pages"}],"about":[{"href":"https:\/\/gassin.eu\/it\/wp-json\/wp\/v2\/types\/page"}],"author":[{"embeddable":true,"href":"https:\/\/gassin.eu\/it\/wp-json\/wp\/v2\/users\/7"}],"replies":[{"embeddable":true,"href":"https:\/\/gassin.eu\/it\/wp-json\/wp\/v2\/comments?post=7313"}],"version-history":[{"count":1,"href":"https:\/\/gassin.eu\/it\/wp-json\/wp\/v2\/pages\/7313\/revisions"}],"predecessor-version":[{"id":7316,"href":"https:\/\/gassin.eu\/it\/wp-json\/wp\/v2\/pages\/7313\/revisions\/7316"}],"up":[{"embeddable":true,"href":"https:\/\/gassin.eu\/it\/wp-json\/wp\/v2\/pages\/119"}],"wp:attachment":[{"href":"https:\/\/gassin.eu\/it\/wp-json\/wp\/v2\/media?parent=7313"}],"curies":[{"name":"wp","href":"https:\/\/api.w.org\/{rel}","templated":true}]}}