{"id":7342,"date":"2023-11-10T09:45:51","date_gmt":"2023-11-10T08:45:51","guid":{"rendered":"https:\/\/gassin.eu\/itinerario-di-natale-2023\/"},"modified":"2026-05-05T14:36:42","modified_gmt":"2026-05-05T12:36:42","slug":"itinerario-di-natale-2023","status":"publish","type":"page","link":"https:\/\/gassin.eu\/it\/itinerario-di-natale-2023\/","title":{"rendered":"Itinerario di Natale 2023"},"content":{"rendered":"\n<div class=\"wp-block-group is-layout-constrained wp-block-group-is-layout-constrained\">\n<p class=\"wp-block-paragraph\">  L&#8217;avventura dei Lutins de Gassin<\/p>\n\n\n\n<p class=\"wp-block-paragraph\"><\/p>\n\n\n\n<p class=\"wp-block-paragraph\">Risposta 1: I due calzini di Tubass sono 3 e 8.<\/p>\n\n\n\n<p class=\"wp-block-paragraph\">Risposta 2: Il violino di Venterr \u00e8 il n. 6.<\/p>\n\n\n\n<p class=\"wp-block-paragraph\">Risposta 3: Carteyrr non deve ordinare gli albumi.<\/p>\n\n\n\n<p class=\"wp-block-paragraph\">Risposta 4: il riflesso di Barbeyr \u00e8 la lettera F.<\/p>\n\n\n\n<p class=\"wp-block-paragraph\">Risposta 5: L&#8217;oggetto che manca a Valdeb \u00e8 la lanterna.<\/p>\n\n\n\n<p class=\"wp-block-paragraph\">Risposta 6: Il paese che Crodem sta cercando \u00e8 la Lapponia.<\/p>\n\n\n\n<p class=\"wp-block-paragraph\"><a href=\"https:\/\/gassin.eu\/fr\/laventure-des-lutins-de-gassin\/\">Vai alla pagina<\/a><\/p>\n\n\n\n<p class=\"wp-block-paragraph\">Risposta 7 : Per decorare, Rompec cerca la ghirlanda.<\/p>\n\n\n\n<p class=\"wp-block-paragraph\">Risposta 8: Il numero che Patapp sta cercando \u00e8: 12<\/p>\n\n\n\n<p class=\"wp-block-paragraph\">Risposta 9: Il numero di rettangoli di Baguerr \u00e8 10.<\/p>\n\n\n\n<p class=\"wp-block-paragraph\">Risposta 10: Cost\u00e8bre trova il nome Vernat.<\/p>\n\n\n\n<p class=\"wp-block-paragraph\">Risposta 11: Gli elfi amano il cioccolato.<\/p>\n\n\n\n<p class=\"wp-block-paragraph\">Risposta 12: L&#8217;altezza del campanile \u00e8 di 17 metri.<\/p>\n\n\n\n<p class=\"wp-block-paragraph\"><\/p>\n<\/div>\n","protected":false},"excerpt":{"rendered":"<p>L&#8217;avventura dei Lutins de Gassin Risposta 1: I due calzini di Tubass sono 3 e 8. Risposta 2: Il violino di Venterr \u00e8 il n. 6. Risposta 3: Carteyrr non deve ordinare gli albumi. Risposta 4: il riflesso di Barbeyr \u00e8 la lettera F. Risposta 5: L&#8217;oggetto che manca a Valdeb \u00e8 la lanterna. Risposta&#8230;<\/p>\n","protected":false},"author":2,"featured_media":0,"parent":0,"menu_order":240,"comment_status":"closed","ping_status":"closed","template":"","meta":{"_acf_changed":false,"_crdt_document":"","footnotes":""},"class_list":["post-7342","page","type-page","status-publish","hentry"],"acf":[],"_links":{"self":[{"href":"https:\/\/gassin.eu\/it\/wp-json\/wp\/v2\/pages\/7342","targetHints":{"allow":["GET"]}}],"collection":[{"href":"https:\/\/gassin.eu\/it\/wp-json\/wp\/v2\/pages"}],"about":[{"href":"https:\/\/gassin.eu\/it\/wp-json\/wp\/v2\/types\/page"}],"author":[{"embeddable":true,"href":"https:\/\/gassin.eu\/it\/wp-json\/wp\/v2\/users\/2"}],"replies":[{"embeddable":true,"href":"https:\/\/gassin.eu\/it\/wp-json\/wp\/v2\/comments?post=7342"}],"version-history":[{"count":1,"href":"https:\/\/gassin.eu\/it\/wp-json\/wp\/v2\/pages\/7342\/revisions"}],"predecessor-version":[{"id":7344,"href":"https:\/\/gassin.eu\/it\/wp-json\/wp\/v2\/pages\/7342\/revisions\/7344"}],"wp:attachment":[{"href":"https:\/\/gassin.eu\/it\/wp-json\/wp\/v2\/media?parent=7342"}],"curies":[{"name":"wp","href":"https:\/\/api.w.org\/{rel}","templated":true}]}}