{"id":7349,"date":"2022-04-29T14:24:07","date_gmt":"2022-04-29T12:24:07","guid":{"rendered":"https:\/\/gassin.eu\/informazioni-utili\/sviluppo-sostenibile\/"},"modified":"2026-05-05T14:36:45","modified_gmt":"2026-05-05T12:36:45","slug":"sviluppo-sostenibile","status":"publish","type":"page","link":"https:\/\/gassin.eu\/it\/informazioni-utili\/sviluppo-sostenibile\/","title":{"rendered":"Sviluppo sostenibile"},"content":{"rendered":"\n<div class=\"wp-block-group is-layout-flow wp-block-group-is-layout-flow\">\n<div class=\"wp-block-cover\"><span aria-hidden=\"true\" class=\"wp-block-cover__background has-background-dim-0 has-background-dim\" style=\"background-color:#7d7979\"><\/span><div class=\"wp-block-cover__inner-container is-layout-constrained wp-block-cover-is-layout-constrained\">\n<p class=\"has-text-align-center has-large-font-size wp-block-paragraph\"><\/p>\n<\/div><\/div>\n\n\n\n<p class=\"wp-block-paragraph\"><strong>Contenuti :<\/strong><\/p>\n\n\n\n<nav aria-label=\"Indice dei contenuti\" class=\"wp-block-table-of-contents\"><ol><li><a class=\"wp-block-table-of-contents__entry\" href=\"https:\/\/gassin.eu\/it\/informazioni-utili\/sviluppo-sostenibile\/#les-engagements-de-votre-office\">Gli impegni del vostro ufficio<\/a><\/li><li><a class=\"wp-block-table-of-contents__entry\" href=\"https:\/\/gassin.eu\/it\/informazioni-utili\/sviluppo-sostenibile\/#la-qualite-des-eaux-de-baignade-a-gassin\">Qualit\u00e0 delle acque di balneazione a Gassin<\/a><\/li><li><a class=\"wp-block-table-of-contents__entry\" href=\"https:\/\/gassin.eu\/it\/informazioni-utili\/sviluppo-sostenibile\/#la-protection-de-la-posidonie\">Proteggere la Posidonia<\/a><\/li><\/ol><\/nav>\n\n\n\n<figure class=\"wp-block-image aligncenter size-full is-resized\"><img loading=\"lazy\" decoding=\"async\" width=\"738\" height=\"300\" data-tippy-content=\"FBedddPlan de travail 9 copie 4\" src=\"https:\/\/gassin.eu\/wp-content\/uploads\/2021\/11\/FBedddPlan-de-travail-9-copie-4.png\" alt=\"\" class=\"wp-image-2661\" style=\"width:341px;height:139px\" srcset=\"https:\/\/gassin.eu\/wp-content\/uploads\/2021\/11\/FBedddPlan-de-travail-9-copie-4.png 738w, https:\/\/gassin.eu\/wp-content\/uploads\/2021\/11\/FBedddPlan-de-travail-9-copie-4-300x122.png 300w\" sizes=\"auto, (max-width: 738px) 100vw, 738px\" \/><\/figure>\n\n\n\n<h2 class=\"wp-block-heading\" id=\"les-engagements-de-votre-office\">Gli impegni del vostro ufficio<\/h2>\n\n\n\n<p class=\"wp-block-paragraph\">L&#8217;Ufficio del Turismo di Gassin \u00e8 impegnato in un approccio eco-responsabile e il suo personale \u00e8 consapevole dell&#8217;importanza dello sviluppo sostenibile, per cui incoraggia gli operatori socio-professionali e i partner a seguirne l&#8217;esempio.<\/p>\n\n\n\n<p class=\"wp-block-paragraph\">Ecco alcuni esempi di azioni che incoraggiano questo approccio:<\/p>\n\n\n\n<ul class=\"wp-block-list\">\n<li>Riduco le stampe a colori e le spedizioni cartacee<\/li>\n\n\n\n<li>Ad esempio, limito le mie edizioni a favore di brochure condivise.<\/li>\n\n\n\n<li>Scelgo il car pooling e il trasporto pubblico<\/li>\n\n\n\n<li>Gestisco l&#8217;uso dell&#8217;acqua e dei prodotti per la casa<\/li>\n\n\n\n<li>se devo fare dei lavori, penso a migliorare l&#8217;isolamento del mio edificio<\/li>\n\n\n\n<li>Ho programmato il mio computer per andare automaticamente a dormire dopo 15 minuti di inutilizzo.<\/li>\n\n\n\n<li>Preferisco l&#8217;illuminazione a basso consumo energetico<\/li>\n\n\n\n<li>Spengo sempre le luci nella stanza che lascio.<\/li>\n<\/ul>\n\n\n\n<p class=\"wp-block-paragraph\">Una <a href=\"https:\/\/pro.gassin.eu\/wp-content\/uploads\/2017\/12\/GASSIN-SENGAGE-POUR-LE-TOURISME-DURABLE-002.pdf\">carta di Gassin s&#8217;engage pour le tourisme durable (Gassin s&#8217;impegna per il turismo sostenibile)<\/a> stabilisce le migliori pratiche (preferenza per gli spostamenti a piedi e in car-pooling, riduzione del consumo di elettricit\u00e0, buona manutenzione delle attrezzature, utilizzo di tazze anzich\u00e9 di quelle usa e getta, stampa solo dei documenti necessari, ecc.)<\/p>\n\n\n\n<p class=\"wp-block-paragraph\">Il team dell&#8217;Ufficio del Turismo ha acquistato un veicolo elettrico, che sar\u00e0 consegnato nell&#8217;ottobre 2020, in linea con l&#8217;obiettivo del Comune di rendere pi\u00f9 &#8220;verdi&#8221; i parcheggi pubblici e ridurre le emissioni di CO2. Il comune di Gassin sta superando gli obblighi di legge, poich\u00e9 gli ultimi 4 veicoli acquistati sono elettrici. Oltre ai benefici per l&#8217;ambiente, sono gi\u00e0 stati ottenuti notevoli risparmi sui costi del carburante.  <\/p>\n\n\n\n<p class=\"wp-block-paragraph\">Nell&#8217;autunno 2018, nel parcheggio dei Marines di Gassin \u00e8 stato installato un punto di ricarica di Electric 55 Charging, una societ\u00e0 con sede nel Golfo di Saint-Tropez, per consentire la ricarica dei veicoli privati, sia locali che stranieri. Un secondo punto di ricarica sar\u00e0 installato in Place L\u00e9on Martel, di fronte all&#8217;ufficio del turismo. <\/p>\n\n\n\n<p class=\"wp-block-paragraph\">La raccolta differenziata viene effettuata quotidianamente in tutti gli edifici degli uffici.<\/p>\n\n\n\n<p class=\"wp-block-paragraph\">Il sito web della Communaut\u00e9 de Communes, responsabile della raccolta dei rifiuti, contiene una <a href=\"https:\/\/www.cc-golfedesainttropez.fr\/redevance-speciale\">pagina dedicata alla tassa speciale<\/a>.<\/p>\n\n\n\n<p class=\"wp-block-paragraph\">\u00c8 possibile <a href=\"https:\/\/www.cc-golfedesainttropez.fr\/images\/dechet\/collecte\/memotri.pdf\">scaricare una guida sull&#8217;argomento qui.<\/a><\/p>\n\n\n\n<figure class=\"wp-block-image aligncenter size-large\"><img loading=\"lazy\" decoding=\"async\" width=\"950\" height=\"1024\" data-tippy-content=\"consignes\" src=\"https:\/\/gassin.eu\/wp-content\/uploads\/2022\/05\/consignes-950x1024.jpg\" alt=\"\" class=\"wp-image-3138\" srcset=\"https:\/\/gassin.eu\/wp-content\/uploads\/2022\/05\/consignes-950x1024.jpg 950w, https:\/\/gassin.eu\/wp-content\/uploads\/2022\/05\/consignes-278x300.jpg 278w, https:\/\/gassin.eu\/wp-content\/uploads\/2022\/05\/consignes-768x828.jpg 768w, https:\/\/gassin.eu\/wp-content\/uploads\/2022\/05\/consignes-1425x1536.jpg 1425w, https:\/\/gassin.eu\/wp-content\/uploads\/2022\/05\/consignes-1900x2048.jpg 1900w\" sizes=\"auto, (max-width: 950px) 100vw, 950px\" \/><figcaption class=\"wp-element-caption\">Informazioni sulla raccolta dei rifiuti nel Golfo di Saint-Tropez.<\/figcaption><\/figure>\n\n\n\n<p class=\"wp-block-paragraph\">Potete contattare il nostro agente Nathalie presso l&#8217;ufficio via e-mail all&#8217;indirizzo ot-pro@gassin.eu .<\/p>\n\n\n\n<p class=\"wp-block-paragraph\">Potete trovare tutte le informazioni necessarie sul sito della Communaut\u00e9 de communes du golfe de aint-Tropez <a href=\"https:\/\/www.cc-golfedesainttropez.fr\/dechets\">https:\/\/www.cc-golfedesainttropez.fr\/dechets <\/a> e\/o inviare tutte le vostre richieste a <a href=\"mailto:contactdechets@cc-golfedesainttropez.fr\">contactdechets@cc-golfedesainttropez.fr.<\/a><\/p>\n\n\n\n<p class=\"wp-block-paragraph\">La carta: Gassin si impegna per un turismo sostenibile.<\/p>\n\n\n\n<figure class=\"wp-block-image aligncenter\"><a href=\"https:\/\/pro.gassin.eu\/wp-content\/uploads\/2017\/12\/GASSIN-S&#x2019;ENGAGE-POUR-LE-TOURISME-DURABLE.jpg\"><img decoding=\"async\" data-tippy-content=\"carte-balades-francais-2017\" src=\"https:\/\/pro.gassin.eu\/wp-content\/uploads\/2017\/12\/GASSIN-S&#x2019;ENGAGE-POUR-LE-TOURISME-DURABLE-212x300.jpg\" alt=\"\" class=\"wp-image-282\"\/><\/a><\/figure>\n\n\n\n<h2 class=\"wp-block-heading\" id=\"la-qualite-des-eaux-de-baignade-a-gassin\">Qualit\u00e0 delle acque di balneazione a Gassin<\/h2>\n\n\n\n<div id=\"WaterPollution\" class=\"w-full\"><water-pollution title=\"\"><\/water-pollution><\/div>\n\n\n\n<h2 class=\"wp-block-heading\" id=\"la-protection-de-la-posidonie\">Proteggere la Posidonia<\/h2>\n\n\n\n<p class=\"wp-block-paragraph\"><strong>Lo sapevate?<\/strong><\/p>\n\n\n\n<p class=\"wp-block-paragraph\"><a><\/a>La prateria di Posidonia (Posidonia oceanica) \u00e8 la LUNGHEZZA DEL MEDITERRANEO.<\/p>\n\n\n\n<p class=\"wp-block-paragraph\">Questa pianta da fiore unica, presente lungo tutta la costa mediterranea, svolge un ruolo fondamentale nella stabilizzazione dei fondali marini. Produce fiori e poi frutti sotto il mare. Si trova solo nel Mediterraneo. Proteggerla \u00e8 un dovere di tutti.   <\/p>\n\n\n\n<p class=\"wp-block-paragraph\">La sua presenza \u00e8 la prova della limpidezza delle acque, quindi non stupitevi se la trovate sulle spiagge: \u00e8 stata lasciata l\u00ec di proposito per evitare che le onde lavino via la sabbia.<\/p>\n\n\n\n<p class=\"wp-block-paragraph\">Esistono quasi 60 specie di fanerogame, che formano immense foreste sottomarine visibili fino a 50 metri di profondit\u00e0.<\/p>\n\n\n\n<p class=\"wp-block-paragraph\">In Francia la Posidonia oceanica \u00e8 protetta dalla legge ed \u00e8 vietato distruggerla.<\/p>\n\n\n\n<p class=\"wp-block-paragraph\">Per saperne di pi\u00f9 <a href=\"https:\/\/gassin.eu\/wp-content\/uploads\/2022\/05\/posidonie.pdf\">, leggete la brochure del prato di Posidonia, scaricabile qui<\/a>.<\/p>\n\n\n\n<div data-wp-interactive=\"core\/file\" class=\"wp-block-file\"><object data-wp-bind--hidden=\"!state.hasPdfPreview\" hidden class=\"wp-block-file__embed\" data=\"https:\/\/gassin.eu\/wp-content\/uploads\/2022\/05\/posidonie.pdf\" type=\"application\/pdf\" style=\"width:100%;height:600px\" aria-label=\"Incorporamento di posidonie.\"><\/object><a id=\"wp-block-file--media-74e01514-f679-4ecd-bc46-296003b32c37\" href=\"https:\/\/gassin.eu\/wp-content\/uploads\/2022\/05\/posidonie.pdf\">posidonia<\/a><\/div>\n\n\n\n<figure class=\"wp-block-gallery has-nested-images columns-default is-cropped wp-block-gallery-1 is-layout-flex wp-block-gallery-is-layout-flex\">\n<figure class=\"wp-block-image size-large\"><img loading=\"lazy\" decoding=\"async\" width=\"1024\" height=\"537\" data-id=\"4552\" data-tippy-content=\"380005251_1024753318501901_6026871875387965145_n\" src=\"https:\/\/gassin.eu\/wp-content\/uploads\/2024\/07\/380005251_1024753318501901_6026871875387965145_n-1-1024x537.jpg\" alt=\"\" class=\"wp-image-4552\" srcset=\"https:\/\/gassin.eu\/wp-content\/uploads\/2024\/07\/380005251_1024753318501901_6026871875387965145_n-1-1024x537.jpg 1024w, https:\/\/gassin.eu\/wp-content\/uploads\/2024\/07\/380005251_1024753318501901_6026871875387965145_n-1-300x157.jpg 300w, https:\/\/gassin.eu\/wp-content\/uploads\/2024\/07\/380005251_1024753318501901_6026871875387965145_n-1-768x403.jpg 768w, https:\/\/gassin.eu\/wp-content\/uploads\/2024\/07\/380005251_1024753318501901_6026871875387965145_n-1.jpg 1536w\" sizes=\"auto, (max-width: 1024px) 100vw, 1024px\" \/><\/figure>\n\n\n\n<figure class=\"wp-block-image size-large\"><img loading=\"lazy\" decoding=\"async\" width=\"771\" height=\"1024\" data-id=\"4557\" data-tippy-content=\"380694080_1024750265168873_2395882325296500189_n\" src=\"https:\/\/gassin.eu\/wp-content\/uploads\/2024\/07\/380694080_1024750265168873_2395882325296500189_n-1-771x1024.jpg\" alt=\"\" class=\"wp-image-4557\" srcset=\"https:\/\/gassin.eu\/wp-content\/uploads\/2024\/07\/380694080_1024750265168873_2395882325296500189_n-1-771x1024.jpg 771w, https:\/\/gassin.eu\/wp-content\/uploads\/2024\/07\/380694080_1024750265168873_2395882325296500189_n-1-226x300.jpg 226w, https:\/\/gassin.eu\/wp-content\/uploads\/2024\/07\/380694080_1024750265168873_2395882325296500189_n-1-768x1020.jpg 768w, https:\/\/gassin.eu\/wp-content\/uploads\/2024\/07\/380694080_1024750265168873_2395882325296500189_n-1-1157x1536.jpg 1157w, https:\/\/gassin.eu\/wp-content\/uploads\/2024\/07\/380694080_1024750265168873_2395882325296500189_n-1.jpg 1536w\" sizes=\"auto, (max-width: 771px) 100vw, 771px\" \/><\/figure>\n<\/figure>\n<\/div>\n","protected":false},"excerpt":{"rendered":"<p>Contenuti : Gli impegni del vostro ufficio L&#8217;Ufficio del Turismo di Gassin \u00e8 impegnato in un approccio eco-responsabile e il suo personale \u00e8 consapevole dell&#8217;importanza dello sviluppo sostenibile, per cui incoraggia gli operatori socio-professionali e i partner a seguirne l&#8217;esempio. Ecco alcuni esempi di azioni che incoraggiano questo approccio: Una carta di Gassin s&#8217;engage pour&#8230;<\/p>\n","protected":false},"author":7,"featured_media":0,"parent":119,"menu_order":139,"comment_status":"closed","ping_status":"closed","template":"","meta":{"_acf_changed":false,"_crdt_document":"","footnotes":""},"class_list":["post-7349","page","type-page","status-publish","hentry"],"acf":[],"_links":{"self":[{"href":"https:\/\/gassin.eu\/it\/wp-json\/wp\/v2\/pages\/7349","targetHints":{"allow":["GET"]}}],"collection":[{"href":"https:\/\/gassin.eu\/it\/wp-json\/wp\/v2\/pages"}],"about":[{"href":"https:\/\/gassin.eu\/it\/wp-json\/wp\/v2\/types\/page"}],"author":[{"embeddable":true,"href":"https:\/\/gassin.eu\/it\/wp-json\/wp\/v2\/users\/7"}],"replies":[{"embeddable":true,"href":"https:\/\/gassin.eu\/it\/wp-json\/wp\/v2\/comments?post=7349"}],"version-history":[{"count":1,"href":"https:\/\/gassin.eu\/it\/wp-json\/wp\/v2\/pages\/7349\/revisions"}],"predecessor-version":[{"id":7350,"href":"https:\/\/gassin.eu\/it\/wp-json\/wp\/v2\/pages\/7349\/revisions\/7350"}],"up":[{"embeddable":true,"href":"https:\/\/gassin.eu\/it\/wp-json\/wp\/v2\/pages\/119"}],"wp:attachment":[{"href":"https:\/\/gassin.eu\/it\/wp-json\/wp\/v2\/media?parent=7349"}],"curies":[{"name":"wp","href":"https:\/\/api.w.org\/{rel}","templated":true}]}}