{"id":7493,"date":"2022-04-29T14:26:25","date_gmt":"2022-04-29T12:26:25","guid":{"rendered":"https:\/\/gassin.eu\/sviluppo-sostenibile\/"},"modified":"2026-05-05T14:38:38","modified_gmt":"2026-05-05T12:38:38","slug":"sviluppo-sostenibile","status":"publish","type":"page","link":"https:\/\/gassin.eu\/it\/sviluppo-sostenibile\/","title":{"rendered":"Sviluppo sostenibile"},"content":{"rendered":"\n<div class=\"wp-block-group is-layout-constrained wp-block-group-is-layout-constrained\">\n<p class=\"wp-block-paragraph\">L&#8217;Ufficio del Turismo di Gassin \u00e8 impegnato in un approccio sostenibile e il suo personale, consapevole dello sviluppo sostenibile, incoraggia anche i professionisti e i partner a seguirlo.<br\/>Esempi di azioni che incoraggiano questo aspetto sono<br\/>Riduco la stampa a colori e le spedizioni di carta, limitando le mie edizioni a favore di opuscoli comuni, per esempio.Opto per il car pooling e il trasporto pubblico gestisco il mio uso di acqua e di prodotti per la casa in caso di lavoro, penso a migliorare l&#8217;isolamento del mio edificio programmo il mio computer in modo che si spenga automaticamente dopo 15 minuti di non utilizzo.Preferisco l&#8217;illuminazione a basso consumo spegnendo la luce della stanza che lascio sistematicamente.<br\/>Una carta Gassin si impegna a favore del turismo sostenibile e ci ricorda i buoni gesti (privilegiare gli spostamenti a piedi e in car pooling, ridurre il consumo di elettricit\u00e0, effettuare una corretta manutenzione delle attrezzature, utilizzare tazze anzich\u00e9 bicchieri usa e getta, stampare solo i documenti necessari, ecc.)<br\/>Il team OT ha acquistato un veicolo elettrico ricevuto nell&#8217;ottobre 2020, che si unisce alle dinamiche e agli obiettivi del Comune che sono quelli di rendere &#8220;verdi&#8221; i parchi pubblici e combattere le emissioni di CO2. Il Comune di Gassin supera gli obblighi di legge poich\u00e9 gli ultimi 4 veicoli acquistati sono veicoli elettrici. Oltre al gesto ambientale, ci sono gi\u00e0 notevoli risparmi sui carburanti.<br\/>Inoltre, per consentire la ricarica dei veicoli di privati, locali o stranieri, un terminale della societ\u00e0 Electric 55 Charging con sede nel Golfo di Saint-Tropez \u00e8 stato installato nel parcheggio delle Marine di Gassin nell&#8217;autunno del 2018. Un secondo terminale sar\u00e0 installato in Place L\u00e9on Martel, di fronte all&#8217;ufficio del turismo.<br\/>La differenziazione dei rifiuti viene effettuata quotidianamente in tutti gli uffici dell&#8217;Ufficio.<br\/>Il sito della comunit\u00e0 dei comuni, incaricata della raccolta dei rifiuti, offre una pagina dedicata alla tassa speciale.<br\/>\u00c8 possibile scaricare una guida sull&#8217;argomento qui.   <\/p>\n\n\n\n<p class=\"wp-block-paragraph\">Potete contattare la nostra agente di riferimento Nathalie presso l&#8217;ufficio sulla nostra e-mail.<\/p>\n\n\n\n<p class=\"wp-block-paragraph\">Potete trovare tutte le informazioni utili su https:\/\/www.cc-golfedesainttropez.fr\/dechets o inviare il vostro contactdechets@cc-golfedesainttropez.fr.<\/p>\n\n\n\n<p class=\"wp-block-paragraph\">La Carta: Gassin si impegna per un turismo sostenibile.<\/p>\n<\/div>\n","protected":false},"excerpt":{"rendered":"<p>L&#8217;Ufficio del Turismo di Gassin \u00e8 impegnato in un approccio sostenibile e il suo personale, consapevole dello sviluppo sostenibile, incoraggia anche i professionisti e i partner a seguirlo.Esempi di azioni che incoraggiano questo aspetto sonoRiduco la stampa a colori e le spedizioni di carta, limitando le mie edizioni a favore di opuscoli comuni, per esempio.Opto&#8230;<\/p>\n","protected":false},"author":7,"featured_media":0,"parent":0,"menu_order":268,"comment_status":"closed","ping_status":"closed","template":"","meta":{"_acf_changed":false,"_crdt_document":"","footnotes":""},"class_list":["post-7493","page","type-page","status-publish","hentry"],"acf":[],"_links":{"self":[{"href":"https:\/\/gassin.eu\/it\/wp-json\/wp\/v2\/pages\/7493","targetHints":{"allow":["GET"]}}],"collection":[{"href":"https:\/\/gassin.eu\/it\/wp-json\/wp\/v2\/pages"}],"about":[{"href":"https:\/\/gassin.eu\/it\/wp-json\/wp\/v2\/types\/page"}],"author":[{"embeddable":true,"href":"https:\/\/gassin.eu\/it\/wp-json\/wp\/v2\/users\/7"}],"replies":[{"embeddable":true,"href":"https:\/\/gassin.eu\/it\/wp-json\/wp\/v2\/comments?post=7493"}],"version-history":[{"count":1,"href":"https:\/\/gassin.eu\/it\/wp-json\/wp\/v2\/pages\/7493\/revisions"}],"predecessor-version":[{"id":7495,"href":"https:\/\/gassin.eu\/it\/wp-json\/wp\/v2\/pages\/7493\/revisions\/7495"}],"wp:attachment":[{"href":"https:\/\/gassin.eu\/it\/wp-json\/wp\/v2\/media?parent=7493"}],"curies":[{"name":"wp","href":"https:\/\/api.w.org\/{rel}","templated":true}]}}