{"id":7507,"date":"2023-07-27T12:24:29","date_gmt":"2023-07-27T10:24:29","guid":{"rendered":"https:\/\/gassin.eu\/faq\/"},"modified":"2026-05-05T14:38:41","modified_gmt":"2026-05-05T12:38:41","slug":"faq","status":"publish","type":"page","link":"https:\/\/gassin.eu\/it\/faq\/","title":{"rendered":"FAQ"},"content":{"rendered":"<div class=\"wp-block-fmz-collapsible align\" x-data=\"{selected:null}\">\n      <ul class=\"flex flex-col gap-4 list-none\">\n        \n\n<li class=\"wp-block-fmz-collapse !m-0 !p-0 relative\"><button type=\"button\" class=\"w-full bg-primary-container border-0 text-on-primary-container dark:text-white px-8 py-6 text-xl rounded-md\" aria-expanded=\"selected == 985853445957771500664 ? 'true' : 'false'\" @click=\"selected !== 985853445957771500664 ? selected = 985853445957771500664 : selected = null\"><div class=\"flex items-center justify-between\"><span>Comment se rendre \u00e0 Gassin \u00e0 v\u00e9lo ?<\/span><span style=\"true ? '' : 'display:none'\"><i class=\"fa-solid fa-plus\" x-bind:style=\"selected == 985853445957771500664 ? 'display:none' : ''\"><\/i><i class=\"fa-solid fa-minus\" x-bind:style=\"selected != 985853445957771500664 ? 'display:none' : ''\"><\/i><\/span><\/div><\/button><div class=\"relative overflow-hidden transition-all max-h-0 duration-700\" x-ref=\"container985853445957771500664\" x-bind:style=\"selected == 985853445957771500664 ? 'max-height: ' + $refs.container985853445957771500664.scrollHeight + 'px' : ''\"><div class=\"px-8 py-6\">\n<p class=\"has-light-color has-solid-background-color has-text-color has-background wp-block-paragraph\">L&#8217;ufficio turistico ha ottenuto il marchio &#8220;Accueil V\u00e9lo&#8221; e offre un&#8217;accoglienza speciale e opuscoli per i ciclisti nel villaggio e a Gassin.<\/p>\n\n\n\n<p class=\"has-light-color has-solid-background-color has-text-color has-background wp-block-paragraph\">Esistono diversi itinerari per raggiungere il villaggio di Gassin in bicicletta, tra cui tre che passano per l&#8217;ufficio del turismo, dove \u00e8 possibile ritirare la seguente guida:<strong> <\/strong><em><a href=\"https:\/\/gassin.eu\/wp-content\/uploads\/2021\/07\/Au-coeur-de-la-presquile-a-velo-2021-a4-v1.pdf\">Nel cuore della Presqu&#8217;\u00eele in bicicletta<\/a><\/em><\/p>\n\n\n\n<p class=\"has-light-color has-solid-background-color has-text-color has-background wp-block-paragraph\">La strada 1 collega il villaggio alle Marines de Gassin, lontano dalle strade principali e con superbe viste panoramiche.<\/p>\n\n\n\n<p class=\"has-light-color has-solid-background-color has-text-color has-background wp-block-paragraph\"><strong>Si noti che il sentiero di Ville-vieille non \u00e8 accessibile alle biciclette da strada. <\/strong><\/p>\n\n\n\n<p class=\"has-light-color has-solid-background-color has-text-color has-background wp-block-paragraph\">L&#8217;itinerario 5 offre una deviazione di 6,6 km da Gassin (sul lungomare) a Saint-Tropez, collegando le Marines de Gassin alla spiaggia di Bouillabaisse all&#8217;ingresso di Saint-Tropez.<\/p>\n\n\n\n<p class=\"has-light-color has-solid-background-color has-text-color has-background wp-block-paragraph\">L&#8217;itinerario 6 offre una deviazione da Gassin (pianura) a La Croix Valmer, collegando il liceo di Gassin alla periferia di La Foux a La Croix Valmer.<\/p>\n\n\n\n<p class=\"has-light-color has-solid-background-color has-text-color has-background wp-block-paragraph\">Altri circuiti sono accessibili anche in mountain bike e, sul circuito 4, ad esempio, collegano i notevoli giardini che offrono splendide viste panoramiche dal villaggio di Gassin.<\/p>\n<\/div><\/div><\/li>\n\n\n\n<li class=\"wp-block-fmz-collapse !m-0 !p-0 relative\"><button type=\"button\" class=\"w-full bg-primary-container border-0 text-on-primary-container dark:text-white px-8 py-6 text-xl rounded-md\" aria-expanded=\"selected == 221888869404808467651230 ? 'true' : 'false'\" @click=\"selected !== 221888869404808467651230 ? selected = 221888869404808467651230 : selected = null\"><div class=\"flex items-center justify-between\"><span>Comment venir \u00e0 Gassin en bus ?<\/span><span style=\"true ? '' : 'display:none'\"><i class=\"fa-solid fa-plus\" x-bind:style=\"selected == 221888869404808467651230 ? 'display:none' : ''\"><\/i><i class=\"fa-solid fa-minus\" x-bind:style=\"selected != 221888869404808467651230 ? 'display:none' : ''\"><\/i><\/span><\/div><\/button><div class=\"relative overflow-hidden transition-all max-h-0 duration-700\" x-ref=\"container221888869404808467651230\" x-bind:style=\"selected == 221888869404808467651230 ? 'max-height: ' + $refs.container221888869404808467651230.scrollHeight + 'px' : ''\"><div class=\"px-8 py-6\">\n<p class=\"wp-block-paragraph\">Il servizio <a href=\"https:\/\/zou.maregionsud.fr\/\">Zou<\/a> offre collegamenti regolari con le citt\u00e0 del Golfo (Cavalaire-sur-Mer, Cogolin, La Croix-Valmer, la Garde-Freinet, Grimaud, La M\u00f4le, le Plan-de-la-Tour, Ramatuelle, Saint-Tropez, Sainte-Maxime) e con i principali agglomerati urbani del Var. Esistono inoltre collegamenti con le stazioni TGV di Les Arcs\/Draguignan, Hy\u00e8res, Tolone e Saint-Rapha\u00ebl. <\/p>\n\n\n\n<p class=\"wp-block-paragraph\">Le principali linee che servono il comune di Gassin sono :<\/p>\n\n\n\n<p class=\"wp-block-paragraph\"><strong>876<\/strong> <strong>SAINT-RAPHA\u00cbL &#8211; SAINT-TROPEZ<\/strong> (verso Saint-Tropez)<br\/><strong>873<\/strong> <strong>COGOLIN &#8211; HY\u00c8RES<\/strong> (verso Hy\u00e8res)<\/p>\n\n\n\n<p class=\"wp-block-paragraph\"><strong>878 TOULON<\/strong> (stazione) &#8211; <strong>SAINT-TROPEZ<\/strong> (direzione Saint-Tropez)<\/p>\n\n\n\n<p class=\"wp-block-paragraph\">Informazioni e prenotazioni: <a href=\"https:\/\/zou.maregionsud.fr\/\">Zou.maregionsud.fr<\/a><\/p>\n\n\n\n<p class=\"wp-block-paragraph\">0809 400 013<strong>(attenzione: prezzo di una chiamata urbana, <\/strong>tutti i giorni dalle 7 alle 20).<\/p>\n\n\n\n<p class=\"wp-block-paragraph\">\u00c8 ora possibile prendere il flexibus da Lione a La Croix-Valmer (comune limitrofo di Gassin) a soli 24,99 euro.<\/p>\n\n\n\n<p class=\"wp-block-paragraph\">\u00c8 possibile effettuare tutte le prenotazioni e avere maggiori informazioni su questo itinerario tramite questo link: <a href=\"https:\/\/www.flixbus.fr\/bus\/la-croix-valmer\">https:\/\/www.flixbus.fr\/bus\/la-croix-valmer;<\/a><\/p>\n<\/div><\/div><\/li>\n\n\n\n<li class=\"wp-block-fmz-collapse !m-0 !p-0 relative\"><button type=\"button\" class=\"w-full bg-primary-container border-0 text-on-primary-container dark:text-white px-8 py-6 text-xl rounded-md\" aria-expanded=\"selected == 350053010304831173200 ? 'true' : 'false'\" @click=\"selected !== 350053010304831173200 ? selected = 350053010304831173200 : selected = null\"><div class=\"flex items-center justify-between\"><span>Quelles sont les horaires d\u2019ouverture des bureaux de l\u2019office de tourisme\u00a0?<\/span><span style=\"true ? '' : 'display:none'\"><i class=\"fa-solid fa-plus\" x-bind:style=\"selected == 350053010304831173200 ? 'display:none' : ''\"><\/i><i class=\"fa-solid fa-minus\" x-bind:style=\"selected != 350053010304831173200 ? 'display:none' : ''\"><\/i><\/span><\/div><\/button><div class=\"relative overflow-hidden transition-all max-h-0 duration-700\" x-ref=\"container350053010304831173200\" x-bind:style=\"selected == 350053010304831173200 ? 'max-height: ' + $refs.container350053010304831173200.scrollHeight + 'px' : ''\"><div class=\"px-8 py-6\">\n<p class=\"wp-block-paragraph\">Il nostro personale \u00e8 a disposizione per accogliervi tutti i giorni (da aprile a ottobre) dalle 9.00 alle 13.00 e dalle 14.00 alle 18.00, tranne la domenica, quando \u00e8 aperto dalle 9.00 alle 13.00. Fuori stagione l&#8217;ufficio \u00e8 aperto dal luned\u00ec al venerd\u00ec, dalle 8.30 alle 12.30 e dalle 14.00 alle 17.00. Potete contattarci anche per telefono al numero 04 98 11 56 51, per e-mail all&#8217;indirizzo accueil@gassin.eu o per posta, Office de tourisme de Gassin 20 place L\u00e9on Martel, 83580 Gassin.  <\/p>\n<\/div><\/div><\/li>\n\n\n\n<li class=\"wp-block-fmz-collapse !m-0 !p-0 relative\"><button type=\"button\" class=\"w-full bg-primary-container border-0 text-on-primary-container dark:text-white px-8 py-6 text-xl rounded-md\" aria-expanded=\"selected == 056443464361899954 ? 'true' : 'false'\" @click=\"selected !== 056443464361899954 ? selected = 056443464361899954 : selected = null\"><div class=\"flex items-center justify-between\"><span>Quelle est le jour et l\u2019heure de la visite guid\u00e9e du village\u00a0?<\/span><span style=\"true ? '' : 'display:none'\"><i class=\"fa-solid fa-plus\" x-bind:style=\"selected == 056443464361899954 ? 'display:none' : ''\"><\/i><i class=\"fa-solid fa-minus\" x-bind:style=\"selected != 056443464361899954 ? 'display:none' : ''\"><\/i><\/span><\/div><\/button><div class=\"relative overflow-hidden transition-all max-h-0 duration-700\" x-ref=\"container056443464361899954\" x-bind:style=\"selected == 056443464361899954 ? 'max-height: ' + $refs.container056443464361899954.scrollHeight + 'px' : ''\"><div class=\"px-8 py-6\">\n<p class=\"wp-block-paragraph\">Le visite guidate del villaggio partono dall&#8217;Ufficio del Turismo ogni luned\u00ec con Nathalie, dal 03\/04 al 30\/10, dalle 16.00 alle 17.30. In luglio e agosto, la visita inizia alle 17.30 e si svolge sotto forma di passeggiata gastronomica, con la possibilit\u00e0 di una degustazione di vini alla fine.<br\/>Con riserva di condizioni meteorologiche favorevoli. <\/p>\n<\/div><\/div><\/li>\n\n\n\n<li class=\"wp-block-fmz-collapse !m-0 !p-0 relative\"><button type=\"button\" class=\"w-full bg-primary-container border-0 text-on-primary-container dark:text-white px-8 py-6 text-xl rounded-md\" aria-expanded=\"selected == 01313487905014752046 ? 'true' : 'false'\" selected :=\"\"><div class=\"flex items-center justify-between\"><span>Dove si trova Androuno, la strada pi\u00f9 stretta del mondo?<\/span><span style=\"true ? '' : 'display:none'\"><i class=\"fa-solid fa-plus\" x-bind:style=\"selected == 01313487905014752046 ? 'display:none' : ''\"><\/i><i class=\"fa-solid fa-minus\" x-bind:style=\"selected != 01313487905014752046 ? 'display:none' : ''\"><\/i><\/span><\/div><\/button><div class=\"relative overflow-hidden transition-all max-h-0 duration-700\" x-ref=\"container01313487905014752046\" x-bind:style=\"selected == 01313487905014752046 ? 'max-height: ' + $refs.container01313487905014752046.scrollHeight + 'px' : ''\"><div class=\"px-8 py-6\"><\/div><\/div><\/li>\n\n\n\n<li class=\"wp-block-fmz-collapse !m-0 !p-0 relative\"><button type=\"button\" class=\"w-full bg-primary-container border-0 text-on-primary-container dark:text-white px-8 py-6 text-xl rounded-md\" aria-expanded=\"selected == 149553342747657520 ? 'true' : 'false'\" @click=\"selected !== 149553342747657520 ? selected = 149553342747657520 : selected = null\"><div class=\"flex items-center justify-between\"><span>Les chiens sont-ils les bienvenus \u00e0 l\u2019office de tourisme\u00a0?<\/span><span style=\"true ? '' : 'display:none'\"><i class=\"fa-solid fa-plus\" x-bind:style=\"selected == 149553342747657520 ? 'display:none' : ''\"><\/i><i class=\"fa-solid fa-minus\" x-bind:style=\"selected != 149553342747657520 ? 'display:none' : ''\"><\/i><\/span><\/div><\/button><div class=\"relative overflow-hidden transition-all max-h-0 duration-700\" x-ref=\"container149553342747657520\" x-bind:style=\"selected == 149553342747657520 ? 'max-height: ' + $refs.container149553342747657520.scrollHeight + 'px' : ''\"><div class=\"px-8 py-6\">\n<p class=\"wp-block-paragraph\">I cani sono benvenuti presso l&#8217;ufficio turistico. I sacchetti per le deiezioni canine sono disponibili in paese. Anche le spiagge della Moune e di Treizain sono adatte ai cani.  <\/p>\n<\/div><\/div><\/li>\n\n\n\n<li class=\"wp-block-fmz-collapse !m-0 !p-0 relative\"><button type=\"button\" class=\"w-full bg-primary-container border-0 text-on-primary-container dark:text-white px-8 py-6 text-xl rounded-md\" aria-expanded=\"selected == 947504622592060622061 ? 'true' : 'false'\" selected :=\"\"><div class=\"flex items-center justify-between\"><span>C&#8217;\u00e8 un&#8217;area di accoglienza speciale per i ciclisti nel villaggio di Gassin?<\/span><span style=\"true ? '' : 'display:none'\"><i class=\"fa-solid fa-plus\" x-bind:style=\"selected == 947504622592060622061 ? 'display:none' : ''\"><\/i><i class=\"fa-solid fa-minus\" x-bind:style=\"selected != 947504622592060622061 ? 'display:none' : ''\"><\/i><\/span><\/div><\/button><div class=\"relative overflow-hidden transition-all max-h-0 duration-700\" x-ref=\"container947504622592060622061\" x-bind:style=\"selected == 947504622592060622061 ? 'max-height: ' + $refs.container947504622592060622061.scrollHeight + 'px' : ''\"><div class=\"px-8 py-6\"><\/div><\/div><\/li>\n\n\n\n<li class=\"wp-block-fmz-collapse !m-0 !p-0 relative\"><button type=\"button\" class=\"w-full bg-primary-container border-0 text-on-primary-container dark:text-white px-8 py-6 text-xl rounded-md\" aria-expanded=\"selected == 6333820874028547553773 ? 'true' : 'false'\" @click=\"selected !== 6333820874028547553773 ? selected = 6333820874028547553773 : selected = null\"><div class=\"flex items-center justify-between\"><span>O\u00f9 puis-je trouver du wifi gratuitement au village\u00a0?<\/span><span style=\"true ? '' : 'display:none'\"><i class=\"fa-solid fa-plus\" x-bind:style=\"selected == 6333820874028547553773 ? 'display:none' : ''\"><\/i><i class=\"fa-solid fa-minus\" x-bind:style=\"selected != 6333820874028547553773 ? 'display:none' : ''\"><\/i><\/span><\/div><\/button><div class=\"relative overflow-hidden transition-all max-h-0 duration-700\" x-ref=\"container6333820874028547553773\" x-bind:style=\"selected == 6333820874028547553773 ? 'max-height: ' + $refs.container6333820874028547553773.scrollHeight + 'px' : ''\"><div class=\"px-8 py-6\">\n<p class=\"wp-block-paragraph\">Presso l&#8217;ufficio turistico \u00e8 disponibile la connessione wifi gratuita.<\/p>\n<\/div><\/div><\/li>\n\n\n\n<li class=\"wp-block-fmz-collapse !m-0 !p-0 relative\"><button type=\"button\" class=\"w-full bg-primary-container border-0 text-on-primary-container dark:text-white px-8 py-6 text-xl rounded-md\" aria-expanded=\"selected == 2544103242579784037575 ? 'true' : 'false'\" @click=\"selected !== 2544103242579784037575 ? selected = 2544103242579784037575 : selected = null\"><div class=\"flex items-center justify-between\"><span>Quel est le bus qui monte au village\u00a0?<\/span><span style=\"true ? '' : 'display:none'\"><i class=\"fa-solid fa-plus\" x-bind:style=\"selected == 2544103242579784037575 ? 'display:none' : ''\"><\/i><i class=\"fa-solid fa-minus\" x-bind:style=\"selected != 2544103242579784037575 ? 'display:none' : ''\"><\/i><\/span><\/div><\/button><div class=\"relative overflow-hidden transition-all max-h-0 duration-700\" x-ref=\"container2544103242579784037575\" x-bind:style=\"selected == 2544103242579784037575 ? 'max-height: ' + $refs.container2544103242579784037575.scrollHeight + 'px' : ''\"><div class=\"px-8 py-6\">\n<p class=\"wp-block-paragraph\">L&#8217;autobus che sale al villaggio di Gassin \u00e8 l&#8217;autobus 875 alla fermata Esp\u00e9lidou (dal<sup>1\u00b0<\/sup> maggio al 30\/09).<\/p>\n<\/div><\/div><\/li>\n\n\n\n<li class=\"wp-block-fmz-collapse !m-0 !p-0 relative\"><button type=\"button\" class=\"w-full bg-primary-container border-0 text-on-primary-container dark:text-white px-8 py-6 text-xl rounded-md\" aria-expanded=\"selected == 3328255466107574 ? 'true' : 'false'\" @click=\"selected !== 3328255466107574 ? selected = 3328255466107574 : selected = null\"><div class=\"flex items-center justify-between\"><span>Y a t-il des plages \u00e0 Gassin\u00a0?<\/span><span style=\"true ? '' : 'display:none'\"><i class=\"fa-solid fa-plus\" x-bind:style=\"selected == 3328255466107574 ? 'display:none' : ''\"><\/i><i class=\"fa-solid fa-minus\" x-bind:style=\"selected != 3328255466107574 ? 'display:none' : ''\"><\/i><\/span><\/div><\/button><div class=\"relative overflow-hidden transition-all max-h-0 duration-700\" x-ref=\"container3328255466107574\" x-bind:style=\"selected == 3328255466107574 ? 'max-height: ' + $refs.container3328255466107574.scrollHeight + 'px' : ''\"><div class=\"px-8 py-6\">\n<p class=\"wp-block-paragraph\">Le spiagge di Gassin sono tre: Plage de la Moune, Plage du Treizain e Plage de la Bouillabaisse.<\/p>\n<\/div><\/div><\/li>\n\n\n\n<li class=\"wp-block-fmz-collapse !m-0 !p-0 relative\"><button type=\"button\" class=\"w-full bg-primary-container border-0 text-on-primary-container dark:text-white px-8 py-6 text-xl rounded-md\" aria-expanded=\"selected == 712414470497146023 ? 'true' : 'false'\" @click=\"selected !== 712414470497146023 ? selected = 712414470497146023 : selected = null\"><div class=\"flex items-center justify-between\"><span>Y a-t-il un march\u00e9 \u00e0 Gassin ?<\/span><span style=\"true ? '' : 'display:none'\"><i class=\"fa-solid fa-plus\" x-bind:style=\"selected == 712414470497146023 ? 'display:none' : ''\"><\/i><i class=\"fa-solid fa-minus\" x-bind:style=\"selected != 712414470497146023 ? 'display:none' : ''\"><\/i><\/span><\/div><\/button><div class=\"relative overflow-hidden transition-all max-h-0 duration-700\" x-ref=\"container712414470497146023\" x-bind:style=\"selected == 712414470497146023 ? 'max-height: ' + $refs.container712414470497146023.scrollHeight + 'px' : ''\"><div class=\"px-8 py-6\">\n<p class=\"wp-block-paragraph\">Ogni venerd\u00ec sera di luglio e agosto, a partire dalle 18.30, Gassin ospita un mercato notturno in Place de\u00ef Barri. Troverete artigiani locali, candele, cuoio, ceramiche, gioielli e bancarelle di cibo (gelati, dolci, churros). Alle 21.00 si terr\u00e0 un concerto.<br\/>Se cercate un mercato diurno, vi consigliamo di visitare i mercati delle citt\u00e0 vicine:  <\/p>\n\n\n\n<ul class=\"wp-block-list\">\n<li>il famoso mercato di Saint-Tropez il marted\u00ec mattina. Non esitate a prendere un bus navetta per arrivarci, per evitare il traffico stradale intenso (partenza da Cogolin o Sainte-Maxime). <\/li>\n\n\n\n<li>il mercato di Ramatuelle il gioved\u00ec mattina.<\/li>\n\n\n\n<li>il bellissimo mercato provenzale di Croix-Valmer la domenica mattina.<\/li>\n<\/ul>\n<\/div><\/div><\/li>\n\n\n      <\/ul>\n    <\/div>","protected":false},"excerpt":{"rendered":"","protected":false},"author":7,"featured_media":0,"parent":0,"menu_order":209,"comment_status":"closed","ping_status":"closed","template":"","meta":{"_acf_changed":false,"_crdt_document":"","footnotes":""},"class_list":["post-7507","page","type-page","status-publish","hentry"],"acf":[],"_links":{"self":[{"href":"https:\/\/gassin.eu\/it\/wp-json\/wp\/v2\/pages\/7507","targetHints":{"allow":["GET"]}}],"collection":[{"href":"https:\/\/gassin.eu\/it\/wp-json\/wp\/v2\/pages"}],"about":[{"href":"https:\/\/gassin.eu\/it\/wp-json\/wp\/v2\/types\/page"}],"author":[{"embeddable":true,"href":"https:\/\/gassin.eu\/it\/wp-json\/wp\/v2\/users\/7"}],"replies":[{"embeddable":true,"href":"https:\/\/gassin.eu\/it\/wp-json\/wp\/v2\/comments?post=7507"}],"version-history":[{"count":2,"href":"https:\/\/gassin.eu\/it\/wp-json\/wp\/v2\/pages\/7507\/revisions"}],"predecessor-version":[{"id":7515,"href":"https:\/\/gassin.eu\/it\/wp-json\/wp\/v2\/pages\/7507\/revisions\/7515"}],"wp:attachment":[{"href":"https:\/\/gassin.eu\/it\/wp-json\/wp\/v2\/media?parent=7507"}],"curies":[{"name":"wp","href":"https:\/\/api.w.org\/{rel}","templated":true}]}}