{"id":6810,"date":"2017-09-10T12:22:37","date_gmt":"2017-09-10T10:22:37","guid":{"rendered":"https:\/\/gassin.eu\/praktische-informatie\/naar-gassin-komen\/"},"modified":"2026-02-01T17:37:50","modified_gmt":"2026-02-01T16:37:50","slug":"naar-gassin-komen","status":"publish","type":"page","link":"https:\/\/gassin.eu\/nl\/praktische-informatie\/naar-gassin-komen\/","title":{"rendered":"Naar Gassin komen"},"content":{"rendered":"\n<div class=\"wp-block-group is-layout-flow wp-block-group-is-layout-flow\">\n<p class=\"wp-block-paragraph\">Gassin ligt in het hart van het schiereiland Saint-Tropez aan de C\u00f4te d&#8217;Azur, tussen Saint-Rapha\u00ebl (25 km) en Hy\u00e8res (40 km). De gemeente grenst aan La Croix-Valmer, Ramatuelle en Saint-Tropez. <\/p>\n\n\n\n<p class=\"wp-block-paragraph\">GPS-co\u00f6rdinaten voor het toeristenbureau<br\/>Breedtegraad: N43 13.804<br\/>Lengtegraad: E6 35.134<\/p>\n\n\n\n<figure class=\"wp-block-image aligncenter\"><a href=\"https:\/\/gassin.eu\/wp-content\/uploads\/2017\/09\/carte-accse-&#xE0;-gassin-2017.jpg\"><img decoding=\"async\" data-tippy-content=\"carte accse \u00e0 gassin 2017\" src=\"https:\/\/gassin.eu\/wp-content\/uploads\/2017\/09\/carte-accse-&#xE0;-gassin-2017-1024x642.jpg\" alt=\"\" class=\"wp-image-287\"\/><\/a><\/figure>\n\n\n\n<p class=\"wp-block-paragraph\"><\/p>\n\n\n\n<h2 class=\"wp-block-heading\">Lijst met oplaadpunten voor elektrische voertuigen<\/h2>\n\n\n\n<ul class=\"wp-block-list\">\n<li><a href=\"https:\/\/gassin.eu\/fr\/services\/bornes-de-recharge-pour-vehicules-electriques\/gassin\/station-de-recharge-pour-voitures-electriques-des-marines-de-gassin-4850802\/\">Marines de Gassin oplaadstation<\/a><\/li>\n\n\n\n<li><a href=\"https:\/\/gassin.eu\/fr\/services\/bornes-de-recharge-pour-vehicules-electriques\/gassin\/station-de-recharge-pour-voitures-electriques-la-foux-superchargeur-tesla-7034261\/\">La Foux oplaadstation &#8211; Tesla supercharger<\/a><\/li>\n\n\n\n<li><a href=\"https:\/\/gassin.eu\/fr\/services\/bornes-de-recharge-pour-vehicules-electriques\/gassin\/station-de-recharge-pour-voitures-electriques-de-l-office-de-tourisme-5716261\/\">Oplaadstation bij het toeristenbureau<\/a><\/li>\n<\/ul>\n\n\n\n<p class=\"wp-block-paragraph\">Contact: 04 98 11 56 51 &#8211; 09 70 99 09 08 &#8211; <a id=\"event-email-1\" class=\"gtag email break-words\" href=\"mailto:contact@e55c.com?subject=Demande%20de%20renseignement\" data-action=\"Email vers Station de recharge pour voitures &#xE9;lectriques des Marines de Gassin (4850802 \/ Station de recharge pour voitures &#xE9;lectriques des Marines de Gassin)\" data-category=\"Lien fiche Apidae\">contact@e55c.com<\/a><\/p>\n\n\n\n<p class=\"wp-block-paragraph\">Voorbeelden van websites met oplaadpunten:<\/p>\n\n\n\n<ul class=\"wp-block-list\">\n<li><a href=\"https:\/\/www.izivia.com\/carte-borne-recharge-izivia\">https:\/\/www.izivia.com\/carte-borne-recharge-izivia<\/a><\/li>\n\n\n\n<li><a href=\"https:\/\/fr.chargemap.com\/map\">https:\/\/fr.chargemap.com\/map<\/a><\/li>\n<\/ul>\n\n\n\n<figure class=\"wp-block-image\"><img loading=\"lazy\" decoding=\"async\" width=\"300\" height=\"233\" data-tippy-content=\"station-de-recharge-pour-voitures-electriques-des-marines-de-gassin_4850802_1\" src=\"https:\/\/gassin.eu\/wp-content\/uploads\/2025\/01\/station-de-recharge-pour-voitures-electriques-des-marines-de-gassin_4850802_1-300x233.jpg\" alt=\"\" class=\"wp-image-4727\" srcset=\"https:\/\/gassin.eu\/wp-content\/uploads\/2025\/01\/station-de-recharge-pour-voitures-electriques-des-marines-de-gassin_4850802_1-300x233.jpg 300w, https:\/\/gassin.eu\/wp-content\/uploads\/2025\/01\/station-de-recharge-pour-voitures-electriques-des-marines-de-gassin_4850802_1-1024x794.jpg 1024w, https:\/\/gassin.eu\/wp-content\/uploads\/2025\/01\/station-de-recharge-pour-voitures-electriques-des-marines-de-gassin_4850802_1-768x595.jpg 768w, https:\/\/gassin.eu\/wp-content\/uploads\/2025\/01\/station-de-recharge-pour-voitures-electriques-des-marines-de-gassin_4850802_1.jpg 1241w\" sizes=\"auto, (max-width: 300px) 100vw, 300px\" \/><\/figure>\n\n\n\n<p class=\"wp-block-paragraph\"><\/p>\n\n\n\n<h2 class=\"wp-block-heading\"><span style=\"color: #339966;\">Met de fiets<\/span><\/h2>\n\n\n\n<p class=\"wp-block-paragraph\">Er zijn verschillende fietsroutes naar het dorp Gassin, waaronder drie die langs het toeristenbureau lopen, waar u de volgende gids kunt ophalen:<strong> <a href=\"https:\/\/gassin.eu\/wp-content\/uploads\/2021\/07\/Au-coeur-de-la-presquile-a-velo-2021-a4-v1.pdf\"><em>Au c\u0153ur de la Presqu&#8217;\u00eele \u00e0 v\u00e9lo<\/em><\/a>.<\/strong><\/p>\n\n\n\n<p class=\"wp-block-paragraph\">Route 1 verbindt het dorp met de Marines de Gassin, weg van de hoofdwegen en met een prachtig panoramisch uitzicht.<\/p>\n\n\n\n<p class=\"wp-block-paragraph\"><strong>Houd er rekening mee dat het pad Ville-Vieille niet toegankelijk is voor racefietsen. <\/strong><\/p>\n\n\n\n<p class=\"wp-block-paragraph\">Route 5 biedt een 6,6 km lange omleiding van Gassin (aan de kust) naar Saint-Tropez en verbindt de Marines de Gassin met het strand van Bouillabaisse bij de ingang van Saint-Tropez.<\/p>\n\n\n\n<p class=\"wp-block-paragraph\">Route 6 biedt een omweg van Gassin (vlakte) naar La Croix-Valmer en verbindt het lyceum in Gassin met de buitenwijken van La Foux in La Croix-Valmer.<\/p>\n\n\n\n<p class=\"wp-block-paragraph\">Andere lussen zijn ook toegankelijk per mountainbike en verbinden bijvoorbeeld op circuit 4 de opmerkelijke tuinen die een prachtig panoramisch uitzicht bieden vanaf het dorp Gassin.<\/p>\n\n\n\n<h2 class=\"wp-block-heading\"><span style=\"color: #339966;\">Met de bus<\/span><\/h2>\n\n\n\n<p class=\"wp-block-paragraph\">De <a href=\"https:\/\/zou.maregionsud.fr\/\">Zou-dienst<\/a> biedt regelmatige diensten naar de steden in de Golf (Cavalaire-sur-Mer, Cogolin, La Croix-Valmer, la Garde-Freinet, Grimaud, La M\u00f4le, le Plan-de-la-Tour, Ramatuelle, Saint-Tropez, Sainte-Maxime) en naar de belangrijkste agglomeraties in de Var. Er zijn ook verbindingen met de TGV-stations van Les Arcs\/Draguignan, Hy\u00e8res, Toulon en Saint-Rapha\u00ebl. <\/p>\n\n\n\n<p class=\"wp-block-paragraph\">De belangrijkste lijnen die de gemeente Gassin bedienen zijn :<\/p>\n\n\n\n<p class=\"wp-block-paragraph\"><strong>876<\/strong> <strong>SAINT-RAPHA\u00cbL &#8211; SAINT-TROPEZ<\/strong> (richting Saint-Tropez)<br\/><strong>873<\/strong> <strong>COGOLIN &#8211; HY\u00c8RES<\/strong> (richting Hy\u00e8res)<strong><br\/><\/strong><\/p>\n\n\n\n<p class=\"wp-block-paragraph\"><strong>878 TOULON<\/strong> (station) &#8211; <strong>SAINT-TROPEZ<\/strong> (richting Saint-Tropez)<\/p>\n\n\n\n<p class=\"wp-block-paragraph\">Informatie en reserveringen: <a href=\"https:\/\/zou.maregionsud.fr\/\">Zou.maregionsud.fr<\/a>; 0809 400 013<strong>(let op: prijs van een lokaal gesprek, <\/strong>elke dag van 7 tot 20 uur).<\/p>\n\n\n\n<p class=\"wp-block-paragraph\">Het is nu mogelijk om de flexibus van Lyon naar La Croix-Valmer (aangrenzende gemeente Gassin) te nemen voor slechts 24,99 euro.<\/p>\n\n\n\n<p class=\"wp-block-paragraph\">Je kunt al je boekingen en meer informatie over deze route maken via deze link: <a href=\"https:\/\/www.flixbus.fr\/bus\/la-croix-valmer\">https:\/\/www.flixbus.fr\/bus\/la-croix-valmer.<\/a><\/p>\n\n\n\n<h2 class=\"wp-block-heading\"><span style=\"color: #339966;\">Met de trein<\/span><\/h2>\n\n\n\n<p class=\"wp-block-paragraph\">De omgeving van Gassin is per trein bereikbaar via de TGV-stations Saint-Rapha\u00ebl-Valescure (25 km), Les Arcs-Draguignan (26 km), Hy\u00e8res (40 km) en Toulon (55 km).<\/p>\n\n\n\n<p class=\"wp-block-paragraph\">Informatie en boekingen: <a href=\"http:\/\/www.sncf.com\">www.sncf.com;<\/a> 36 35.<\/p>\n\n\n\n<h2 class=\"wp-block-heading\"><span style=\"color: #339966;\">Met de auto<\/span><\/h2>\n\n\n\n<p class=\"wp-block-paragraph\"><em>Via de snelweg :<\/em><\/p>\n\n\n\n<p class=\"wp-block-paragraph\">Vanaf de A8: afslag 36 Le Muy\/Sainte Maxime: volg de D25 tot Sainte Maxime, dan de D559 (richting Saint-Tropez) tot het kruispunt Foux (Gassin).<\/p>\n\n\n\n<p class=\"wp-block-paragraph\">Vanaf de A57: afslag 13 Le Cannet des Maures\/ Le Luc: volg de D 558 tot het kruispunt La Foux (Gassin).<\/p>\n\n\n\n<p class=\"wp-block-paragraph\"><em>Over de weg :<\/em><\/p>\n\n\n\n<p class=\"wp-block-paragraph\">Vanuit Fr\u00e9jus\/Saint-Rapha\u00ebl: neem de D8 richting Saint-Maxime, dan de D559 tot aan het kruispunt Foux (Gassin) (of de D559 (aan zee)).<\/p>\n\n\n\n<p class=\"wp-block-paragraph\">Vanuit Bormes-les-Mimosas: volg de D41 en vervolgens de D98 richting Saint-Tropez tot aan het kruispunt La Foux (Gassin) (of de D559 richting Cavalaire\/La Croix-Valmer (kust)).<\/p>\n\n\n\n<p class=\"wp-block-paragraph\">Vanaf de A8: neem afslag 36 Le Muy, volg de D25 richting Sainte-Maxime en vervolgens de D559 tot aan het kruispunt Foux (Gassin) (of de D559 (kust)).<\/p>\n\n\n\n<p class=\"wp-block-paragraph\">Of neem vanaf de A8 de A57 bij Vidauban-Le Luc en neem afslag 13 Vidauban, volg de D558 naar Grimaud, dan de D61 richting Saint-Tropez en vervolgens de D98 naar het kruispunt bij Foux (Gassin).<\/p>\n\n\n\n<p class=\"wp-block-paragraph\">Om het dorp binnen te gaan, volg de borden &#8220;Gassin village\/ Office de tourisme&#8221;.<\/p>\n\n\n\n<p class=\"wp-block-paragraph\">Denk aan carpoolen!<\/p>\n\n\n\n<h3 class=\"wp-block-heading\"><span style=\"color: #339966;\">Waar kan ik parkeren in het dorp?<\/span><\/h3>\n\n\n\n<p class=\"wp-block-paragraph\">Gassin biedt ongeveer 400 parkeerplaatsen in en rond het oude dorp. Alle parkeerplaatsen zijn gratis. Je kunt parkeren bij het toeristenbureau, waar 3 parkeerplaatsen zijn: Place L\u00e9on Martel, Place Charles Giordano en Place Louis Collomp (71 plaatsen). Bij grote drukte zijn er iets verderop 85 parkeerplaatsen op de parkeerplaatsen bij de Chapelle. Aan de zuidkant van het dorp zijn 51 parkeerplaatsen beschikbaar op de route des Moulins de Paillas, voor het auditorium en de kleuterschool Esp\u00e9lidou.    <\/p>\n\n\n\n<figure class=\"wp-block-image\"><a href=\"https:\/\/gassin.eu\/nl\/praktische-informatie\/naar-gassin-komen\/les-parkings-a-gassin-cote-d-azur-ou-se-garer-a-gassin-2022-2\/\" rel=\"attachment wp-att-3389\"><img loading=\"lazy\" decoding=\"async\" width=\"1024\" height=\"544\" data-tippy-content=\"les-parkings-a-Gassin-Cote-d-Azur-ou-se-garer-a-Gassin-2022\" src=\"https:\/\/gassin.eu\/wp-content\/uploads\/2022\/06\/les-parkings-a-Gassin-Cote-d-Azur-ou-se-garer-a-Gassin-2022-1024x544.jpg\" alt=\"\" class=\"wp-image-3389\" srcset=\"https:\/\/gassin.eu\/wp-content\/uploads\/2022\/06\/les-parkings-a-Gassin-Cote-d-Azur-ou-se-garer-a-Gassin-2022-1024x544.jpg 1024w, https:\/\/gassin.eu\/wp-content\/uploads\/2022\/06\/les-parkings-a-Gassin-Cote-d-Azur-ou-se-garer-a-Gassin-2022-300x159.jpg 300w, https:\/\/gassin.eu\/wp-content\/uploads\/2022\/06\/les-parkings-a-Gassin-Cote-d-Azur-ou-se-garer-a-Gassin-2022-768x408.jpg 768w, https:\/\/gassin.eu\/wp-content\/uploads\/2022\/06\/les-parkings-a-Gassin-Cote-d-Azur-ou-se-garer-a-Gassin-2022-1536x815.jpg 1536w, https:\/\/gassin.eu\/wp-content\/uploads\/2022\/06\/les-parkings-a-Gassin-Cote-d-Azur-ou-se-garer-a-Gassin-2022-2048x1087.jpg 2048w\" sizes=\"auto, (max-width: 1024px) 100vw, 1024px\" \/><\/a><\/figure>\n\n\n\n<p class=\"wp-block-paragraph\"><\/p>\n\n\n\n<h2 class=\"wp-block-heading\">Toegang voor mensen met beperkte mobiliteit<\/h2>\n\n\n\n<p class=\"wp-block-paragraph\"><strong><span style=\"font-size: small;\">Buiten het kantoor is er een oprit voor mensen met beperkte mobiliteit vanaf een parkeerplaats voor gehandicapten in de buurt.  <\/span><\/strong><br\/><span style=\"font-size: small;\">Binnen in het restaurant is de toegangsdeur rolstoeltoegankelijk en links onderaan de hoofdingang is een deurbel ge\u00efnstalleerd. Indien nodig kan een personeelslid tussenbeide komen om de persoon met een handicap te helpen. Een pictogram op de receptie geeft aan welke hulp het personeel kan bieden aan bezoekers met een handicap.  <\/span><\/p>\n\n\n\n<h2 class=\"wp-block-heading\"><span style=\"color: #339966;\">Met de taxi<\/span><\/h2>\n\n\n\n<p class=\"wp-block-paragraph\">Hier vind je de lijst met <a href=\"https:\/\/gassin.eu\/wp-content\/uploads\/2019\/01\/Taxis-et-transferts.pdf\">taxi&#8217;s en transfers in de gemeente.<\/a><\/p>\n\n\n\n<h2 class=\"wp-block-heading\"><span style=\"color: #339966;\">Met het vliegtuig<\/span><\/h2>\n\n\n\n<p class=\"wp-block-paragraph\">La M\u00f4le-Saint-Tropez (9 km): <a href=\"http:\/\/www.sainttropez.aeroport.fr\">www.sainttropez.aeroport.fr;<\/a> +33 (0)4 94 54 76 40<br\/>Hy\u00e8res-Toulon (38 km): <a href=\"http:\/\/www.toulon-hyeres.aeroport.fr\">www.toulon-hyeres.aeroport.fr;<\/a> +33 (0)8 25 01 83 87<strong>(opgelet: telefoon tegen betaling<\/strong>: \u20ac 0,15\/min)<br\/>Nice-C\u00f4te d&#8217;Azur (70 km): <a href=\"http:\/\/www.nice.aeroport.fr\">www.nice.aeroport.fr;<\/a> +33 (0)8 20 42 33 33<strong>(opgelet: telefoon tegen betaling<\/strong>: \u20ac 0,12\/min)<br\/>Marseille-Provence (113 km): <a href=\"http:\/\/www.marseille.aeroport.fr\">www.marseille.aeroport.fr;<\/a> +33 (0)4 42 14 14 14<\/p>\n\n\n\n<h2 class=\"wp-block-heading\"><span style=\"color: #339966;\">Per helikopter<\/span><\/h2>\n\n\n\n<p class=\"wp-block-paragraph\">Heliport Grimaud-Saint-Tropez: <a href=\"http:\/\/helicopter-saint-tropez.com\">helicopter-saint-tropez.com<\/a>; +33 (0)4 94 55 59 99 of +33 (0)4 94 43 39 30<\/p>\n<\/div>\n","protected":false},"excerpt":{"rendered":"<p>Gassin ligt in het hart van het schiereiland Saint-Tropez aan de C\u00f4te d&#8217;Azur, tussen Saint-Rapha\u00ebl (25 km) en Hy\u00e8res (40 km). De gemeente grenst aan La Croix-Valmer, Ramatuelle en Saint-Tropez. GPS-co\u00f6rdinaten voor het toeristenbureauBreedtegraad: N43 13.804Lengtegraad: E6 35.134 Lijst met oplaadpunten voor elektrische voertuigen Contact: 04 98 11 56 51 &#8211; 09 70 99 09&#8230;<\/p>\n","protected":false},"author":7,"featured_media":6804,"parent":6783,"menu_order":70,"comment_status":"closed","ping_status":"closed","template":"","meta":{"_acf_changed":false,"_crdt_document":"","footnotes":""},"class_list":["post-6810","page","type-page","status-publish","has-post-thumbnail","hentry"],"acf":[],"_links":{"self":[{"href":"https:\/\/gassin.eu\/nl\/wp-json\/wp\/v2\/pages\/6810","targetHints":{"allow":["GET"]}}],"collection":[{"href":"https:\/\/gassin.eu\/nl\/wp-json\/wp\/v2\/pages"}],"about":[{"href":"https:\/\/gassin.eu\/nl\/wp-json\/wp\/v2\/types\/page"}],"author":[{"embeddable":true,"href":"https:\/\/gassin.eu\/nl\/wp-json\/wp\/v2\/users\/7"}],"replies":[{"embeddable":true,"href":"https:\/\/gassin.eu\/nl\/wp-json\/wp\/v2\/comments?post=6810"}],"version-history":[{"count":1,"href":"https:\/\/gassin.eu\/nl\/wp-json\/wp\/v2\/pages\/6810\/revisions"}],"predecessor-version":[{"id":6813,"href":"https:\/\/gassin.eu\/nl\/wp-json\/wp\/v2\/pages\/6810\/revisions\/6813"}],"up":[{"embeddable":true,"href":"https:\/\/gassin.eu\/nl\/wp-json\/wp\/v2\/pages\/6783"}],"wp:featuredmedia":[{"embeddable":true,"href":"https:\/\/gassin.eu\/nl\/wp-json\/wp\/v2\/media\/6804"}],"wp:attachment":[{"href":"https:\/\/gassin.eu\/nl\/wp-json\/wp\/v2\/media?parent=6810"}],"curies":[{"name":"wp","href":"https:\/\/api.w.org\/{rel}","templated":true}]}}