{"id":7249,"date":"2025-06-29T17:53:51","date_gmt":"2025-06-29T15:53:51","guid":{"rendered":"https:\/\/gassin.eu\/juridische-informatie\/"},"modified":"2026-05-05T14:35:45","modified_gmt":"2026-05-05T12:35:45","slug":"juridische-informatie","status":"publish","type":"page","link":"https:\/\/gassin.eu\/nl\/juridische-informatie\/","title":{"rendered":"Juridische informatie"},"content":{"rendered":"\n<div class=\"wp-block-group is-layout-constrained wp-block-group-is-layout-constrained\">\n<p class=\"wp-block-paragraph\"><strong>Eigenaar van de website <a href=\"https:\/\/gassin.eu\/\">gassin.eu<\/a>:<\/strong><br\/>OFFICE DE TOURISME DE GASSIN<br\/>20 place L\u00e9on Martel<br\/>83580 Gassin<br\/>Tel. +33 (0)4 98 11 56 51<\/p>\n\n\n\n<p class=\"wp-block-paragraph\"><strong>Productie website:<\/strong><br\/>Franck M\u00e9zi\u00e8re &#8211; Webdesign &amp; ontwikkeling &#8211; <a href=\"http:\/\/meziere.net\">meziere.net<\/a><\/p>\n\n\n\n<p class=\"wp-block-paragraph\"><strong>Muziek van het antwoordapparaat:<\/strong> Titel: <a href=\"https:\/\/auboutdufil.com\/?id=610\">Stay With Me<\/a>, Auteur: <a href=\"https:\/\/soundcloud.com\/rexlambo*\">Rexlambo<\/a>. Licentie: <a href=\"https:\/\/creativecommons.org\/licenses\/by\/3.0\/deed.fr\">https:\/\/creativecommons.org\/licenses\/by\/3.0\/deed.fr.<\/a> <\/p>\n\n\n\n<p class=\"wp-block-paragraph\"><strong>Foto&#8217;s:<\/strong> e.bertrand, Guillaume Voiturier, Aurelien Ferriere, Toeristenbureau Gassin<\/p>\n\n\n\n<p class=\"wp-block-paragraph\">Deze website is een originele intellectuele creatie en wordt daarom beschermd door het auteursrecht. De inhoud ervan wordt ook beschermd door intellectuele en\/of industri\u00eble eigendomsrechten. Elke persoon die inbreuk pleegt op de intellectuele eigendomsrechten die verbonden zijn aan de verschillende objecten op deze website, maakt zich schuldig aan namaak en is strafbaar met de strafrechtelijke sancties waarin de wet voorziet.  <\/p>\n\n\n\n<p class=\"wp-block-paragraph\">Gegevensverwerking:<br\/>De verzamelde informatie wordt elektronisch verwerkt om u te kunnen antwoorden.<\/p>\n\n\n\n<p class=\"wp-block-paragraph\">In overeenstemming met de Franse wet op de gegevensbescherming van 6 januari 1978, gewijzigd in 2004, hebt u recht op toegang tot en rectificatie van alle informatie die over u wordt bijgehouden. U kunt dit recht uitoefenen door contact op te nemen met het VVV-kantoor &#8211; 20 place L\u00e9on Martel &#8211; 83580 Gassin.<\/p>\n\n\n\n<p class=\"wp-block-paragraph\">U kunt ook, om legitieme redenen, bezwaar maken tegen de verwerking van uw gegevens.<\/p>\n<\/div>\n","protected":false},"excerpt":{"rendered":"<p>Eigenaar van de website gassin.eu:OFFICE DE TOURISME DE GASSIN20 place L\u00e9on Martel83580 GassinTel. +33 (0)4 98 11 56 51 Productie website:Franck M\u00e9zi\u00e8re &#8211; Webdesign &amp; ontwikkeling &#8211; meziere.net Muziek van het antwoordapparaat: Titel: Stay With Me, Auteur: Rexlambo. Licentie: https:\/\/creativecommons.org\/licenses\/by\/3.0\/deed.fr. Foto&#8217;s: e.bertrand, Guillaume Voiturier, Aurelien Ferriere, Toeristenbureau Gassin Deze website is een originele intellectuele creatie&#8230;<\/p>\n","protected":false},"author":6,"featured_media":0,"parent":0,"menu_order":211,"comment_status":"closed","ping_status":"closed","template":"","meta":{"_acf_changed":false,"_crdt_document":"","footnotes":""},"class_list":["post-7249","page","type-page","status-publish","hentry"],"acf":[],"_links":{"self":[{"href":"https:\/\/gassin.eu\/nl\/wp-json\/wp\/v2\/pages\/7249","targetHints":{"allow":["GET"]}}],"collection":[{"href":"https:\/\/gassin.eu\/nl\/wp-json\/wp\/v2\/pages"}],"about":[{"href":"https:\/\/gassin.eu\/nl\/wp-json\/wp\/v2\/types\/page"}],"author":[{"embeddable":true,"href":"https:\/\/gassin.eu\/nl\/wp-json\/wp\/v2\/users\/6"}],"replies":[{"embeddable":true,"href":"https:\/\/gassin.eu\/nl\/wp-json\/wp\/v2\/comments?post=7249"}],"version-history":[{"count":1,"href":"https:\/\/gassin.eu\/nl\/wp-json\/wp\/v2\/pages\/7249\/revisions"}],"predecessor-version":[{"id":7250,"href":"https:\/\/gassin.eu\/nl\/wp-json\/wp\/v2\/pages\/7249\/revisions\/7250"}],"wp:attachment":[{"href":"https:\/\/gassin.eu\/nl\/wp-json\/wp\/v2\/media?parent=7249"}],"curies":[{"name":"wp","href":"https:\/\/api.w.org\/{rel}","templated":true}]}}