{"id":7447,"date":"2020-10-07T10:34:20","date_gmt":"2020-10-07T08:34:20","guid":{"rendered":"https:\/\/gassin.eu\/praktische-informatie\/winkel-ticketverkoop\/"},"modified":"2026-05-05T14:37:55","modified_gmt":"2026-05-05T12:37:55","slug":"winkel-ticketverkoop","status":"publish","type":"page","link":"https:\/\/gassin.eu\/nl\/praktische-informatie\/winkel-ticketverkoop\/","title":{"rendered":"Winkel &amp; ticketverkoop"},"content":{"rendered":"\n<div class=\"wp-block-cover\"><img loading=\"lazy\" decoding=\"async\" width=\"1024\" height=\"1024\" class=\"wp-block-cover__image-background wp-image-6093\" alt=\"\" src=\"https:\/\/gassin.eu\/wp-content\/uploads\/2025\/07\/20250623_102540-1-1024x1024.jpg\" data-object-fit=\"cover\"\/><span aria-hidden=\"true\" class=\"wp-block-cover__background has-background-dim\"><\/span><div class=\"wp-block-cover__inner-container is-layout-flow wp-block-cover-is-layout-flow\">\n<p class=\"has-text-align-center has-large-font-size wp-block-paragraph\"><\/p>\n<\/div><\/div>\n\n<div class=\"wp-block-group alignwide is-nowrap is-layout-flex wp-container-core-group-is-layout-0defc3be wp-block-group-is-layout-flex\">\n<div class=\"wp-block-group is-layout-flow wp-block-group-is-layout-flow\">\n<p class=\"wp-block-paragraph\">De winkelhoek van het toeristenbureau biedt diverse souvenirproducten aan, die zowel ter plaatse als op afstand kunnen worden gekocht. Een deel van de winkel is voorbehouden aan producten die in consignatie worden verkocht. <\/p>\n\n\n\n<p class=\"wp-block-paragraph\"><strong>De winkel van het Toeristenbureau zet het terroir van Gassin in de kijker<\/strong><br\/>In het kader van de valorisatie van het lokale erfgoed heeft het Toeristenbureau een verkoopruimte ingericht die volledig is gewijd aan streekproducten.<br\/>Hier vindt u een verfijnde selectie van wijnen, ambachtelijke confituren, lokale honing, olijfolie en kant-en-klare geschenksets.<br\/>Elk product weerspiegelt het authentieke vakmanschap van de producenten uit Gassin en heeft als doel de gastronomische en ambachtelijke rijkdommen van het gebied te promoten.  <\/p>\n\n\n\n<h4 class=\"wp-block-heading\">Lijst van producten van de winkel van het toeristenbureau<\/h4>\n\n\n\n<ul class=\"wp-block-list\">\n<li>Guide Flammarion 2024 <em>Les Plus Beaux Villages de France<\/em> 18.9\u20ac ;<\/li>\n\n\n\n<li>Carte Michelin des Plus Beaux Villages de France 7.5\u20ac ;<\/li>\n\n\n\n<li>Carte IGN 13.4\u20ac ;<\/li>\n\n\n\n<li>Monnaie de Paris de Gassin 3\u20ac ;<\/li>\n\n\n\n<li>Livre sur <em>Gassin<\/em> de Guy Leduc 8\u20ac ;<\/li>\n\n\n\n<li>Schaaltje &#8216;&#8221;Silver&#8221; de Gassin 18\u20ac ;<\/li>\n\n\n\n<li>Schaaltje &#8216;&#8221;Classique&#8221; de Gassin 8.5\u20ac ;<\/li>\n\n\n\n<li>Dorpssleutel van Gassin 15\u20ac ;<\/li>\n\n\n\n<li>Het boek van Georges Flanet &#8220;Passion et Couleurs&#8221; dix ann\u00e9es \u00e0 Saint-Tropez 20\u20ac ;<\/li>\n\n\n\n<li>Graphic novel &#8220;Le Var, une terre d&#8217;histoire&#8221; ( introduction sur Gassin) 19.9\u20ac ;<\/li>\n\n\n\n<li>Graphic novel Golfe de Saint-Tropez &#8220;Histoires et L\u00e9gendes du Var&#8221; 13.9\u20ac ;<\/li>\n\n\n\n<li>Oukon Va&#8217;R ? spel (336 questions sur le Var) 9\u20ac ; <\/li>\n\n\n\n<li>Onderwaterboekje 8\u20ac ;<\/li>\n\n\n\n<li>Zomerposters van Gassin 25\u20ac ;<\/li>\n\n\n\n<li>Jeu de boules sets 15\u20ac ;<\/li>\n\n\n\n<li>Houten magneten &#8220;Gassin&#8221; 5\u20ac .<\/li>\n<\/ul>\n\n\n\n<p class=\"wp-block-paragraph\">Onze boetiek zet Made in France in de kijker, zoals blijkt uit de producten die te koop zijn in de dorpsboetieks<a href=\"https:\/\/gassin.eu\/fr\/services\/souvenirs\/gassin\/un-ete-a-gassin-4983322\/\">&#8220;Un \u00e9t\u00e9 \u00e0 Gassin<\/a>&#8221; en<a href=\"https:\/\/gassin.eu\/fr\/services\/metiers-d-art\/gassin\/l-authentique-4983379\/\">&#8220;L&#8217;Authentique<\/a>&#8220;.<\/p>\n\n\n\n<figure class=\"wp-block-gallery has-nested-images columns-default is-cropped wp-block-gallery-1 is-layout-flex wp-block-gallery-is-layout-flex\">\n<figure class=\"wp-block-image size-large is-style-default\"><img loading=\"lazy\" decoding=\"async\" width=\"771\" height=\"1024\" data-id=\"4902\" data-tippy-content=\"vue ensemble boutique 2025\" src=\"https:\/\/gassin.eu\/wp-content\/uploads\/2025\/03\/vue-ensemble-boutique-2025-1-771x1024.jpg\" alt=\"\" class=\"wp-image-4902\" srcset=\"https:\/\/gassin.eu\/wp-content\/uploads\/2025\/03\/vue-ensemble-boutique-2025-1-771x1024.jpg 771w, https:\/\/gassin.eu\/wp-content\/uploads\/2025\/03\/vue-ensemble-boutique-2025-1-226x300.jpg 226w, https:\/\/gassin.eu\/wp-content\/uploads\/2025\/03\/vue-ensemble-boutique-2025-1-768x1020.jpg 768w, https:\/\/gassin.eu\/wp-content\/uploads\/2025\/03\/vue-ensemble-boutique-2025-1-1157x1536.jpg 1157w, https:\/\/gassin.eu\/wp-content\/uploads\/2025\/03\/vue-ensemble-boutique-2025-1-1542x2048.jpg 1542w, https:\/\/gassin.eu\/wp-content\/uploads\/2025\/03\/vue-ensemble-boutique-2025-1-scaled.jpg 1928w\" sizes=\"auto, (max-width: 771px) 100vw, 771px\" \/><\/figure>\n\n\n\n<figure class=\"wp-block-image size-large is-style-default\"><img loading=\"lazy\" decoding=\"async\" width=\"771\" height=\"1024\" data-id=\"4823\" data-tippy-content=\"PXL_20250304_145636586.MP~2\" src=\"https:\/\/gassin.eu\/wp-content\/uploads\/2025\/03\/PXL_20250304_145636586.MP2_-771x1024.jpg\" alt=\"\" class=\"wp-image-4823\" srcset=\"https:\/\/gassin.eu\/wp-content\/uploads\/2025\/03\/PXL_20250304_145636586.MP2_-771x1024.jpg 771w, https:\/\/gassin.eu\/wp-content\/uploads\/2025\/03\/PXL_20250304_145636586.MP2_-226x300.jpg 226w, https:\/\/gassin.eu\/wp-content\/uploads\/2025\/03\/PXL_20250304_145636586.MP2_-768x1020.jpg 768w, https:\/\/gassin.eu\/wp-content\/uploads\/2025\/03\/PXL_20250304_145636586.MP2_-1157x1536.jpg 1157w, https:\/\/gassin.eu\/wp-content\/uploads\/2025\/03\/PXL_20250304_145636586.MP2_-1542x2048.jpg 1542w, https:\/\/gassin.eu\/wp-content\/uploads\/2025\/03\/PXL_20250304_145636586.MP2_-scaled.jpg 1928w\" sizes=\"auto, (max-width: 771px) 100vw, 771px\" \/><\/figure>\n\n\n\n<figure class=\"wp-block-image size-large is-style-default\"><img loading=\"lazy\" decoding=\"async\" width=\"936\" height=\"1024\" data-id=\"4833\" data-tippy-content=\"Livre et cartes PBVDF\" src=\"https:\/\/gassin.eu\/wp-content\/uploads\/2025\/03\/Livre-et-cartes-PBVDF-936x1024.jpg\" alt=\"\" class=\"wp-image-4833\" srcset=\"https:\/\/gassin.eu\/wp-content\/uploads\/2025\/03\/Livre-et-cartes-PBVDF-936x1024.jpg 936w, https:\/\/gassin.eu\/wp-content\/uploads\/2025\/03\/Livre-et-cartes-PBVDF-274x300.jpg 274w, https:\/\/gassin.eu\/wp-content\/uploads\/2025\/03\/Livre-et-cartes-PBVDF-768x841.jpg 768w, https:\/\/gassin.eu\/wp-content\/uploads\/2025\/03\/Livre-et-cartes-PBVDF-1403x1536.jpg 1403w, https:\/\/gassin.eu\/wp-content\/uploads\/2025\/03\/Livre-et-cartes-PBVDF-1871x2048.jpg 1871w\" sizes=\"auto, (max-width: 936px) 100vw, 936px\" \/><\/figure>\n\n\n\n<figure class=\"wp-block-image size-large is-style-default\"><img loading=\"lazy\" decoding=\"async\" width=\"820\" height=\"1024\" data-id=\"4832\" data-tippy-content=\"BD Histoires et L\u00e9gendes du Golfe\" src=\"https:\/\/gassin.eu\/wp-content\/uploads\/2025\/03\/BD-Histoires-et-Legendes-du-Golfe-820x1024.jpg\" alt=\"\" class=\"wp-image-4832\" srcset=\"https:\/\/gassin.eu\/wp-content\/uploads\/2025\/03\/BD-Histoires-et-Legendes-du-Golfe-820x1024.jpg 820w, https:\/\/gassin.eu\/wp-content\/uploads\/2025\/03\/BD-Histoires-et-Legendes-du-Golfe-240x300.jpg 240w, https:\/\/gassin.eu\/wp-content\/uploads\/2025\/03\/BD-Histoires-et-Legendes-du-Golfe-768x960.jpg 768w, https:\/\/gassin.eu\/wp-content\/uploads\/2025\/03\/BD-Histoires-et-Legendes-du-Golfe-1229x1536.jpg 1229w, https:\/\/gassin.eu\/wp-content\/uploads\/2025\/03\/BD-Histoires-et-Legendes-du-Golfe-1639x2048.jpg 1639w\" sizes=\"auto, (max-width: 820px) 100vw, 820px\" \/><\/figure>\n\n\n\n<figure class=\"wp-block-image size-large is-style-default\"><img loading=\"lazy\" decoding=\"async\" width=\"1024\" height=\"1024\" data-id=\"4855\" data-tippy-content=\"cl\u00e9 de la ville\" src=\"https:\/\/gassin.eu\/wp-content\/uploads\/2025\/03\/cle-de-la-ville-edited-1024x1024.jpg\" alt=\"\" class=\"wp-image-4855\" srcset=\"https:\/\/gassin.eu\/wp-content\/uploads\/2025\/03\/cle-de-la-ville-edited-1024x1024.jpg 1024w, https:\/\/gassin.eu\/wp-content\/uploads\/2025\/03\/cle-de-la-ville-edited-300x300.jpg 300w, https:\/\/gassin.eu\/wp-content\/uploads\/2025\/03\/cle-de-la-ville-edited-150x150.jpg 150w, https:\/\/gassin.eu\/wp-content\/uploads\/2025\/03\/cle-de-la-ville-edited-768x768.jpg 768w, https:\/\/gassin.eu\/wp-content\/uploads\/2025\/03\/cle-de-la-ville-edited-1536x1536.jpg 1536w, https:\/\/gassin.eu\/wp-content\/uploads\/2025\/03\/cle-de-la-ville-edited-2048x2048.jpg 2048w, https:\/\/gassin.eu\/wp-content\/uploads\/2025\/03\/cle-de-la-ville-edited-125x125.jpg 125w\" sizes=\"auto, (max-width: 1024px) 100vw, 1024px\" \/><\/figure>\n\n\n\n<figure class=\"wp-block-image size-large is-style-default\"><img loading=\"lazy\" decoding=\"async\" width=\"2560\" height=\"2560\" data-id=\"4891\" data-tippy-content=\"PXL_20250304_145613049~2\" src=\"https:\/\/gassin.eu\/wp-content\/uploads\/2025\/03\/PXL_20250304_1456130492-edited-scaled.jpg\" alt=\"\" class=\"wp-image-4891\" srcset=\"https:\/\/gassin.eu\/wp-content\/uploads\/2025\/03\/PXL_20250304_1456130492-edited-scaled.jpg 2560w, https:\/\/gassin.eu\/wp-content\/uploads\/2025\/03\/PXL_20250304_1456130492-edited-300x300.jpg 300w, https:\/\/gassin.eu\/wp-content\/uploads\/2025\/03\/PXL_20250304_1456130492-edited-1024x1024.jpg 1024w, https:\/\/gassin.eu\/wp-content\/uploads\/2025\/03\/PXL_20250304_1456130492-edited-150x150.jpg 150w, https:\/\/gassin.eu\/wp-content\/uploads\/2025\/03\/PXL_20250304_1456130492-edited-768x768.jpg 768w, https:\/\/gassin.eu\/wp-content\/uploads\/2025\/03\/PXL_20250304_1456130492-edited-1536x1536.jpg 1536w, https:\/\/gassin.eu\/wp-content\/uploads\/2025\/03\/PXL_20250304_1456130492-edited-2048x2048.jpg 2048w, https:\/\/gassin.eu\/wp-content\/uploads\/2025\/03\/PXL_20250304_1456130492-edited-125x125.jpg 125w\" sizes=\"auto, (max-width: 2560px) 100vw, 2560px\" \/><\/figure>\n<\/figure>\n\n\n\n<figure class=\"wp-block-gallery has-nested-images columns-default is-cropped wp-block-gallery-2 is-layout-flex wp-block-gallery-is-layout-flex\">\n<figure class=\"wp-block-image size-large is-style-default\"><img loading=\"lazy\" decoding=\"async\" width=\"845\" height=\"1024\" data-id=\"4819\" data-tippy-content=\"cendrier de plage\" src=\"https:\/\/gassin.eu\/wp-content\/uploads\/2025\/03\/cendrier-de-plage-845x1024.jpg\" alt=\"\" class=\"wp-image-4819\" srcset=\"https:\/\/gassin.eu\/wp-content\/uploads\/2025\/03\/cendrier-de-plage-845x1024.jpg 845w, https:\/\/gassin.eu\/wp-content\/uploads\/2025\/03\/cendrier-de-plage-247x300.jpg 247w, https:\/\/gassin.eu\/wp-content\/uploads\/2025\/03\/cendrier-de-plage-768x931.jpg 768w, https:\/\/gassin.eu\/wp-content\/uploads\/2025\/03\/cendrier-de-plage-1267x1536.jpg 1267w, https:\/\/gassin.eu\/wp-content\/uploads\/2025\/03\/cendrier-de-plage-1689x2048.jpg 1689w\" sizes=\"auto, (max-width: 845px) 100vw, 845px\" \/><\/figure>\n\n\n\n<figure class=\"wp-block-image size-large is-style-default\"><img loading=\"lazy\" decoding=\"async\" width=\"771\" height=\"1024\" data-id=\"4824\" data-tippy-content=\"jeux OuKon Var\" src=\"https:\/\/gassin.eu\/wp-content\/uploads\/2025\/03\/jeux-OuKon-Var-771x1024.jpg\" alt=\"\" class=\"wp-image-4824\" srcset=\"https:\/\/gassin.eu\/wp-content\/uploads\/2025\/03\/jeux-OuKon-Var-771x1024.jpg 771w, https:\/\/gassin.eu\/wp-content\/uploads\/2025\/03\/jeux-OuKon-Var-226x300.jpg 226w, https:\/\/gassin.eu\/wp-content\/uploads\/2025\/03\/jeux-OuKon-Var-768x1020.jpg 768w, https:\/\/gassin.eu\/wp-content\/uploads\/2025\/03\/jeux-OuKon-Var-1157x1536.jpg 1157w, https:\/\/gassin.eu\/wp-content\/uploads\/2025\/03\/jeux-OuKon-Var-1542x2048.jpg 1542w, https:\/\/gassin.eu\/wp-content\/uploads\/2025\/03\/jeux-OuKon-Var-scaled.jpg 1928w\" sizes=\"auto, (max-width: 771px) 100vw, 771px\" \/><\/figure>\n\n\n\n<figure class=\"wp-block-image size-large is-style-default\"><img loading=\"lazy\" decoding=\"async\" width=\"1024\" height=\"1024\" data-id=\"4850\" data-tippy-content=\"cl\u00e9 de la ville de Gassin\" src=\"https:\/\/gassin.eu\/wp-content\/uploads\/2025\/03\/cle-de-la-ville-de-Gassin-edited-1024x1024.jpg\" alt=\"\" class=\"wp-image-4850\" srcset=\"https:\/\/gassin.eu\/wp-content\/uploads\/2025\/03\/cle-de-la-ville-de-Gassin-edited-1024x1024.jpg 1024w, https:\/\/gassin.eu\/wp-content\/uploads\/2025\/03\/cle-de-la-ville-de-Gassin-edited-300x300.jpg 300w, https:\/\/gassin.eu\/wp-content\/uploads\/2025\/03\/cle-de-la-ville-de-Gassin-edited-150x150.jpg 150w, https:\/\/gassin.eu\/wp-content\/uploads\/2025\/03\/cle-de-la-ville-de-Gassin-edited-768x768.jpg 768w, https:\/\/gassin.eu\/wp-content\/uploads\/2025\/03\/cle-de-la-ville-de-Gassin-edited-1536x1536.jpg 1536w, https:\/\/gassin.eu\/wp-content\/uploads\/2025\/03\/cle-de-la-ville-de-Gassin-edited-2048x2048.jpg 2048w, https:\/\/gassin.eu\/wp-content\/uploads\/2025\/03\/cle-de-la-ville-de-Gassin-edited-125x125.jpg 125w\" sizes=\"auto, (max-width: 1024px) 100vw, 1024px\" \/><\/figure>\n<\/figure>\n\n\n\n<p class=\"wp-block-paragraph\"><strong>Producten in consignatie, winkel, toeristenbureau<\/strong><\/p>\n\n\n\n<div class=\"wp-block-columns is-layout-flex wp-container-core-columns-is-layout-0defc3be wp-block-columns-is-layout-flex\">\n<div class=\"wp-block-column is-layout-flow wp-block-column-is-layout-flow\">\n<div class=\"wp-block-columns is-layout-flex wp-container-core-columns-is-layout-0defc3be wp-block-columns-is-layout-flex\">\n<div class=\"wp-block-column is-layout-flow wp-block-column-is-layout-flow\">\n<figure class=\"wp-block-gallery has-nested-images columns-default is-cropped wp-block-gallery-3 is-layout-flex wp-block-gallery-is-layout-flex\">\n<figure class=\"wp-block-image size-large\"><img loading=\"lazy\" decoding=\"async\" width=\"577\" height=\"1024\" data-id=\"6545\" data-tippy-content=\"1000055904\" src=\"https:\/\/gassin.eu\/wp-content\/uploads\/2025\/12\/1000055904-1-577x1024.jpg\" alt=\"\" class=\"wp-image-6545\" srcset=\"https:\/\/gassin.eu\/wp-content\/uploads\/2025\/12\/1000055904-1-577x1024.jpg 577w, https:\/\/gassin.eu\/wp-content\/uploads\/2025\/12\/1000055904-1-169x300.jpg 169w, https:\/\/gassin.eu\/wp-content\/uploads\/2025\/12\/1000055904-1-768x1364.jpg 768w, https:\/\/gassin.eu\/wp-content\/uploads\/2025\/12\/1000055904-1-865x1536.jpg 865w, https:\/\/gassin.eu\/wp-content\/uploads\/2025\/12\/1000055904-1-1153x2048.jpg 1153w, https:\/\/gassin.eu\/wp-content\/uploads\/2025\/12\/1000055904-1-scaled.jpg 1441w\" sizes=\"auto, (max-width: 577px) 100vw, 577px\" \/><\/figure>\n<\/figure>\n<\/div>\n\n\n\n<div class=\"wp-block-column is-layout-flow wp-block-column-is-layout-flow\">\n<figure class=\"wp-block-image size-large\"><img loading=\"lazy\" decoding=\"async\" width=\"577\" height=\"1024\" data-tippy-content=\"20251203_094448\" src=\"https:\/\/gassin.eu\/wp-content\/uploads\/2025\/12\/20251203_094448-1-577x1024.jpg\" alt=\"\" class=\"wp-image-6556\" srcset=\"https:\/\/gassin.eu\/wp-content\/uploads\/2025\/12\/20251203_094448-1-577x1024.jpg 577w, https:\/\/gassin.eu\/wp-content\/uploads\/2025\/12\/20251203_094448-1-169x300.jpg 169w, https:\/\/gassin.eu\/wp-content\/uploads\/2025\/12\/20251203_094448-1-768x1364.jpg 768w, https:\/\/gassin.eu\/wp-content\/uploads\/2025\/12\/20251203_094448-1-865x1536.jpg 865w, https:\/\/gassin.eu\/wp-content\/uploads\/2025\/12\/20251203_094448-1-1153x2048.jpg 1153w, https:\/\/gassin.eu\/wp-content\/uploads\/2025\/12\/20251203_094448-1-scaled.jpg 1441w\" sizes=\"auto, (max-width: 577px) 100vw, 577px\" \/><figcaption class=\"wp-element-caption\">Geschenkmand met jam van Domaine Les M\u00e9sanges<\/figcaption><\/figure>\n\n\n\n<figure class=\"wp-block-image size-large\"><img loading=\"lazy\" decoding=\"async\" width=\"577\" height=\"1024\" data-tippy-content=\"1000055894\" src=\"https:\/\/gassin.eu\/wp-content\/uploads\/2025\/12\/1000055894-2-577x1024.jpg\" alt=\"\" class=\"wp-image-6548\" srcset=\"https:\/\/gassin.eu\/wp-content\/uploads\/2025\/12\/1000055894-2-577x1024.jpg 577w, https:\/\/gassin.eu\/wp-content\/uploads\/2025\/12\/1000055894-2-169x300.jpg 169w, https:\/\/gassin.eu\/wp-content\/uploads\/2025\/12\/1000055894-2-768x1364.jpg 768w, https:\/\/gassin.eu\/wp-content\/uploads\/2025\/12\/1000055894-2-865x1536.jpg 865w, https:\/\/gassin.eu\/wp-content\/uploads\/2025\/12\/1000055894-2-1153x2048.jpg 1153w, https:\/\/gassin.eu\/wp-content\/uploads\/2025\/12\/1000055894-2-scaled.jpg 1441w\" sizes=\"auto, (max-width: 577px) 100vw, 577px\" \/><figcaption class=\"wp-element-caption\">La Douce Am\u00e8re Jam van Domaine Les M\u00e9sanges<\/figcaption><\/figure>\n<\/div>\n<\/div>\n<\/div>\n\n\n\n<div class=\"wp-block-column is-layout-flow wp-block-column-is-layout-flow\">\n<figure class=\"wp-block-image size-large\"><img loading=\"lazy\" decoding=\"async\" width=\"577\" height=\"1024\" data-tippy-content=\"1000055911\" src=\"https:\/\/gassin.eu\/wp-content\/uploads\/2025\/12\/1000055911-2-577x1024.jpg\" alt=\"\" class=\"wp-image-6547\" srcset=\"https:\/\/gassin.eu\/wp-content\/uploads\/2025\/12\/1000055911-2-577x1024.jpg 577w, https:\/\/gassin.eu\/wp-content\/uploads\/2025\/12\/1000055911-2-169x300.jpg 169w, https:\/\/gassin.eu\/wp-content\/uploads\/2025\/12\/1000055911-2-768x1364.jpg 768w, https:\/\/gassin.eu\/wp-content\/uploads\/2025\/12\/1000055911-2-865x1536.jpg 865w, https:\/\/gassin.eu\/wp-content\/uploads\/2025\/12\/1000055911-2-1153x2048.jpg 1153w, https:\/\/gassin.eu\/wp-content\/uploads\/2025\/12\/1000055911-2-scaled.jpg 1441w\" sizes=\"auto, (max-width: 577px) 100vw, 577px\" \/><figcaption class=\"wp-element-caption\">Ros\u00e9wijnen &#8211; Le Moulin de Barbeyrolles 2024, gebotteld in het Ch\u00e2teau, C\u00f4tes de Provence<\/figcaption><\/figure>\n\n\n\n<figure class=\"wp-block-image size-large\"><img loading=\"lazy\" decoding=\"async\" width=\"1024\" height=\"577\" data-tippy-content=\"20251203_094119\" src=\"https:\/\/gassin.eu\/wp-content\/uploads\/2025\/12\/20251203_094119-1024x577.jpg\" alt=\"\" class=\"wp-image-6550\" srcset=\"https:\/\/gassin.eu\/wp-content\/uploads\/2025\/12\/20251203_094119-1024x577.jpg 1024w, https:\/\/gassin.eu\/wp-content\/uploads\/2025\/12\/20251203_094119-300x169.jpg 300w, https:\/\/gassin.eu\/wp-content\/uploads\/2025\/12\/20251203_094119-768x432.jpg 768w, https:\/\/gassin.eu\/wp-content\/uploads\/2025\/12\/20251203_094119-1536x865.jpg 1536w, https:\/\/gassin.eu\/wp-content\/uploads\/2025\/12\/20251203_094119-2048x1153.jpg 2048w\" sizes=\"auto, (max-width: 1024px) 100vw, 1024px\" \/><figcaption class=\"wp-element-caption\">Geschenkdoos met jam en fruitgelei Domaine Les M\u00e9sanges<\/figcaption><\/figure>\n<\/div>\n\n\n\n<div class=\"wp-block-column is-layout-flow wp-block-column-is-layout-flow\">\n<figure class=\"wp-block-image size-large is-resized\"><img loading=\"lazy\" decoding=\"async\" width=\"577\" height=\"1024\" data-tippy-content=\"20251203_094839\" src=\"https:\/\/gassin.eu\/wp-content\/uploads\/2025\/12\/20251203_094839-577x1024.jpg\" alt=\"\" class=\"wp-image-6553\" style=\"aspect-ratio:0.5634728485205012;width:291px;height:auto\" srcset=\"https:\/\/gassin.eu\/wp-content\/uploads\/2025\/12\/20251203_094839-577x1024.jpg 577w, https:\/\/gassin.eu\/wp-content\/uploads\/2025\/12\/20251203_094839-169x300.jpg 169w, https:\/\/gassin.eu\/wp-content\/uploads\/2025\/12\/20251203_094839-768x1364.jpg 768w, https:\/\/gassin.eu\/wp-content\/uploads\/2025\/12\/20251203_094839-865x1536.jpg 865w, https:\/\/gassin.eu\/wp-content\/uploads\/2025\/12\/20251203_094839-1153x2048.jpg 1153w, https:\/\/gassin.eu\/wp-content\/uploads\/2025\/12\/20251203_094839-scaled.jpg 1441w\" sizes=\"auto, (max-width: 577px) 100vw, 577px\" \/><figcaption class=\"wp-element-caption\">Ch\u00e2teau Val de Rians Honing &#8211; Gassin<\/figcaption><\/figure>\n<\/div>\n<\/div>\n\n\n\n<div class=\"wp-block-columns is-layout-flex wp-container-core-columns-is-layout-0defc3be wp-block-columns-is-layout-flex\">\n<div class=\"wp-block-column is-layout-flow wp-block-column-is-layout-flow\">\n<figure class=\"wp-block-image size-large is-resized\"><img loading=\"lazy\" decoding=\"async\" width=\"577\" height=\"1024\" data-tippy-content=\"1000055907\" src=\"https:\/\/gassin.eu\/wp-content\/uploads\/2025\/12\/1000055907-1-577x1024.jpg\" alt=\"\" class=\"wp-image-6562\" style=\"aspect-ratio:0.5634728485205012;width:202px;height:auto\" srcset=\"https:\/\/gassin.eu\/wp-content\/uploads\/2025\/12\/1000055907-1-577x1024.jpg 577w, https:\/\/gassin.eu\/wp-content\/uploads\/2025\/12\/1000055907-1-169x300.jpg 169w, https:\/\/gassin.eu\/wp-content\/uploads\/2025\/12\/1000055907-1-768x1364.jpg 768w, https:\/\/gassin.eu\/wp-content\/uploads\/2025\/12\/1000055907-1-865x1536.jpg 865w, https:\/\/gassin.eu\/wp-content\/uploads\/2025\/12\/1000055907-1-1153x2048.jpg 1153w, https:\/\/gassin.eu\/wp-content\/uploads\/2025\/12\/1000055907-1-scaled.jpg 1441w\" sizes=\"auto, (max-width: 577px) 100vw, 577px\" \/><figcaption class=\"wp-element-caption\">Jam van La Maison des Confitures<\/figcaption><\/figure>\n\n\n\n<p class=\"wp-block-paragraph\">Venkel met anijs \u20ac7,30<\/p>\n<\/div>\n\n\n\n<div class=\"wp-block-column is-layout-flow wp-block-column-is-layout-flow\"><\/div>\n\n\n\n<div class=\"wp-block-column is-layout-flow wp-block-column-is-layout-flow\"><\/div>\n<\/div>\n\n\n\n<div class=\"wp-block-columns is-layout-flex wp-container-core-columns-is-layout-0defc3be wp-block-columns-is-layout-flex\">\n<div class=\"wp-block-column is-layout-flow wp-block-column-is-layout-flow\" style=\"flex-basis:100%\"><\/div>\n<\/div>\n\n\n\n<p class=\"wp-block-paragraph\"><strong>Kaartjes voor vrijetijdsactiviteiten in de gids &#8220;Amusez-Vous&#8221;. <br\/><\/strong><\/p>\n\n\n\n<p class=\"wp-block-paragraph\">Het Office du Tourisme is partner en wederverkoper van de vrijetijdsactiviteiten in de <a href=\"https:\/\/www.amusezvous.net\/\">gids Amusez-vous<\/a>.<br\/>Vind een scala aan vrijetijdsactiviteiten tegen onweerstaanbare prijzen in de hele Golf van Saint-Tropez.<br\/>Vergeet niet om gemakkelijk te reserveren, door op de onderstaande link te klikken of rechtstreeks aan de receptie van het Office du Tourisme bij onze agenten!<\/p>\n\n\n\n<div class=\"wp-block-group is-layout-constrained wp-block-group-is-layout-constrained\">\n<div class=\"wp-block-columns is-layout-flex wp-container-core-columns-is-layout-0defc3be wp-block-columns-is-layout-flex\">\n<div class=\"wp-block-column is-layout-flow wp-block-column-is-layout-flow\" style=\"flex-basis:100%\">\n<figure class=\"wp-block-image size-large\"><a href=\"https:\/\/www.amusezvous.net\/\"><img loading=\"lazy\" decoding=\"async\" width=\"1024\" height=\"1024\" data-tippy-content=\"guide-amusez-vous-2024-web-\" src=\"https:\/\/gassin.eu\/wp-content\/uploads\/2024\/04\/guide-amusez-vous-2024-web--1024x1024.png\" alt=\"\" class=\"wp-image-4488\" srcset=\"https:\/\/gassin.eu\/wp-content\/uploads\/2024\/04\/guide-amusez-vous-2024-web--1024x1024.png 1024w, https:\/\/gassin.eu\/wp-content\/uploads\/2024\/04\/guide-amusez-vous-2024-web--300x300.png 300w, https:\/\/gassin.eu\/wp-content\/uploads\/2024\/04\/guide-amusez-vous-2024-web--150x150.png 150w, https:\/\/gassin.eu\/wp-content\/uploads\/2024\/04\/guide-amusez-vous-2024-web--768x768.png 768w, https:\/\/gassin.eu\/wp-content\/uploads\/2024\/04\/guide-amusez-vous-2024-web--125x125.png 125w, https:\/\/gassin.eu\/wp-content\/uploads\/2024\/04\/guide-amusez-vous-2024-web-.png 1200w\" sizes=\"auto, (max-width: 1024px) 100vw, 1024px\" \/><\/a><\/figure>\n<\/div>\n<\/div>\n<\/div>\n\n\n\n<p class=\"wp-block-paragraph\">Kaarten voor priv\u00e9-evenementen, zoals de Musicales dans les Vignes-concerten in de wijngaarden, zijn ook verkrijgbaar bij het VVV-kantoor.<\/p>\n<\/div>\n<\/div>\n","protected":false},"excerpt":{"rendered":"<p>De winkelhoek van het toeristenbureau biedt diverse souvenirproducten aan, die zowel ter plaatse als op afstand kunnen worden gekocht. Een deel van de winkel is voorbehouden aan producten die in consignatie worden verkocht. De winkel van het Toeristenbureau zet het terroir van Gassin in de kijkerIn het kader van de valorisatie van het lokale erfgoed&#8230;<\/p>\n","protected":false},"author":7,"featured_media":0,"parent":6783,"menu_order":75,"comment_status":"closed","ping_status":"closed","template":"","meta":{"_acf_changed":false,"_crdt_document":"","footnotes":""},"class_list":["post-7447","page","type-page","status-publish","hentry"],"acf":[],"_links":{"self":[{"href":"https:\/\/gassin.eu\/nl\/wp-json\/wp\/v2\/pages\/7447","targetHints":{"allow":["GET"]}}],"collection":[{"href":"https:\/\/gassin.eu\/nl\/wp-json\/wp\/v2\/pages"}],"about":[{"href":"https:\/\/gassin.eu\/nl\/wp-json\/wp\/v2\/types\/page"}],"author":[{"embeddable":true,"href":"https:\/\/gassin.eu\/nl\/wp-json\/wp\/v2\/users\/7"}],"replies":[{"embeddable":true,"href":"https:\/\/gassin.eu\/nl\/wp-json\/wp\/v2\/comments?post=7447"}],"version-history":[{"count":1,"href":"https:\/\/gassin.eu\/nl\/wp-json\/wp\/v2\/pages\/7447\/revisions"}],"predecessor-version":[{"id":7449,"href":"https:\/\/gassin.eu\/nl\/wp-json\/wp\/v2\/pages\/7447\/revisions\/7449"}],"up":[{"embeddable":true,"href":"https:\/\/gassin.eu\/nl\/wp-json\/wp\/v2\/pages\/6783"}],"wp:attachment":[{"href":"https:\/\/gassin.eu\/nl\/wp-json\/wp\/v2\/media?parent=7447"}],"curies":[{"name":"wp","href":"https:\/\/api.w.org\/{rel}","templated":true}]}}