{"id":7458,"date":"2021-03-29T18:01:30","date_gmt":"2021-03-29T16:01:30","guid":{"rendered":"https:\/\/gassin.eu\/2021-paascursus-archief-in-gassin\/"},"modified":"2026-05-05T14:38:10","modified_gmt":"2026-05-05T12:38:10","slug":"2021-paascursus-archief-in-gassin","status":"publish","type":"page","link":"https:\/\/gassin.eu\/nl\/2021-paascursus-archief-in-gassin\/","title":{"rendered":"2021 Paascursus archief in Gassin"},"content":{"rendered":"\n<div class=\"wp-block-group is-layout-constrained wp-block-group-is-layout-constrained\">\n<h2 class=\"wp-block-heading\">2023<\/h2>\n\n\n\n<p class=\"wp-block-paragraph\">Hier vind je de antwoorden op de route Pasen 2023 georganiseerd door het toeristenbureau: L&#8217;\u00e9chapp\u00e9e des poules.<\/p>\n\n\n\n<p class=\"wp-block-paragraph\"><\/p>\n\n\n\n<p class=\"has-luminous-vivid-orange-color has-text-color wp-block-paragraph\">Vraag 1: 7 eieren in de voli\u00e8re, 1000 gram bloem, 2,5 fles melk, 450 gram suiker.<\/p>\n\n\n\n<p class=\"wp-block-paragraph\">Vraag 2:<strong> <\/strong>2 in de bomen, \u00e9\u00e9n achter de krat<\/p>\n\n\n\n<p class=\"has-vivid-green-cyan-color has-text-color wp-block-paragraph\"><strong>Vraag 3:<\/strong> Gallino<\/p>\n\n\n\n<p class=\"has-vivid-cyan-blue-color has-text-color wp-block-paragraph\">Vraag 4: 2 3 4 5 6 7 8 10 13 14 15 16 17 18<\/p>\n\n\n\n<p class=\"has-luminous-vivid-orange-color has-text-color wp-block-paragraph\"><strong>Vraag 5:<\/strong> Op dakgoten<\/p>\n\n\n\n<p class=\"has-vivid-purple-color has-text-color wp-block-paragraph\">Vraag 6: 2+7=9, 4+5=9, 3+6=9, 1+8=9<\/p>\n\n\n\n<p class=\"has-vivid-green-cyan-color has-text-color wp-block-paragraph\"><strong>Vraag 7:<\/strong> molshoop=4, hol=6 hol=1, hok=7, varkensstal=2, schaapskooi=3, bijenkorf=5<\/p>\n\n\n\n<p class=\"wp-block-paragraph\">Vraag 8: <strong>Chocolade<\/strong><\/p>\n\n\n\n<p class=\"has-vivid-cyan-blue-color has-text-color wp-block-paragraph\"><strong>Vraag 9:<\/strong> poort, goten, laurier, bij de krat<\/p>\n\n\n\n<p class=\"has-vivid-green-cyan-color has-text-color wp-block-paragraph\">Vraag 10: Het kuiken tsjilpt<\/p>\n\n\n\n<p class=\"has-luminous-vivid-orange-color has-text-color wp-block-paragraph\"><strong>Vraag 11 <\/strong>: over dakgoten<\/p>\n\n\n\n<p class=\"has-vivid-red-color has-text-color wp-block-paragraph\">Vraag 12: De vos, de ekster, de slang, de marter, de sperwer<\/p>\n\n\n\n<p class=\"wp-block-paragraph\">Vraag 13: Gassinette is nummer 3<\/p>\n\n\n\n<p class=\"wp-block-paragraph\"><\/p>\n\n\n\n<p class=\"wp-block-paragraph\"><\/p>\n\n\n\n<h2 class=\"wp-block-heading\">2021<\/h2>\n\n\n\n<p class=\"wp-block-paragraph\"><\/p>\n\n\n\n<figure class=\"wp-block-image size-large\"><img loading=\"lazy\" decoding=\"async\" width=\"724\" height=\"1024\" data-tippy-content=\"AFFICHE-paques-1\" src=\"https:\/\/gassin.eu\/wp-content\/uploads\/2021\/04\/AFFICHE-paques-1-724x1024.jpg\" alt=\"\" class=\"wp-image-2332\" srcset=\"https:\/\/gassin.eu\/wp-content\/uploads\/2021\/04\/AFFICHE-paques-1-724x1024.jpg 724w, https:\/\/gassin.eu\/wp-content\/uploads\/2021\/04\/AFFICHE-paques-1-212x300.jpg 212w, https:\/\/gassin.eu\/wp-content\/uploads\/2021\/04\/AFFICHE-paques-1-768x1086.jpg 768w, https:\/\/gassin.eu\/wp-content\/uploads\/2021\/04\/AFFICHE-paques-1-1086x1536.jpg 1086w, https:\/\/gassin.eu\/wp-content\/uploads\/2021\/04\/AFFICHE-paques-1-1448x2048.jpg 1448w, https:\/\/gassin.eu\/wp-content\/uploads\/2021\/04\/AFFICHE-paques-1-scaled.jpg 1810w\" sizes=\"auto, (max-width: 724px) 100vw, 724px\" \/><\/figure>\n\n\n\n<p class=\"wp-block-paragraph\"><\/p>\n\n\n\n<figure class=\"wp-block-image size-large\"><img loading=\"lazy\" decoding=\"async\" width=\"724\" height=\"1024\" data-tippy-content=\"fond-de-carte-paques-ok\" src=\"https:\/\/gassin.eu\/wp-content\/uploads\/2021\/04\/fond-de-carte-paques-ok-724x1024.jpg\" alt=\"\" class=\"wp-image-2337\" srcset=\"https:\/\/gassin.eu\/wp-content\/uploads\/2021\/04\/fond-de-carte-paques-ok-724x1024.jpg 724w, https:\/\/gassin.eu\/wp-content\/uploads\/2021\/04\/fond-de-carte-paques-ok-212x300.jpg 212w, https:\/\/gassin.eu\/wp-content\/uploads\/2021\/04\/fond-de-carte-paques-ok-768x1086.jpg 768w, https:\/\/gassin.eu\/wp-content\/uploads\/2021\/04\/fond-de-carte-paques-ok-1086x1536.jpg 1086w, https:\/\/gassin.eu\/wp-content\/uploads\/2021\/04\/fond-de-carte-paques-ok-1448x2048.jpg 1448w, https:\/\/gassin.eu\/wp-content\/uploads\/2021\/04\/fond-de-carte-paques-ok-scaled.jpg 1810w\" sizes=\"auto, (max-width: 724px) 100vw, 724px\" \/><\/figure>\n\n\n\n<p class=\"wp-block-paragraph\"><\/p>\n\n\n\n<p class=\"wp-block-paragraph\"><\/p>\n\n\n\n<p class=\"wp-block-paragraph\">Ontdek hier alle antwoorden op de Paasroute 2021 in Gassin!<\/p>\n\n\n\n<p class=\"wp-block-paragraph\"><strong>Antwoorden<\/strong><\/p>\n\n\n\n<p class=\"wp-block-paragraph\"><strong>1- Dak van het VVV-kantoor<\/strong><\/p>\n\n\n\n<p class=\"wp-block-paragraph\">Onder de ori\u00ebntatietafel<\/p>\n\n\n\n<p class=\"wp-block-paragraph\"><strong>2- <\/strong><strong>Wallen<\/strong><\/p>\n\n\n\n<p class=\"wp-block-paragraph\"><strong>3- <\/strong><strong>Passage des B\u00e9n\u00e9dictins<\/strong><strong>: <\/strong>2 en 6<\/p>\n\n\n\n<p class=\"wp-block-paragraph\"><strong>4-Kerk:<\/strong> 1758<\/p>\n\n\n\n<p class=\"wp-block-paragraph\"><strong>5- Saraceense poort<\/strong> op het scharnier<\/p>\n\n\n\n<p class=\"wp-block-paragraph\"><strong>6- <\/strong><strong>Tascostraat: <\/strong>Pascal<\/p>\n\n\n\n<p class=\"wp-block-paragraph\"><strong>7- Rue de la Calade<\/strong><\/p>\n\n\n\n<figure class=\"wp-block-image size-large\"><img loading=\"lazy\" decoding=\"async\" width=\"425\" height=\"476\" data-tippy-content=\"image\" src=\"https:\/\/gassin.eu\/wp-content\/uploads\/2021\/03\/image.png\" alt=\"\" class=\"wp-image-2282\" srcset=\"https:\/\/gassin.eu\/wp-content\/uploads\/2021\/03\/image.png 425w, https:\/\/gassin.eu\/wp-content\/uploads\/2021\/03\/image-268x300.png 268w\" sizes=\"auto, (max-width: 425px) 100vw, 425px\" \/><\/figure>\n\n\n\n<p class=\"wp-block-paragraph\"><\/p>\n\n\n\n<p class=\"wp-block-paragraph\"><strong>8- <\/strong><strong>Trap<\/strong><strong>: <\/strong>haagbeuk<\/p>\n\n\n\n<p class=\"wp-block-paragraph\"><strong>9- Ori\u00ebntatietafel op de Gouden Eilanden: <\/strong>op de oprit<\/p>\n\n\n\n<p class=\"wp-block-paragraph\"><strong>10- <\/strong><strong>Rue de l&#8217;Enclos : <\/strong>Gallina<\/p>\n\n\n\n<p class=\"wp-block-paragraph\"><strong>11- <\/strong><strong>Rue du Puits: <\/strong>kuiken<\/p>\n\n\n\n<p class=\"wp-block-paragraph\"><strong>12- Doorgang van de Androuno<\/strong><\/p>\n\n\n\n<p class=\"wp-block-paragraph\"><strong>13- <\/strong><strong>Fabrikantenstraat : <\/strong><strong>4-2-6-3-1-5<\/strong><\/p>\n\n\n\n<p class=\"wp-block-paragraph\"><strong>14- <\/strong><strong>Rue de la Treille <\/strong>: a)<\/p>\n\n\n\n<p class=\"wp-block-paragraph\"><strong>15- <\/strong><strong>Rue Troubadour Rollet de Garcin <\/strong>: Ze vielen uit elkaar<\/p>\n\n\n\n<p class=\"wp-block-paragraph\"><strong>16- <\/strong><strong>Rue Rompecuou : <\/strong>Gassin<\/p>\n\n\n\n<p class=\"wp-block-paragraph\"><strong>17- <\/strong><strong>Langestraat<\/strong><\/p>\n\n\n\n<p class=\"wp-block-paragraph\">Jacinthe<\/p>\n\n\n\n<p class=\"wp-block-paragraph\">Primula of madeliefje of sneeuwklokje<\/p>\n\n\n\n<p class=\"wp-block-paragraph\">Tulp<\/p>\n\n\n\n<p class=\"wp-block-paragraph\">Magnolia of madeliefje<\/p>\n\n\n\n<p class=\"wp-block-paragraph\">Narcisse<\/p>\n\n\n\n<p class=\"wp-block-paragraph\"><strong>18- <\/strong><strong>G<\/strong><strong>versierde rotte<\/strong><\/p>\n<\/div>\n","protected":false},"excerpt":{"rendered":"<p>2023 Hier vind je de antwoorden op de route Pasen 2023 georganiseerd door het toeristenbureau: L&#8217;\u00e9chapp\u00e9e des poules. Vraag 1: 7 eieren in de voli\u00e8re, 1000 gram bloem, 2,5 fles melk, 450 gram suiker. Vraag 2: 2 in de bomen, \u00e9\u00e9n achter de krat Vraag 3: Gallino Vraag 4: 2 3 4 5 6 7&#8230;<\/p>\n","protected":false},"author":7,"featured_media":0,"parent":0,"menu_order":186,"comment_status":"closed","ping_status":"closed","template":"","meta":{"_acf_changed":false,"_crdt_document":"","footnotes":""},"class_list":["post-7458","page","type-page","status-publish","hentry"],"acf":[],"_links":{"self":[{"href":"https:\/\/gassin.eu\/nl\/wp-json\/wp\/v2\/pages\/7458","targetHints":{"allow":["GET"]}}],"collection":[{"href":"https:\/\/gassin.eu\/nl\/wp-json\/wp\/v2\/pages"}],"about":[{"href":"https:\/\/gassin.eu\/nl\/wp-json\/wp\/v2\/types\/page"}],"author":[{"embeddable":true,"href":"https:\/\/gassin.eu\/nl\/wp-json\/wp\/v2\/users\/7"}],"replies":[{"embeddable":true,"href":"https:\/\/gassin.eu\/nl\/wp-json\/wp\/v2\/comments?post=7458"}],"version-history":[{"count":1,"href":"https:\/\/gassin.eu\/nl\/wp-json\/wp\/v2\/pages\/7458\/revisions"}],"predecessor-version":[{"id":7463,"href":"https:\/\/gassin.eu\/nl\/wp-json\/wp\/v2\/pages\/7458\/revisions\/7463"}],"wp:attachment":[{"href":"https:\/\/gassin.eu\/nl\/wp-json\/wp\/v2\/media?parent=7458"}],"curies":[{"name":"wp","href":"https:\/\/api.w.org\/{rel}","templated":true}]}}