{"id":7481,"date":"2022-04-29T14:24:07","date_gmt":"2022-04-29T12:24:07","guid":{"rendered":"https:\/\/gassin.eu\/praktische-informatie\/duurzame-ontwikkeling\/"},"modified":"2026-05-05T14:38:21","modified_gmt":"2026-05-05T12:38:21","slug":"duurzame-ontwikkeling","status":"publish","type":"page","link":"https:\/\/gassin.eu\/nl\/praktische-informatie\/duurzame-ontwikkeling\/","title":{"rendered":"Duurzame ontwikkeling"},"content":{"rendered":"\n<div class=\"wp-block-group is-layout-flow wp-block-group-is-layout-flow\">\n<div class=\"wp-block-cover\"><span aria-hidden=\"true\" class=\"wp-block-cover__background has-background-dim-0 has-background-dim\" style=\"background-color:#7d7979\"><\/span><div class=\"wp-block-cover__inner-container is-layout-constrained wp-block-cover-is-layout-constrained\">\n<p class=\"has-text-align-center has-large-font-size wp-block-paragraph\"><\/p>\n<\/div><\/div>\n\n\n\n<p class=\"wp-block-paragraph\"><strong>Inhoud :<\/strong><\/p>\n\n\n\n<nav aria-label=\"Inhoudsopgave\" class=\"wp-block-table-of-contents\"><ol><li><a class=\"wp-block-table-of-contents__entry\" href=\"https:\/\/gassin.eu\/nl\/praktische-informatie\/duurzame-ontwikkeling\/#les-engagements-de-votre-office\">De verplichtingen van je kantoor<\/a><\/li><li><a class=\"wp-block-table-of-contents__entry\" href=\"https:\/\/gassin.eu\/nl\/praktische-informatie\/duurzame-ontwikkeling\/#la-qualite-des-eaux-de-baignade-a-gassin\">Zwemwaterkwaliteit in Gassin<\/a><\/li><li><a class=\"wp-block-table-of-contents__entry\" href=\"https:\/\/gassin.eu\/nl\/praktische-informatie\/duurzame-ontwikkeling\/#la-protection-de-la-posidonie\">De Posidonia beschermen<\/a><\/li><\/ol><\/nav>\n\n\n\n<figure class=\"wp-block-image aligncenter size-full is-resized\"><img loading=\"lazy\" decoding=\"async\" width=\"738\" height=\"300\" data-tippy-content=\"FBedddPlan de travail 9 copie 4\" src=\"https:\/\/gassin.eu\/wp-content\/uploads\/2021\/11\/FBedddPlan-de-travail-9-copie-4.png\" alt=\"\" class=\"wp-image-2661\" style=\"width:341px;height:139px\" srcset=\"https:\/\/gassin.eu\/wp-content\/uploads\/2021\/11\/FBedddPlan-de-travail-9-copie-4.png 738w, https:\/\/gassin.eu\/wp-content\/uploads\/2021\/11\/FBedddPlan-de-travail-9-copie-4-300x122.png 300w\" sizes=\"auto, (max-width: 738px) 100vw, 738px\" \/><\/figure>\n\n\n\n<h2 class=\"wp-block-heading\" id=\"les-engagements-de-votre-office\">De verplichtingen van je kantoor<\/h2>\n\n\n\n<p class=\"wp-block-paragraph\">Het toeristenbureau van Gassin zet zich in voor een ecologisch verantwoorde aanpak en het personeel is zich bewust van het belang van duurzame ontwikkeling en moedigt sociale professionals en partners aan om dit voorbeeld te volgen.<\/p>\n\n\n\n<p class=\"wp-block-paragraph\">Hier volgen enkele voorbeelden van acties die deze aanpak aanmoedigen:<\/p>\n\n\n\n<ul class=\"wp-block-list\">\n<li>Ik verminder mijn kleurenafdrukken en papieren mailings<\/li>\n\n\n\n<li>Ik beperk bijvoorbeeld mijn eigen edities ten gunste van gedeelde brochures.<\/li>\n\n\n\n<li>Ik kies voor carpoolen en openbaar vervoer<\/li>\n\n\n\n<li>Ik beheer mijn gebruik van water en huishoudelijke producten<\/li>\n\n\n\n<li>als ik werkzaamheden moet uitvoeren, denk ik aan het verbeteren van de isolatie van mijn gebouw<\/li>\n\n\n\n<li>Ik programmeer mijn computer om automatisch in slaapstand te gaan na 15 minuten niet gebruikt te zijn.<\/li>\n\n\n\n<li>Ik geef de voorkeur aan energiezuinige verlichting<\/li>\n\n\n\n<li>Ik doe altijd het licht uit in de kamer die ik verlaat<\/li>\n<\/ul>\n\n\n\n<p class=\"wp-block-paragraph\">Een <a href=\"https:\/\/pro.gassin.eu\/wp-content\/uploads\/2017\/12\/GASSIN-SENGAGE-POUR-LE-TOURISME-DURABLE-002.pdf\">handvest van Gassin s&#8217;engage pour le tourisme durable (Gassin zet zich in voor duurzaam toerisme)<\/a> zet de beste praktijken op een rijtje (wandelen en carpoolen genieten de voorkeur voor reizen, minder elektriciteitsverbruik, goed onderhoud van apparatuur, gebruik van bekers in plaats van wegwerpbekers, alleen de benodigde documenten afdrukken, etc.).<\/p>\n\n\n\n<p class=\"wp-block-paragraph\">Het team van het VVV-kantoor heeft een elektrisch voertuig aangeschaft dat in oktober 2020 geleverd zal worden, in lijn met het streven van de gemeente om haar openbare parkeerplaatsen &#8220;groener&#8221; te maken en de CO2-uitstoot te verminderen. De gemeente Gassin overtreft haar wettelijke verplichtingen, aangezien de laatste 4 aangeschafte voertuigen elektrisch zijn. Naast de voordelen voor het milieu is er ook al aanzienlijk bespaard op brandstofkosten.  <\/p>\n\n\n\n<p class=\"wp-block-paragraph\">In de herfst van 2018 werd een oplaadpunt van Electric 55 Charging, een bedrijf uit de Golf van Saint-Tropez, ge\u00efnstalleerd op de parking van Marines in Gassin om priv\u00e9voertuigen, zowel lokale als buitenlandse, te kunnen opladen. Een tweede oplaadpunt zal worden ge\u00efnstalleerd op de Place L\u00e9on Martel, voor het toeristenbureau. <\/p>\n\n\n\n<p class=\"wp-block-paragraph\">Afval wordt dagelijks gesorteerd in alle kantoorgebouwen.<\/p>\n\n\n\n<p class=\"wp-block-paragraph\">De website van de gemeente, die verantwoordelijk is voor de afvalinzameling, heeft een <a href=\"https:\/\/www.cc-golfedesainttropez.fr\/redevance-speciale\">pagina gewijd aan de speciale vergoeding<\/a>.<\/p>\n\n\n\n<p class=\"wp-block-paragraph\">Je kunt <a href=\"https:\/\/www.cc-golfedesainttropez.fr\/images\/dechet\/collecte\/memotri.pdf\">hier een gids over dit onderwerp downloaden.<\/a><\/p>\n\n\n\n<figure class=\"wp-block-image aligncenter size-large\"><img loading=\"lazy\" decoding=\"async\" width=\"950\" height=\"1024\" data-tippy-content=\"consignes\" src=\"https:\/\/gassin.eu\/wp-content\/uploads\/2022\/05\/consignes-950x1024.jpg\" alt=\"\" class=\"wp-image-3138\" srcset=\"https:\/\/gassin.eu\/wp-content\/uploads\/2022\/05\/consignes-950x1024.jpg 950w, https:\/\/gassin.eu\/wp-content\/uploads\/2022\/05\/consignes-278x300.jpg 278w, https:\/\/gassin.eu\/wp-content\/uploads\/2022\/05\/consignes-768x828.jpg 768w, https:\/\/gassin.eu\/wp-content\/uploads\/2022\/05\/consignes-1425x1536.jpg 1425w, https:\/\/gassin.eu\/wp-content\/uploads\/2022\/05\/consignes-1900x2048.jpg 1900w\" sizes=\"auto, (max-width: 950px) 100vw, 950px\" \/><figcaption class=\"wp-element-caption\">Informatie over afvalinzameling in de Golf van Saint-Tropez.<\/figcaption><\/figure>\n\n\n\n<p class=\"wp-block-paragraph\">Je kunt contact opnemen met onze agent Nathalie op kantoor via e-mail op ot-pro@gassin.eu .<\/p>\n\n\n\n<p class=\"wp-block-paragraph\">Je kunt alle informatie die je nodig hebt vinden op de website van de Communaut\u00e9 de communes du golfe de aint-Tropez <a href=\"https:\/\/www.cc-golfedesainttropez.fr\/dechets\">https:\/\/www.cc-golfedesainttropez.fr\/dechets <\/a> en\/of stuur al je aanvragen naar <a href=\"mailto:contactdechets@cc-golfedesainttropez.fr\">contactdechets@cc-golfedesainttropez.fr.<\/a><\/p>\n\n\n\n<p class=\"wp-block-paragraph\">Het handvest: Gassin zet zich in voor duurzaam toerisme.<\/p>\n\n\n\n<figure class=\"wp-block-image aligncenter\"><a href=\"https:\/\/pro.gassin.eu\/wp-content\/uploads\/2017\/12\/GASSIN-S&#x2019;ENGAGE-POUR-LE-TOURISME-DURABLE.jpg\"><img decoding=\"async\" data-tippy-content=\"carte-balades-francais-2017\" src=\"https:\/\/pro.gassin.eu\/wp-content\/uploads\/2017\/12\/GASSIN-S&#x2019;ENGAGE-POUR-LE-TOURISME-DURABLE-212x300.jpg\" alt=\"\" class=\"wp-image-282\"\/><\/a><\/figure>\n\n\n\n<h2 class=\"wp-block-heading\" id=\"la-qualite-des-eaux-de-baignade-a-gassin\">Zwemwaterkwaliteit in Gassin<\/h2>\n\n\n\n<div id=\"WaterPollution\" class=\"w-full\"><water-pollution title=\"\"><\/water-pollution><\/div>\n\n\n\n<h2 class=\"wp-block-heading\" id=\"la-protection-de-la-posidonie\">De Posidonia beschermen<\/h2>\n\n\n\n<p class=\"wp-block-paragraph\"><strong>Wist je dat?<\/strong><\/p>\n\n\n\n<p class=\"wp-block-paragraph\"><a><\/a>De Posidonia-weide (Posidonia oceanica) is de long van de Middellandse Zee.<\/p>\n\n\n\n<p class=\"wp-block-paragraph\">Deze unieke bloeiende plant, die overal langs de Middellandse Zeekust te vinden is, speelt een belangrijke rol bij het stabiliseren van de zeebodem. Hij produceert bloemen en vervolgens vruchten onder de zee. Hij komt alleen voor in de Middellandse Zee. Het is ieders plicht om hem te beschermen.   <\/p>\n\n\n\n<p class=\"wp-block-paragraph\">De aanwezigheid ervan is een bewijs van de helderheid van het water, dus wees niet verbaasd als je het op de stranden vindt &#8211; het is daar opzettelijk achtergelaten om te voorkomen dat de golven het zand wegspoelen.<\/p>\n\n\n\n<p class=\"wp-block-paragraph\">Er zijn bijna 60 soorten zeegras, die immense onderwaterbossen vormen die zichtbaar zijn tot op een diepte van 50 meter.<\/p>\n\n\n\n<p class=\"wp-block-paragraph\">Posidonia oceanica is in Frankrijk wettelijk beschermd en het is verboden om het te vernietigen.<\/p>\n\n\n\n<p class=\"wp-block-paragraph\"><a href=\"https:\/\/gassin.eu\/wp-content\/uploads\/2022\/05\/posidonie.pdf\">Lees voor meer informatie de brochure over de Posidonia weide, die je hier kunt downloaden<\/a>.<\/p>\n\n\n\n<div data-wp-interactive=\"core\/file\" class=\"wp-block-file\"><object data-wp-bind--hidden=\"!state.hasPdfPreview\" hidden class=\"wp-block-file__embed\" data=\"https:\/\/gassin.eu\/wp-content\/uploads\/2022\/05\/posidonie.pdf\" type=\"application\/pdf\" style=\"width:100%;height:600px\" aria-label=\"Insluiting van posidonie.\"><\/object><a id=\"wp-block-file--media-74e01514-f679-4ecd-bc46-296003b32c37\" href=\"https:\/\/gassin.eu\/wp-content\/uploads\/2022\/05\/posidonie.pdf\">posidonia<\/a><\/div>\n\n\n\n<figure class=\"wp-block-gallery has-nested-images columns-default is-cropped wp-block-gallery-1 is-layout-flex wp-block-gallery-is-layout-flex\">\n<figure class=\"wp-block-image size-large\"><img loading=\"lazy\" decoding=\"async\" width=\"1024\" height=\"537\" data-id=\"4552\" data-tippy-content=\"380005251_1024753318501901_6026871875387965145_n\" src=\"https:\/\/gassin.eu\/wp-content\/uploads\/2024\/07\/380005251_1024753318501901_6026871875387965145_n-1-1024x537.jpg\" alt=\"\" class=\"wp-image-4552\" srcset=\"https:\/\/gassin.eu\/wp-content\/uploads\/2024\/07\/380005251_1024753318501901_6026871875387965145_n-1-1024x537.jpg 1024w, https:\/\/gassin.eu\/wp-content\/uploads\/2024\/07\/380005251_1024753318501901_6026871875387965145_n-1-300x157.jpg 300w, https:\/\/gassin.eu\/wp-content\/uploads\/2024\/07\/380005251_1024753318501901_6026871875387965145_n-1-768x403.jpg 768w, https:\/\/gassin.eu\/wp-content\/uploads\/2024\/07\/380005251_1024753318501901_6026871875387965145_n-1.jpg 1536w\" sizes=\"auto, (max-width: 1024px) 100vw, 1024px\" \/><\/figure>\n\n\n\n<figure class=\"wp-block-image size-large\"><img loading=\"lazy\" decoding=\"async\" width=\"771\" height=\"1024\" data-id=\"4557\" data-tippy-content=\"380694080_1024750265168873_2395882325296500189_n\" src=\"https:\/\/gassin.eu\/wp-content\/uploads\/2024\/07\/380694080_1024750265168873_2395882325296500189_n-1-771x1024.jpg\" alt=\"\" class=\"wp-image-4557\" srcset=\"https:\/\/gassin.eu\/wp-content\/uploads\/2024\/07\/380694080_1024750265168873_2395882325296500189_n-1-771x1024.jpg 771w, https:\/\/gassin.eu\/wp-content\/uploads\/2024\/07\/380694080_1024750265168873_2395882325296500189_n-1-226x300.jpg 226w, https:\/\/gassin.eu\/wp-content\/uploads\/2024\/07\/380694080_1024750265168873_2395882325296500189_n-1-768x1020.jpg 768w, https:\/\/gassin.eu\/wp-content\/uploads\/2024\/07\/380694080_1024750265168873_2395882325296500189_n-1-1157x1536.jpg 1157w, https:\/\/gassin.eu\/wp-content\/uploads\/2024\/07\/380694080_1024750265168873_2395882325296500189_n-1.jpg 1536w\" sizes=\"auto, (max-width: 771px) 100vw, 771px\" \/><\/figure>\n<\/figure>\n<\/div>\n","protected":false},"excerpt":{"rendered":"<p>Inhoud : De verplichtingen van je kantoor Het toeristenbureau van Gassin zet zich in voor een ecologisch verantwoorde aanpak en het personeel is zich bewust van het belang van duurzame ontwikkeling en moedigt sociale professionals en partners aan om dit voorbeeld te volgen. Hier volgen enkele voorbeelden van acties die deze aanpak aanmoedigen: Een handvest&#8230;<\/p>\n","protected":false},"author":7,"featured_media":0,"parent":6783,"menu_order":141,"comment_status":"closed","ping_status":"closed","template":"","meta":{"_acf_changed":false,"_crdt_document":"","footnotes":""},"class_list":["post-7481","page","type-page","status-publish","hentry"],"acf":[],"_links":{"self":[{"href":"https:\/\/gassin.eu\/nl\/wp-json\/wp\/v2\/pages\/7481","targetHints":{"allow":["GET"]}}],"collection":[{"href":"https:\/\/gassin.eu\/nl\/wp-json\/wp\/v2\/pages"}],"about":[{"href":"https:\/\/gassin.eu\/nl\/wp-json\/wp\/v2\/types\/page"}],"author":[{"embeddable":true,"href":"https:\/\/gassin.eu\/nl\/wp-json\/wp\/v2\/users\/7"}],"replies":[{"embeddable":true,"href":"https:\/\/gassin.eu\/nl\/wp-json\/wp\/v2\/comments?post=7481"}],"version-history":[{"count":1,"href":"https:\/\/gassin.eu\/nl\/wp-json\/wp\/v2\/pages\/7481\/revisions"}],"predecessor-version":[{"id":7484,"href":"https:\/\/gassin.eu\/nl\/wp-json\/wp\/v2\/pages\/7481\/revisions\/7484"}],"up":[{"embeddable":true,"href":"https:\/\/gassin.eu\/nl\/wp-json\/wp\/v2\/pages\/6783"}],"wp:attachment":[{"href":"https:\/\/gassin.eu\/nl\/wp-json\/wp\/v2\/media?parent=7481"}],"curies":[{"name":"wp","href":"https:\/\/api.w.org\/{rel}","templated":true}]}}