{"id":7519,"date":"2023-07-27T12:24:29","date_gmt":"2023-07-27T10:24:29","guid":{"rendered":"https:\/\/gassin.eu\/faq\/"},"modified":"2026-05-05T14:38:47","modified_gmt":"2026-05-05T12:38:47","slug":"faq","status":"publish","type":"page","link":"https:\/\/gassin.eu\/nl\/faq\/","title":{"rendered":"FAQ"},"content":{"rendered":"<div class=\"wp-block-fmz-collapsible align\" x-data=\"{selected:null}\">\n      <ul class=\"flex flex-col gap-4 list-none\">\n        \n\n<li class=\"wp-block-fmz-collapse !m-0 !p-0 relative\"><button type=\"button\" class=\"w-full bg-primary-container border-0 text-on-primary-container dark:text-white px-8 py-6 text-xl rounded-md\" aria-expanded=\"selected == 985853445957771500664 ? 'true' : 'false'\" @click=\"selected !== 985853445957771500664 ? selected = 985853445957771500664 : selected = null\"><div class=\"flex items-center justify-between\"><span>Comment se rendre \u00e0 Gassin \u00e0 v\u00e9lo ?<\/span><span style=\"true ? '' : 'display:none'\"><i class=\"fa-solid fa-plus\" x-bind:style=\"selected == 985853445957771500664 ? 'display:none' : ''\"><\/i><i class=\"fa-solid fa-minus\" x-bind:style=\"selected != 985853445957771500664 ? 'display:none' : ''\"><\/i><\/span><\/div><\/button><div class=\"relative overflow-hidden transition-all max-h-0 duration-700\" x-ref=\"container985853445957771500664\" x-bind:style=\"selected == 985853445957771500664 ? 'max-height: ' + $refs.container985853445957771500664.scrollHeight + 'px' : ''\"><div class=\"px-8 py-6\">\n<p class=\"has-light-color has-solid-background-color has-text-color has-background wp-block-paragraph\">Het toeristenbureau heeft het label &#8220;Accueil V\u00e9lo&#8221; en biedt een speciaal welkom en brochures voor fietsers in het dorp en in Gassin.<\/p>\n\n\n\n<p class=\"has-light-color has-solid-background-color has-text-color has-background wp-block-paragraph\">Er zijn verschillende fietsroutes naar het dorp Gassin, waaronder drie die langs het toeristenbureau lopen, waar u de volgende gids kunt ophalen:<strong> <\/strong><em><a href=\"https:\/\/gassin.eu\/wp-content\/uploads\/2021\/07\/Au-coeur-de-la-presquile-a-velo-2021-a4-v1.pdf\">Op de fiets in het hart van Presqu&#8217;\u00eele<\/a><\/em><\/p>\n\n\n\n<p class=\"has-light-color has-solid-background-color has-text-color has-background wp-block-paragraph\">Route 1 verbindt het dorp met de Marines de Gassin, weg van de hoofdwegen en met een prachtig panoramisch uitzicht.<\/p>\n\n\n\n<p class=\"has-light-color has-solid-background-color has-text-color has-background wp-block-paragraph\"><strong>Houd er rekening mee dat het pad Ville-Vieille niet toegankelijk is voor racefietsen. <\/strong><\/p>\n\n\n\n<p class=\"has-light-color has-solid-background-color has-text-color has-background wp-block-paragraph\">Route 5 biedt een 6,6 km lange omleiding van Gassin (aan de kust) naar Saint-Tropez en verbindt de Marines de Gassin met het strand van Bouillabaisse bij de ingang van Saint-Tropez.<\/p>\n\n\n\n<p class=\"has-light-color has-solid-background-color has-text-color has-background wp-block-paragraph\">Route 6 biedt een omweg van Gassin (vlakte) naar La Croix Valmer en verbindt het lyceum in Gassin met de buitenwijken van La Foux in La Croix Valmer.<\/p>\n\n\n\n<p class=\"has-light-color has-solid-background-color has-text-color has-background wp-block-paragraph\">Andere circuits zijn ook toegankelijk per mountainbike en verbinden bijvoorbeeld op circuit 4 de opmerkelijke tuinen die een prachtig panoramisch uitzicht bieden vanaf het dorp Gassin.<\/p>\n<\/div><\/div><\/li>\n\n\n\n<li class=\"wp-block-fmz-collapse !m-0 !p-0 relative\"><button type=\"button\" class=\"w-full bg-primary-container border-0 text-on-primary-container dark:text-white px-8 py-6 text-xl rounded-md\" aria-expanded=\"selected == 221888869404808467651230 ? 'true' : 'false'\" @click=\"selected !== 221888869404808467651230 ? selected = 221888869404808467651230 : selected = null\"><div class=\"flex items-center justify-between\"><span>Comment venir \u00e0 Gassin en bus ?<\/span><span style=\"true ? '' : 'display:none'\"><i class=\"fa-solid fa-plus\" x-bind:style=\"selected == 221888869404808467651230 ? 'display:none' : ''\"><\/i><i class=\"fa-solid fa-minus\" x-bind:style=\"selected != 221888869404808467651230 ? 'display:none' : ''\"><\/i><\/span><\/div><\/button><div class=\"relative overflow-hidden transition-all max-h-0 duration-700\" x-ref=\"container221888869404808467651230\" x-bind:style=\"selected == 221888869404808467651230 ? 'max-height: ' + $refs.container221888869404808467651230.scrollHeight + 'px' : ''\"><div class=\"px-8 py-6\">\n<p class=\"wp-block-paragraph\">De <a href=\"https:\/\/zou.maregionsud.fr\/\">Zou-dienst<\/a> biedt regelmatige diensten naar de steden in de Golf (Cavalaire-sur-Mer, Cogolin, La Croix-Valmer, la Garde-Freinet, Grimaud, La M\u00f4le, le Plan-de-la-Tour, Ramatuelle, Saint-Tropez, Sainte-Maxime) en naar de belangrijkste agglomeraties in de Var. Er zijn ook verbindingen met de TGV-stations van Les Arcs\/Draguignan, Hy\u00e8res, Toulon en Saint-Rapha\u00ebl. <\/p>\n\n\n\n<p class=\"wp-block-paragraph\">De belangrijkste lijnen die de gemeente Gassin bedienen zijn :<\/p>\n\n\n\n<p class=\"wp-block-paragraph\"><strong>876<\/strong> <strong>SAINT-RAPHA\u00cbL &#8211; SAINT-TROPEZ<\/strong> (richting Saint-Tropez)<br\/><strong>873<\/strong> <strong>COGOLIN &#8211; HY\u00c8RES<\/strong> (richting Hy\u00e8res)<\/p>\n\n\n\n<p class=\"wp-block-paragraph\"><strong>878 TOULON<\/strong> (station) &#8211; <strong>SAINT-TROPEZ<\/strong> (richting Saint-Tropez)<\/p>\n\n\n\n<p class=\"wp-block-paragraph\">Informatie en reserveringen: <a href=\"https:\/\/zou.maregionsud.fr\/\">Zou.maregionsud.fr<\/a><\/p>\n\n\n\n<p class=\"wp-block-paragraph\">0809 400 013<strong>(let op: prijs van een lokaal gesprek, <\/strong>elke dag van 7.00 tot 20.00 uur).<\/p>\n\n\n\n<p class=\"wp-block-paragraph\">Het is nu mogelijk om de flexibus van Lyon naar La Croix-Valmer (aangrenzende gemeente Gassin) te nemen voor slechts 24,99 euro.<\/p>\n\n\n\n<p class=\"wp-block-paragraph\">Je kunt al je boekingen en meer informatie over deze route maken via deze link: <a href=\"https:\/\/www.flixbus.fr\/bus\/la-croix-valmer\">https:\/\/www.flixbus.fr\/bus\/la-croix-valmer;<\/a><\/p>\n<\/div><\/div><\/li>\n\n\n\n<li class=\"wp-block-fmz-collapse !m-0 !p-0 relative\"><button type=\"button\" class=\"w-full bg-primary-container border-0 text-on-primary-container dark:text-white px-8 py-6 text-xl rounded-md\" aria-expanded=\"selected == 350053010304831173200 ? 'true' : 'false'\" @click=\"selected !== 350053010304831173200 ? selected = 350053010304831173200 : selected = null\"><div class=\"flex items-center justify-between\"><span>Quelles sont les horaires d\u2019ouverture des bureaux de l\u2019office de tourisme\u00a0?<\/span><span style=\"true ? '' : 'display:none'\"><i class=\"fa-solid fa-plus\" x-bind:style=\"selected == 350053010304831173200 ? 'display:none' : ''\"><\/i><i class=\"fa-solid fa-minus\" x-bind:style=\"selected != 350053010304831173200 ? 'display:none' : ''\"><\/i><\/span><\/div><\/button><div class=\"relative overflow-hidden transition-all max-h-0 duration-700\" x-ref=\"container350053010304831173200\" x-bind:style=\"selected == 350053010304831173200 ? 'max-height: ' + $refs.container350053010304831173200.scrollHeight + 'px' : ''\"><div class=\"px-8 py-6\">\n<p class=\"wp-block-paragraph\">Onze medewerkers verwelkomen je elke dag (april tot oktober) van 9.00 tot 13.00 uur en van 14.00 tot 18.00 uur, behalve op zondag, dan zijn ze geopend van 9.00 tot 13.00 uur. Buiten het seizoen is het kantoor geopend van maandag tot vrijdag van 8.30 tot 12.30 en van 14.00 tot 17.00 uur. U kunt ook contact met ons opnemen per telefoon op 04 98 11 56 51, per e-mail op accueil@gassin.eu of per post, Office de tourisme de Gassin 20 place L\u00e9on Martel, 83580 Gassin.  <\/p>\n<\/div><\/div><\/li>\n\n\n\n<li class=\"wp-block-fmz-collapse !m-0 !p-0 relative\"><button type=\"button\" class=\"w-full bg-primary-container border-0 text-on-primary-container dark:text-white px-8 py-6 text-xl rounded-md\" aria-expanded=\"selected == 056443464361899954 ? 'true' : 'false'\" @click=\"selected !== 056443464361899954 ? selected = 056443464361899954 : selected = null\"><div class=\"flex items-center justify-between\"><span>Quelle est le jour et l\u2019heure de la visite guid\u00e9e du village\u00a0?<\/span><span style=\"true ? '' : 'display:none'\"><i class=\"fa-solid fa-plus\" x-bind:style=\"selected == 056443464361899954 ? 'display:none' : ''\"><\/i><i class=\"fa-solid fa-minus\" x-bind:style=\"selected != 056443464361899954 ? 'display:none' : ''\"><\/i><\/span><\/div><\/button><div class=\"relative overflow-hidden transition-all max-h-0 duration-700\" x-ref=\"container056443464361899954\" x-bind:style=\"selected == 056443464361899954 ? 'max-height: ' + $refs.container056443464361899954.scrollHeight + 'px' : ''\"><div class=\"px-8 py-6\">\n<p class=\"wp-block-paragraph\">Rondleidingen door het dorp vertrekken elke maandag vanaf het Office du Tourisme met Nathalie, van 03\/04 tot 30\/10, van 16.00 tot 17.30 uur. In juli en augustus begint de rondleiding om 17.30 uur en neemt de vorm aan van een gastronomische wandeling, met de mogelijkheid van een wijnproeverij aan het einde.<br\/>Onder voorbehoud van gunstige weersomstandigheden. <\/p>\n<\/div><\/div><\/li>\n\n\n\n<li class=\"wp-block-fmz-collapse !m-0 !p-0 relative\"><button type=\"button\" class=\"w-full bg-primary-container border-0 text-on-primary-container dark:text-white px-8 py-6 text-xl rounded-md\" aria-expanded=\"selected == 01313487905014752046 ? 'true' : 'false'\" selected :=\"\"><div class=\"flex items-center justify-between\"><span>Waar is Androuno, het smalste straatje ter wereld?<\/span><span style=\"true ? '' : 'display:none'\"><i class=\"fa-solid fa-plus\" x-bind:style=\"selected == 01313487905014752046 ? 'display:none' : ''\"><\/i><i class=\"fa-solid fa-minus\" x-bind:style=\"selected != 01313487905014752046 ? 'display:none' : ''\"><\/i><\/span><\/div><\/button><div class=\"relative overflow-hidden transition-all max-h-0 duration-700\" x-ref=\"container01313487905014752046\" x-bind:style=\"selected == 01313487905014752046 ? 'max-height: ' + $refs.container01313487905014752046.scrollHeight + 'px' : ''\"><div class=\"px-8 py-6\"><\/div><\/div><\/li>\n\n\n\n<li class=\"wp-block-fmz-collapse !m-0 !p-0 relative\"><button type=\"button\" class=\"w-full bg-primary-container border-0 text-on-primary-container dark:text-white px-8 py-6 text-xl rounded-md\" aria-expanded=\"selected == 149553342747657520 ? 'true' : 'false'\" @click=\"selected !== 149553342747657520 ? selected = 149553342747657520 : selected = null\"><div class=\"flex items-center justify-between\"><span>Les chiens sont-ils les bienvenus \u00e0 l\u2019office de tourisme\u00a0?<\/span><span style=\"true ? '' : 'display:none'\"><i class=\"fa-solid fa-plus\" x-bind:style=\"selected == 149553342747657520 ? 'display:none' : ''\"><\/i><i class=\"fa-solid fa-minus\" x-bind:style=\"selected != 149553342747657520 ? 'display:none' : ''\"><\/i><\/span><\/div><\/button><div class=\"relative overflow-hidden transition-all max-h-0 duration-700\" x-ref=\"container149553342747657520\" x-bind:style=\"selected == 149553342747657520 ? 'max-height: ' + $refs.container149553342747657520.scrollHeight + 'px' : ''\"><div class=\"px-8 py-6\">\n<p class=\"wp-block-paragraph\">Honden zijn welkom bij het toeristenbureau. Hondenpoepzakjes zijn verkrijgbaar in het dorp. De stranden van Moune en Treizain zijn ook hondvriendelijk.  <\/p>\n<\/div><\/div><\/li>\n\n\n\n<li class=\"wp-block-fmz-collapse !m-0 !p-0 relative\"><button type=\"button\" class=\"w-full bg-primary-container border-0 text-on-primary-container dark:text-white px-8 py-6 text-xl rounded-md\" aria-expanded=\"selected == 947504622592060622061 ? 'true' : 'false'\" selected :=\"\"><div class=\"flex items-center justify-between\"><span>Is er een speciale ontvangstruimte voor fietsers in het dorp Gassin?<\/span><span style=\"true ? '' : 'display:none'\"><i class=\"fa-solid fa-plus\" x-bind:style=\"selected == 947504622592060622061 ? 'display:none' : ''\"><\/i><i class=\"fa-solid fa-minus\" x-bind:style=\"selected != 947504622592060622061 ? 'display:none' : ''\"><\/i><\/span><\/div><\/button><div class=\"relative overflow-hidden transition-all max-h-0 duration-700\" x-ref=\"container947504622592060622061\" x-bind:style=\"selected == 947504622592060622061 ? 'max-height: ' + $refs.container947504622592060622061.scrollHeight + 'px' : ''\"><div class=\"px-8 py-6\"><\/div><\/div><\/li>\n\n\n\n<li class=\"wp-block-fmz-collapse !m-0 !p-0 relative\"><button type=\"button\" class=\"w-full bg-primary-container border-0 text-on-primary-container dark:text-white px-8 py-6 text-xl rounded-md\" aria-expanded=\"selected == 6333820874028547553773 ? 'true' : 'false'\" @click=\"selected !== 6333820874028547553773 ? selected = 6333820874028547553773 : selected = null\"><div class=\"flex items-center justify-between\"><span>O\u00f9 puis-je trouver du wifi gratuitement au village\u00a0?<\/span><span style=\"true ? '' : 'display:none'\"><i class=\"fa-solid fa-plus\" x-bind:style=\"selected == 6333820874028547553773 ? 'display:none' : ''\"><\/i><i class=\"fa-solid fa-minus\" x-bind:style=\"selected != 6333820874028547553773 ? 'display:none' : ''\"><\/i><\/span><\/div><\/button><div class=\"relative overflow-hidden transition-all max-h-0 duration-700\" x-ref=\"container6333820874028547553773\" x-bind:style=\"selected == 6333820874028547553773 ? 'max-height: ' + $refs.container6333820874028547553773.scrollHeight + 'px' : ''\"><div class=\"px-8 py-6\">\n<p class=\"wp-block-paragraph\">Er is gratis wifi beschikbaar bij het toeristenbureau.<\/p>\n<\/div><\/div><\/li>\n\n\n\n<li class=\"wp-block-fmz-collapse !m-0 !p-0 relative\"><button type=\"button\" class=\"w-full bg-primary-container border-0 text-on-primary-container dark:text-white px-8 py-6 text-xl rounded-md\" aria-expanded=\"selected == 2544103242579784037575 ? 'true' : 'false'\" @click=\"selected !== 2544103242579784037575 ? selected = 2544103242579784037575 : selected = null\"><div class=\"flex items-center justify-between\"><span>Quel est le bus qui monte au village\u00a0?<\/span><span style=\"true ? '' : 'display:none'\"><i class=\"fa-solid fa-plus\" x-bind:style=\"selected == 2544103242579784037575 ? 'display:none' : ''\"><\/i><i class=\"fa-solid fa-minus\" x-bind:style=\"selected != 2544103242579784037575 ? 'display:none' : ''\"><\/i><\/span><\/div><\/button><div class=\"relative overflow-hidden transition-all max-h-0 duration-700\" x-ref=\"container2544103242579784037575\" x-bind:style=\"selected == 2544103242579784037575 ? 'max-height: ' + $refs.container2544103242579784037575.scrollHeight + 'px' : ''\"><div class=\"px-8 py-6\">\n<p class=\"wp-block-paragraph\">De bus die naar het dorp Gassin gaat is bus 875 bij de halte Esp\u00e9lidou (van<sup>1<\/sup> mei tot 30\/09).<\/p>\n<\/div><\/div><\/li>\n\n\n\n<li class=\"wp-block-fmz-collapse !m-0 !p-0 relative\"><button type=\"button\" class=\"w-full bg-primary-container border-0 text-on-primary-container dark:text-white px-8 py-6 text-xl rounded-md\" aria-expanded=\"selected == 3328255466107574 ? 'true' : 'false'\" @click=\"selected !== 3328255466107574 ? selected = 3328255466107574 : selected = null\"><div class=\"flex items-center justify-between\"><span>Y a t-il des plages \u00e0 Gassin\u00a0?<\/span><span style=\"true ? '' : 'display:none'\"><i class=\"fa-solid fa-plus\" x-bind:style=\"selected == 3328255466107574 ? 'display:none' : ''\"><\/i><i class=\"fa-solid fa-minus\" x-bind:style=\"selected != 3328255466107574 ? 'display:none' : ''\"><\/i><\/span><\/div><\/button><div class=\"relative overflow-hidden transition-all max-h-0 duration-700\" x-ref=\"container3328255466107574\" x-bind:style=\"selected == 3328255466107574 ? 'max-height: ' + $refs.container3328255466107574.scrollHeight + 'px' : ''\"><div class=\"px-8 py-6\">\n<p class=\"wp-block-paragraph\">Er zijn drie stranden in Gassin: Plage de la Moune, Plage du Treizain en Plage de la Bouillabaisse.<\/p>\n<\/div><\/div><\/li>\n\n\n\n<li class=\"wp-block-fmz-collapse !m-0 !p-0 relative\"><button type=\"button\" class=\"w-full bg-primary-container border-0 text-on-primary-container dark:text-white px-8 py-6 text-xl rounded-md\" aria-expanded=\"selected == 712414470497146023 ? 'true' : 'false'\" @click=\"selected !== 712414470497146023 ? selected = 712414470497146023 : selected = null\"><div class=\"flex items-center justify-between\"><span>Y a-t-il un march\u00e9 \u00e0 Gassin ?<\/span><span style=\"true ? '' : 'display:none'\"><i class=\"fa-solid fa-plus\" x-bind:style=\"selected == 712414470497146023 ? 'display:none' : ''\"><\/i><i class=\"fa-solid fa-minus\" x-bind:style=\"selected != 712414470497146023 ? 'display:none' : ''\"><\/i><\/span><\/div><\/button><div class=\"relative overflow-hidden transition-all max-h-0 duration-700\" x-ref=\"container712414470497146023\" x-bind:style=\"selected == 712414470497146023 ? 'max-height: ' + $refs.container712414470497146023.scrollHeight + 'px' : ''\"><div class=\"px-8 py-6\">\n<p class=\"wp-block-paragraph\">Elke vrijdagavond in juli en augustus vanaf 18.30 uur organiseert Gassin een avondmarkt op het Place de\u00ef Barri. U vindt er plaatselijke ambachtslieden, kaarsen, leer, aardewerk, sieraden en eetkraampjes (ijs, snoep, churros). Om 21.00 uur is er een concert.<br\/>Als je op zoek bent naar een markt overdag, raden we je aan de markten in de naburige steden te bezoeken:  <\/p>\n\n\n\n<ul class=\"wp-block-list\">\n<li>de beroemde markt van Saint-Tropez op dinsdagochtend. Aarzel niet om een pendelbus te nemen om er te komen en het drukke wegverkeer te vermijden (vertrek vanuit Cogolin of Sainte-Maxime). <\/li>\n\n\n\n<li>de markt in Ramatuelle op donderdagochtend.<\/li>\n\n\n\n<li>de prachtige Proven\u00e7aalse markt in Croix-Valmer op zondagochtend.<\/li>\n<\/ul>\n<\/div><\/div><\/li>\n\n\n      <\/ul>\n    <\/div>","protected":false},"excerpt":{"rendered":"","protected":false},"author":7,"featured_media":0,"parent":0,"menu_order":212,"comment_status":"closed","ping_status":"closed","template":"","meta":{"_acf_changed":false,"_crdt_document":"","footnotes":""},"class_list":["post-7519","page","type-page","status-publish","hentry"],"acf":[],"_links":{"self":[{"href":"https:\/\/gassin.eu\/nl\/wp-json\/wp\/v2\/pages\/7519","targetHints":{"allow":["GET"]}}],"collection":[{"href":"https:\/\/gassin.eu\/nl\/wp-json\/wp\/v2\/pages"}],"about":[{"href":"https:\/\/gassin.eu\/nl\/wp-json\/wp\/v2\/types\/page"}],"author":[{"embeddable":true,"href":"https:\/\/gassin.eu\/nl\/wp-json\/wp\/v2\/users\/7"}],"replies":[{"embeddable":true,"href":"https:\/\/gassin.eu\/nl\/wp-json\/wp\/v2\/comments?post=7519"}],"version-history":[{"count":2,"href":"https:\/\/gassin.eu\/nl\/wp-json\/wp\/v2\/pages\/7519\/revisions"}],"predecessor-version":[{"id":7522,"href":"https:\/\/gassin.eu\/nl\/wp-json\/wp\/v2\/pages\/7519\/revisions\/7522"}],"wp:attachment":[{"href":"https:\/\/gassin.eu\/nl\/wp-json\/wp\/v2\/media?parent=7519"}],"curies":[{"name":"wp","href":"https:\/\/api.w.org\/{rel}","templated":true}]}}